{"id":3907,"date":"2022-12-19T18:16:59","date_gmt":"2022-12-19T21:16:59","guid":{"rendered":"https:\/\/sites.uel.br\/pdi\/?page_id=3907"},"modified":"2022-12-19T18:16:59","modified_gmt":"2022-12-19T21:16:59","slug":"cmlp-lamm","status":"publish","type":"page","link":"https:\/\/sites.uel.br\/pdi\/cmlp-lamm\/","title":{"rendered":"CMLP &#8211; LAMM"},"content":{"rendered":"\n<p class=\"has-white-color has-text-color\">.<\/p>\n\n\n\n<p>O LAMM realiza estudos com sequenciamento de DNA, express\u00e3o g\u00eanica, detec\u00e7\u00e3o de prote\u00ednas,\u00a0fotodocumenta\u00e7\u00e3o, criopreserva\u00e7\u00e3o, contagem celular e an\u00e1lise de RNA e DNA animal e vegetal.<\/p>\n\n\n\n<p class=\"has-text-color\" style=\"color:#fefefe\">.<\/p>\n\n\n\n<p>O LAMM atende \u00e0s seguintes Linhas de Pesquisa:<\/p>\n\n\n\n<p>Biotecnologia Microbiana.<\/p>\n\n\n\n<p>Melhoramento Vegetal e Biotecnologia Aplicada.<\/p>\n\n\n\n<p>Biologia e Fisiologia Microbiana.<\/p>\n\n\n\n<p>Gen\u00e9tica e Biologia Molecular de Microrganismos.<\/p>\n\n\n\n<p>Intera\u00e7\u00e3o Microrganismo-Hospedeiro.<\/p>\n\n\n\n<p>Gen\u00e9tica Toxicol\u00f3gica.<\/p>\n\n\n\n<p>Gen\u00e9tica Vegetal.<\/p>\n\n\n\n<p>Gen\u00e9tica de Microrganismos.<\/p>\n\n\n\n<p>Gen\u00e9tica\/Citogen\u00e9tica de Peixes.<\/p>\n\n\n\n<p class=\"has-white-color has-text-color\">.<\/p>\n\n\n\n<p>O LAMM atende aos seguintes Grupos de Pesquisa:<\/p>\n\n\n\n<p>Biologia Molecular de Fungos Filamentosos<\/p>\n\n\n\n<p>Biomol\u00e9culas de Interesse Biotecnol\u00f3gico<\/p>\n\n\n\n<p>Biotecnologia<\/p>\n\n\n\n<p>Ci\u00eancia e Tecnologia de Carnes e Derivados<\/p>\n\n\n\n<p>Estudo da Intera\u00e7\u00e3o V\u00edrus RNA e DNA\/Hospedeiro<\/p>\n\n\n\n<p>Gen\u00e9tica de Popula\u00e7\u00f5es<\/p>\n\n\n\n<p>Gen\u00e9tica Molecular e Citogen\u00e9tica de Plantas<\/p>\n\n\n\n<p>Gen\u00e9tica Toxicol\u00f3gica<\/p>\n\n\n\n<p>Imunopatologia<\/p>\n\n\n\n<p>Melhoramento de Plantas<\/p>\n\n\n\n<p>Micologia M\u00e9dica<\/p>\n\n\n\n<p>Mutag\u00eanese e\u00a0Antimutag\u00eanese\u00a0em Eucariotos<\/p>\n\n\n\n<p>Oncogen\u00e9tica<\/p>\n\n\n\n<p>Toxinas Microbianas<\/p>\n\n\n\n<p class=\"has-white-color has-text-color\">.<\/p>\n\n\n\n<p>O LAMM atende aos seguintes cursos de Mestrado:<\/p>\n\n\n\n<p>Gen\u00e9tica e Biologia Molecular<\/p>\n\n\n\n<p>Agronomia<\/p>\n\n\n\n<p>Patologia Experimental<\/p>\n\n\n\n<p>Ci\u00eancias Fisiol\u00f3gicas\u00a0Multicentro<\/p>\n\n\n\n<p>Educa\u00e7\u00e3o F\u00edsica<\/p>\n\n\n\n<p>Microbiologia<\/p>\n\n\n\n<p>An\u00e1lise do Comportamento<\/p>\n\n\n\n<p>Ci\u00eancia Animal<\/p>\n\n\n\n<p>Biotecnologia<\/p>\n\n\n\n<p class=\"has-white-color has-text-color\">.<\/p>\n\n\n\n<p>O LAMM atende aos seguintes cursos de Doutorado:<\/p>\n\n\n\n<p>Agronomia<\/p>\n\n\n\n<p>Ci\u00eancia Animal<\/p>\n\n\n\n<p>Ci\u00eancias Biol\u00f3gicas<\/p>\n\n\n\n<p>Gen\u00e9tica e Biologia Molecular<\/p>\n\n\n\n<p>Microbiologia<\/p>\n\n\n\n<p>Multic\u00eantrico Ci\u00eancias Fisiol\u00f3gicas<\/p>\n\n\n\n<p>Patologia Experimental<\/p>\n\n\n\n<p>Biotecnologia<\/p>\n\n\n\n<p class=\"has-white-color has-text-color\">.<\/p>\n\n\n\n<p>O LAMM disp\u00f5e dos seguintes equipamentos:<\/p>\n\n\n\n<p>GC-Cromat\u00f3grafo Gasoso\/ Marca-Agilent\/ Modelo- 7890\u00aa<\/p>\n\n\n\n<p>LC-Sistema de\u00a0Cromat\u00f3grafia\u00a0Liquida de alta efici\u00eancia(HPLC) com bomba de alta press\u00e3o\/modelo LC-20AD<\/p>\n\n\n\n<p>Detector Ultra Violeta\/modelo UFLCSPD-20A<\/p>\n\n\n\n<p>Amostrador autom\u00e1tico para GPC ou UFLC\/modelo SIL-20AHT<\/p>\n\n\n\n<p>QTOF:Sistema\u00a0Quadruplo e TOF(Time\u00a0of\u00a0Flight) para ultra alta resolu\u00e7\u00e3o e precis\u00e3o de massas\/marca-Bruker\u00a0Daltonice\/modelo-COMPACT<\/p>\n\n\n\n<p>GC-MS: Sistema de Cromatografia em fase Gasosa Acoplada e Espectrometria de Massas(GC\/MS)\/ marca SHIMADZU\/ modelo GCMS-QP2010SE.<\/p>\n\n\n\n<p>Microsc\u00f3pio Confocal Espectral\/Leica\u00a0TCS SP8LightCyclerNano\u00a0Real-Time PCR System \u2013 Roche<\/p>\n\n\n\n<p>Casy\u00a0cell\u00a0Counter\u00a0and\u00a0Analyser\u00a0Model TTC \u2013 Roche<\/p>\n\n\n\n<p>Sistema de\u00a0Fotodocumenta\u00e7\u00e3o\u00a0de g\u00e9is \u2013\u00a0Vilber\u00a0Loumat<\/p>\n\n\n\n<p>ULTRA FREEZER, VP Plus, 728 litros \u2013 Sanyo<\/p>\n\n\n\n<p>PCR-Real Time\u00a0Sistem\/Applied\u00a0Biosystems\/StepOnePlus<\/p>\n\n\n\n<p>BD\u00a0Accuri\/C6\u00a0Flow\u00a0Cytometer<\/p>\n\n\n\n<p>Analisador Autom\u00e1tico de DNA modelo Applied\u00a0Biosystems\u00a03730xL.<\/p>\n","protected":false},"excerpt":{"rendered":"<p>. O LAMM realiza estudos com sequenciamento de DNA, express\u00e3o g\u00eanica, detec\u00e7\u00e3o de prote\u00ednas,\u00a0fotodocumenta\u00e7\u00e3o, criopreserva\u00e7\u00e3o, contagem celular e an\u00e1lise de RNA e DNA animal e vegetal. . O LAMM atende \u00e0s seguintes Linhas de Pesquisa: Biotecnologia Microbiana. Melhoramento Vegetal e Biotecnologia Aplicada. Biologia e Fisiologia Microbiana. Gen\u00e9tica e Biologia Molecular de Microrganismos. Intera\u00e7\u00e3o Microrganismo-Hospedeiro. Gen\u00e9tica [&hellip;]<\/p>\n","protected":false},"author":8,"featured_media":0,"parent":0,"menu_order":0,"comment_status":"closed","ping_status":"closed","template":"","meta":{"footnotes":""},"class_list":["post-3907","page","type-page","status-publish","hentry"],"acf":[],"_links":{"self":[{"href":"https:\/\/sites.uel.br\/pdi\/wp-json\/wp\/v2\/pages\/3907","targetHints":{"allow":["GET"]}}],"collection":[{"href":"https:\/\/sites.uel.br\/pdi\/wp-json\/wp\/v2\/pages"}],"about":[{"href":"https:\/\/sites.uel.br\/pdi\/wp-json\/wp\/v2\/types\/page"}],"author":[{"embeddable":true,"href":"https:\/\/sites.uel.br\/pdi\/wp-json\/wp\/v2\/users\/8"}],"replies":[{"embeddable":true,"href":"https:\/\/sites.uel.br\/pdi\/wp-json\/wp\/v2\/comments?post=3907"}],"version-history":[{"count":1,"href":"https:\/\/sites.uel.br\/pdi\/wp-json\/wp\/v2\/pages\/3907\/revisions"}],"predecessor-version":[{"id":3909,"href":"https:\/\/sites.uel.br\/pdi\/wp-json\/wp\/v2\/pages\/3907\/revisions\/3909"}],"wp:attachment":[{"href":"https:\/\/sites.uel.br\/pdi\/wp-json\/wp\/v2\/media?parent=3907"}],"curies":[{"name":"wp","href":"https:\/\/api.w.org\/{rel}","templated":true}]}}