{"id":3905,"date":"2022-12-19T18:13:12","date_gmt":"2022-12-19T21:13:12","guid":{"rendered":"https:\/\/sites.uel.br\/pdi\/?page_id=3905"},"modified":"2022-12-19T18:19:08","modified_gmt":"2022-12-19T21:19:08","slug":"cmlp-introducao","status":"publish","type":"page","link":"https:\/\/sites.uel.br\/pdi\/cmlp-introducao\/","title":{"rendered":"CMLP &#8211; Introdu\u00e7\u00e3o"},"content":{"rendered":"\n<p class=\"has-white-color has-text-color\">.<\/p>\n\n\n\n<p>A Central Multiusu\u00e1ria de Laborat\u00f3rios de Pesquisa (CMLP) da Universidade Estadual de Londrina (UEL), criada nos termos do Ato Executivo 074\/2006 e previamente regulamentada pela Resolu\u00e7\u00e3o CA 088\/2009, infraestrutura vinculada \u00e0\u00a0Pr\u00f3-Reitoria\u00a0de Pesquisa e P\u00f3s-Gradua\u00e7\u00e3o (PROPPG), desta Universidade, \u00e9 definida como o conjunto de Laborat\u00f3rios de Pesquisa de car\u00e1ter multiusu\u00e1rio que abrigam equipamentos de m\u00e9dio e grande porte de uso compartilhado, direcionados ao fomento, desenvolvimento e inova\u00e7\u00e3o da pesquisa cient\u00edfica, tecnol\u00f3gica e de inova\u00e7\u00e3o.<\/p>\n\n\n\n<p class=\"has-white-color has-text-color\">.<\/p>\n\n\n\n<p>A CMLP tem por finalidades:<\/p>\n\n\n\n<p>Apoiar o desenvolvimento de atividades de pesquisa acad\u00eamica, de desenvolvimento tecnol\u00f3gico, inova\u00e7\u00e3o e presta\u00e7\u00e3o de servi\u00e7os, vinculadas \u00e0 UEL e institui\u00e7\u00f5es parceiras.<\/p>\n\n\n\n<p>Estimular o atendimento \u00e0 comunidade interna e externa, p\u00fablica e privada.<\/p>\n\n\n\n<p>Contribuir com o desenvolvimento tecnol\u00f3gico regional e nacional.<\/p>\n\n\n\n<p>Fornecer suporte t\u00e9cnico e assessoria aos usu\u00e1rios, beneficiando todas as \u00e1reas de conhecimento.<\/p>\n\n\n\n<p>Possibilitar a racionaliza\u00e7\u00e3o de recursos de manuten\u00e7\u00e3o e de pessoal t\u00e9cnico e administrativo no \u00e2mbito da UEL e institui\u00e7\u00f5es parceiras.<\/p>\n\n\n\n<p class=\"has-white-color has-text-color\">.<\/p>\n\n\n\n<p>Cada laborat\u00f3rio da CMLP poder\u00e1 sediar a oferta de disciplinas, no \u00e2mbito da sua especialidade, vinculadas aos Programas de P\u00f3s-Gradua\u00e7\u00e3o Stricto Sensu, desde que aprovadas em inst\u00e2ncias competentes. As atividades de presta\u00e7\u00e3o de servi\u00e7os a serem desenvolvidas pela CMLP e pelos Laborat\u00f3rios Associados dever\u00e3o atender \u00e0 Pol\u00edtica de Presta\u00e7\u00e3o de Servi\u00e7os da UEL e ter interesse acad\u00eamico e\/ou de desenvolvimento tecnol\u00f3gico e de inova\u00e7\u00e3o.<\/p>\n\n\n\n<p class=\"has-white-color has-text-color\">.<\/p>\n\n\n\n<p>A CMLP tem como objetivos:<\/p>\n\n\n\n<p>Servir como apoio \u00e0s atividades de pesquisa devidamente credenciadas na UEL ou vinculadas a ela, especialmente aquelas atividades ligadas a Programas de P\u00f3s-Gradua\u00e7\u00e3o Stricto Sensu e inicia\u00e7\u00e3o cient\u00edfica na gradua\u00e7\u00e3o.<\/p>\n\n\n\n<p>Possibilitar aos pesquisadores e aos Programas de P\u00f3s-Gradua\u00e7\u00e3o incrementar a produ\u00e7\u00e3o cient\u00edfica de alto n\u00edvel e a melhoria na qualidade das disserta\u00e7\u00f5es e teses e, consequentemente, das publica\u00e7\u00f5es cientificas geradas.<\/p>\n\n\n\n<p>Possibilitar aos pesquisadores, institui\u00e7\u00f5es e Programas de P\u00f3s-Gradua\u00e7\u00e3o desenvolver e incrementar o desenvolvimento de processos e produtos voltados \u00e0 inova\u00e7\u00e3o.<\/p>\n\n\n\n<p>Servir como apoio \u00e0s atividades de ensino e extens\u00e3o, por meio da oferta de cursos e visitas programadas para estudantes de gradua\u00e7\u00e3o e p\u00f3s-gradua\u00e7\u00e3o, bem como de t\u00e9cnicos, professores ou pesquisadores de outras institui\u00e7\u00f5es nacionais e internacionais de ensino, pesquisa, desenvolvimento tecnol\u00f3gico e inova\u00e7\u00e3o.<\/p>\n\n\n\n<p>Possibilitar a intera\u00e7\u00e3o com outras institui\u00e7\u00f5es de ensino superior, institui\u00e7\u00f5es de pesquisa e tamb\u00e9m com o setor empresarial, nos \u00e2mbitos p\u00fablico e privado, aumentando a visibilidade da UEL e de seus pesquisadores e parceiros.<\/p>\n\n\n\n<p>Viabilizar a capta\u00e7\u00e3o de recursos com a presta\u00e7\u00e3o de servi\u00e7os e conv\u00eanios\/parcerias com o setor produtivo.Criar e manter interc\u00e2mbios com institui\u00e7\u00f5es de ensino e de pesquisa&nbsp;p\u00fablicas e privadas.<\/p>\n\n\n\n<p>Auxiliar na forma\u00e7\u00e3o e capacita\u00e7\u00e3o de recursos humanos.<\/p>\n\n\n\n<p>Participar de a\u00e7\u00f5es que visem a integra\u00e7\u00e3o com sistemas regionais, nacionais e internacionais de ci\u00eancia, tecnologia e inova\u00e7\u00e3o.<\/p>\n\n\n\n<p class=\"has-white-color has-text-color\">.<\/p>\n\n\n\n<p>A operacionaliza\u00e7\u00e3o da CMLP ocorrer\u00e1 por meio do compromisso institucional e dos pr\u00f3prios Laborat\u00f3rios Multiusu\u00e1rios na realiza\u00e7\u00e3o de estrat\u00e9gias que visem a manuten\u00e7\u00e3o, atualiza\u00e7\u00e3o e aumento da capacidade operacional dos equipamentos existentes, a amplia\u00e7\u00e3o da infraestrutura com aquisi\u00e7\u00e3o de novos equipamentos e a amplia\u00e7\u00e3o dos servi\u00e7os por meio de conv\u00eanios\/parcerias com empresas, outras institui\u00e7\u00f5es, pesquisadores, grupos e centros de pesquisa.<\/p>\n\n\n\n<p>Equipamentos multiusu\u00e1rios ser\u00e3o aqueles caracterizados por uso compartilhado e adquiridos por propostas espec\u00edficas de infraestrutura de fomento \u00e0 pesquisa da UEL e institui\u00e7\u00f5es parceiras, cabendo \u00e0 PROPPG, ouvido o Conselho Deliberativo da CMLP, a sua aloca\u00e7\u00e3o nos Laborat\u00f3rios Multiusu\u00e1rios da UEL. Por solicita\u00e7\u00e3o formal dos respons\u00e1veis, ap\u00f3s avalia\u00e7\u00e3o e concord\u00e2ncia formal do Conselho Deliberativo da CMLP, poder\u00e3o ser inclu\u00eddos no rol de equipamentos multiusu\u00e1rios equipamentos de m\u00e9dio e de grande porte de uso compartilhado j\u00e1 existentes em outros laborat\u00f3rios da institui\u00e7\u00e3o e em institui\u00e7\u00f5es parceiras.<\/p>\n\n\n\n<p>Laborat\u00f3rios de Pesquisa Associado \u00e9 aquele localizado em Centro de Estudos, com atividades vinculadas \u00e0 P\u00f3s-Gradua\u00e7\u00e3o Stricto Sensu, que participa de forma sist\u00eamica e contributiva paras atividades de pesquisa da CMLP. Laborat\u00f3rios de Pesquisa Associados que contenham equipamentos aprovados e financiados por ag\u00eancias de fomento, poder\u00e3o ser incorporados por Ato Executivo do Reitor aos laborat\u00f3rios da CMLP, mediante pr\u00e9via aprova\u00e7\u00e3o de proposta pelo Conselho Deliberativo da CMLP. Poder\u00e3o ser vinculados \u00e0 CMLP tantos laborat\u00f3rios de Pesquisa Associados quantos forem de interesse da institui\u00e7\u00e3o, com organiza\u00e7\u00e3o e funcionamento regulamentados em regulamentos pr\u00f3prios.<\/p>\n\n\n\n<p class=\"has-white-color has-text-color\">.<\/p>\n\n\n\n<p>A CMLP \u00e9 composta pelos seguintes laborat\u00f3rios:<\/p>\n\n\n\n<p>Laborat\u00f3rio de An\u00e1lise de Materiais e Mol\u00e9culas (LAMM)<\/p>\n\n\n\n<p>Laborat\u00f3rio de An\u00e1lises por Raio&nbsp;X&nbsp;(LARX)<\/p>\n\n\n\n<p>Laborat\u00f3rio de Apoio \u00e0 Pesquisa Agropecu\u00e1ria (LAPA)<\/p>\n\n\n\n<p>Laborat\u00f3rio de Espectroscopia (ESPEC)<\/p>\n\n\n\n<p>Laborat\u00f3rio de Microscopia Eletr\u00f4nica e Microan\u00e1lise (LMEM)<\/p>\n\n\n\n<p>Laborat\u00f3rio Escola de P\u00f3s-Gradua\u00e7\u00e3o (LABESC)<\/p>\n\n\n\n<p>Laborat\u00f3rio de Pesquisa em Ci\u00eancias Humanas (LAPECH)<\/p>\n","protected":false},"excerpt":{"rendered":"<p>. A Central Multiusu\u00e1ria de Laborat\u00f3rios de Pesquisa (CMLP) da Universidade Estadual de Londrina (UEL), criada nos termos do Ato Executivo 074\/2006 e previamente regulamentada pela Resolu\u00e7\u00e3o CA 088\/2009, infraestrutura vinculada \u00e0\u00a0Pr\u00f3-Reitoria\u00a0de Pesquisa e P\u00f3s-Gradua\u00e7\u00e3o (PROPPG), desta Universidade, \u00e9 definida como o conjunto de Laborat\u00f3rios de Pesquisa de car\u00e1ter multiusu\u00e1rio que abrigam equipamentos de m\u00e9dio [&hellip;]<\/p>\n","protected":false},"author":8,"featured_media":0,"parent":0,"menu_order":0,"comment_status":"closed","ping_status":"closed","template":"","meta":{"footnotes":""},"class_list":["post-3905","page","type-page","status-publish","hentry"],"acf":[],"_links":{"self":[{"href":"https:\/\/sites.uel.br\/pdi\/wp-json\/wp\/v2\/pages\/3905","targetHints":{"allow":["GET"]}}],"collection":[{"href":"https:\/\/sites.uel.br\/pdi\/wp-json\/wp\/v2\/pages"}],"about":[{"href":"https:\/\/sites.uel.br\/pdi\/wp-json\/wp\/v2\/types\/page"}],"author":[{"embeddable":true,"href":"https:\/\/sites.uel.br\/pdi\/wp-json\/wp\/v2\/users\/8"}],"replies":[{"embeddable":true,"href":"https:\/\/sites.uel.br\/pdi\/wp-json\/wp\/v2\/comments?post=3905"}],"version-history":[{"count":3,"href":"https:\/\/sites.uel.br\/pdi\/wp-json\/wp\/v2\/pages\/3905\/revisions"}],"predecessor-version":[{"id":3912,"href":"https:\/\/sites.uel.br\/pdi\/wp-json\/wp\/v2\/pages\/3905\/revisions\/3912"}],"wp:attachment":[{"href":"https:\/\/sites.uel.br\/pdi\/wp-json\/wp\/v2\/media?parent=3905"}],"curies":[{"name":"wp","href":"https:\/\/api.w.org\/{rel}","templated":true}]}}