{"id":3760,"date":"2022-12-06T21:46:18","date_gmt":"2022-12-07T00:46:18","guid":{"rendered":"https:\/\/sites.uel.br\/pdi\/?page_id=3760"},"modified":"2022-12-06T21:46:18","modified_gmt":"2022-12-07T00:46:18","slug":"estimulo-a-permanencia","status":"publish","type":"page","link":"https:\/\/sites.uel.br\/pdi\/estimulo-a-permanencia\/","title":{"rendered":"Est\u00edmulo \u00e0 Perman\u00eancia"},"content":{"rendered":"\n<p class=\"has-white-color has-text-color\">.<\/p>\n\n\n\n<div class=\"wp-block-columns is-not-stacked-on-mobile is-layout-flex wp-container-core-columns-is-layout-9d6595d7 wp-block-columns-is-layout-flex\">\n<div class=\"wp-block-column is-layout-flow wp-block-column-is-layout-flow\">\n<figure class=\"wp-block-gallery has-nested-images columns-default is-cropped wp-block-gallery-1 is-layout-flex wp-block-gallery-is-layout-flex\">\n<figure class=\"wp-block-image size-large\"><a href=\"https:\/\/sites.uel.br\/pdi\/servico-de-bem-estar-a-comunidade-sebec\/\"><img loading=\"lazy\" decoding=\"async\" width=\"1024\" height=\"572\" data-id=\"2931\" src=\"https:\/\/sites.uel.br\/pdi\/wp-content\/uploads\/2022\/11\/RS01-1024x572.png\" alt=\"\" class=\"wp-image-2931\" srcset=\"https:\/\/sites.uel.br\/pdi\/wp-content\/uploads\/2022\/11\/RS01-1024x572.png 1024w, https:\/\/sites.uel.br\/pdi\/wp-content\/uploads\/2022\/11\/RS01-300x168.png 300w, https:\/\/sites.uel.br\/pdi\/wp-content\/uploads\/2022\/11\/RS01-768x429.png 768w, https:\/\/sites.uel.br\/pdi\/wp-content\/uploads\/2022\/11\/RS01-1536x858.png 1536w, https:\/\/sites.uel.br\/pdi\/wp-content\/uploads\/2022\/11\/RS01.png 1987w\" sizes=\"auto, (max-width: 1024px) 100vw, 1024px\" \/><\/a><\/figure>\n<\/figure>\n<\/div>\n\n\n\n<div class=\"wp-block-column is-layout-flow wp-block-column-is-layout-flow\">\n<figure class=\"wp-block-gallery has-nested-images columns-default is-cropped wp-block-gallery-2 is-layout-flex wp-block-gallery-is-layout-flex\">\n<figure class=\"wp-block-image size-large\"><a href=\"https:\/\/sites.uel.br\/pdi\/acoes-afirmativas\/\"><img loading=\"lazy\" decoding=\"async\" width=\"1024\" height=\"572\" data-id=\"2934\" src=\"https:\/\/sites.uel.br\/pdi\/wp-content\/uploads\/2022\/11\/RS04-1024x572.png\" alt=\"\" class=\"wp-image-2934\" srcset=\"https:\/\/sites.uel.br\/pdi\/wp-content\/uploads\/2022\/11\/RS04-1024x572.png 1024w, https:\/\/sites.uel.br\/pdi\/wp-content\/uploads\/2022\/11\/RS04-300x168.png 300w, https:\/\/sites.uel.br\/pdi\/wp-content\/uploads\/2022\/11\/RS04-768x429.png 768w, https:\/\/sites.uel.br\/pdi\/wp-content\/uploads\/2022\/11\/RS04-1536x858.png 1536w, https:\/\/sites.uel.br\/pdi\/wp-content\/uploads\/2022\/11\/RS04.png 1987w\" sizes=\"auto, (max-width: 1024px) 100vw, 1024px\" \/><\/a><\/figure>\n<\/figure>\n<\/div>\n\n\n\n<div class=\"wp-block-column is-layout-flow wp-block-column-is-layout-flow\">\n<figure class=\"wp-block-gallery has-nested-images columns-default is-cropped wp-block-gallery-3 is-layout-flex wp-block-gallery-is-layout-flex\">\n<figure class=\"wp-block-image size-large\"><a href=\"https:\/\/sites.uel.br\/pdi\/divisao-de-assistencia-a-saude-da-comunidade-dasc\/\"><img loading=\"lazy\" decoding=\"async\" width=\"1024\" height=\"572\" data-id=\"2933\" src=\"https:\/\/sites.uel.br\/pdi\/wp-content\/uploads\/2022\/11\/RS03-1024x572.png\" alt=\"\" class=\"wp-image-2933\" srcset=\"https:\/\/sites.uel.br\/pdi\/wp-content\/uploads\/2022\/11\/RS03-1024x572.png 1024w, https:\/\/sites.uel.br\/pdi\/wp-content\/uploads\/2022\/11\/RS03-300x168.png 300w, https:\/\/sites.uel.br\/pdi\/wp-content\/uploads\/2022\/11\/RS03-768x429.png 768w, https:\/\/sites.uel.br\/pdi\/wp-content\/uploads\/2022\/11\/RS03-1536x858.png 1536w, https:\/\/sites.uel.br\/pdi\/wp-content\/uploads\/2022\/11\/RS03.png 1987w\" sizes=\"auto, (max-width: 1024px) 100vw, 1024px\" \/><\/a><\/figure>\n<\/figure>\n<\/div>\n<\/div>\n","protected":false},"excerpt":{"rendered":"<p>.<\/p>\n","protected":false},"author":8,"featured_media":0,"parent":0,"menu_order":0,"comment_status":"closed","ping_status":"closed","template":"","meta":{"footnotes":""},"class_list":["post-3760","page","type-page","status-publish","hentry"],"acf":[],"_links":{"self":[{"href":"https:\/\/sites.uel.br\/pdi\/wp-json\/wp\/v2\/pages\/3760","targetHints":{"allow":["GET"]}}],"collection":[{"href":"https:\/\/sites.uel.br\/pdi\/wp-json\/wp\/v2\/pages"}],"about":[{"href":"https:\/\/sites.uel.br\/pdi\/wp-json\/wp\/v2\/types\/page"}],"author":[{"embeddable":true,"href":"https:\/\/sites.uel.br\/pdi\/wp-json\/wp\/v2\/users\/8"}],"replies":[{"embeddable":true,"href":"https:\/\/sites.uel.br\/pdi\/wp-json\/wp\/v2\/comments?post=3760"}],"version-history":[{"count":1,"href":"https:\/\/sites.uel.br\/pdi\/wp-json\/wp\/v2\/pages\/3760\/revisions"}],"predecessor-version":[{"id":3761,"href":"https:\/\/sites.uel.br\/pdi\/wp-json\/wp\/v2\/pages\/3760\/revisions\/3761"}],"wp:attachment":[{"href":"https:\/\/sites.uel.br\/pdi\/wp-json\/wp\/v2\/media?parent=3760"}],"curies":[{"name":"wp","href":"https:\/\/api.w.org\/{rel}","templated":true}]}}