{"id":3752,"date":"2022-12-06T21:26:23","date_gmt":"2022-12-07T00:26:23","guid":{"rendered":"https:\/\/sites.uel.br\/pdi\/?page_id=3752"},"modified":"2022-12-06T21:26:23","modified_gmt":"2022-12-07T00:26:23","slug":"organizacoes-estudantis","status":"publish","type":"page","link":"https:\/\/sites.uel.br\/pdi\/organizacoes-estudantis\/","title":{"rendered":"Organiza\u00e7\u00f5es Estudantis"},"content":{"rendered":"\n<p class=\"has-text-color\" style=\"color:#fefefe\">.<\/p>\n\n\n\n<p>Diret\u00f3rio Central dos Estudantes<\/p>\n\n\n\n<p>Artus Empresa J\u00fanior de Fisioterapia<\/p>\n\n\n\n<p>Associa\u00e7\u00e3o Atl\u00e9tica Acad\u00eamica de Zootecnia<\/p>\n\n\n\n<p>Associa\u00e7\u00e3o Atl\u00e9tica Acad\u00eamica Sete de Mar\u00e7o<\/p>\n\n\n\n<p>Associa\u00e7\u00e3o Atl\u00e9tica Acad\u00eamica XXI de Agosto<\/p>\n\n\n\n<p>Associa\u00e7\u00e3o Sedentl\u00e9tica de Comunica\u00e7\u00e3o Waldyr Gutierry Fortes (ASCOF)<\/p>\n\n\n\n<p>Atl\u00e9tica de Psicologia<\/p>\n\n\n\n<p>BIOMA Consultoria Ambiental<\/p>\n\n\n\n<p>Business Junior Assessoria e Consultoria Empresarial<\/p>\n\n\n\n<p>CASS UEL &#8211; Centro Acad\u00eamico de Servi\u00e7o Social<\/p>\n\n\n\n<p>CATECz &#8211; Consultoria e Assist\u00eancia Zoot\u00e9cnica<\/p>\n\n\n\n<p>CAZOO &#8211; Centro Acad\u00eamico do Curso de Zootecnia<\/p>\n\n\n\n<p>Centro Acad\u00eamico Ana Nery (Enfermagem)<\/p>\n\n\n\n<p>Centro Acad\u00eamico de Administra\u00e7\u00e3o (CAAD)<\/p>\n\n\n\n<p>Centro Acad\u00eamico de Agronomia &#8211; UEL<\/p>\n\n\n\n<p>Centro Acad\u00eamico de Biologia UEL<\/p>\n\n\n\n<p>Centro Acad\u00eamico de Ci\u00eancias Sociais<\/p>\n\n\n\n<p>Centro Acad\u00eamico de Comunica\u00e7\u00e3o<\/p>\n\n\n\n<p>Centro Acad\u00eamico de Engenharia El\u00e9trica (CAEL)<\/p>\n\n\n\n<p>Centro Acad\u00eamico de Fisioterapia<\/p>\n\n\n\n<p>Centro Acad\u00eamico de Matem\u00e1tica UEL (CAMAT-UEL)<\/p>\n\n\n\n<p>Centro Acad\u00eamico de Medicina Veterin\u00e1ria &#8211; UEL<\/p>\n\n\n\n<p>Centro Acad\u00eamico de M\u00fasica &#8211; UEL<\/p>\n\n\n\n<p>Centro Acad\u00eamico de Psicologia<\/p>\n\n\n\n<p>Centro Acad\u00eamico do Curso de Arquitetura e Urbanismo (CACAU)<\/p>\n\n\n\n<p>Centro Acad\u00eamico Firmina Santana<\/p>\n\n\n\n<p>Centro Acad\u00eamico Jo\u00e3o Vitor Busquim Braga<\/p>\n\n\n\n<p>Centro Acad\u00eamico Saburo Morimoto (CASM)<\/p>\n\n\n\n<p>Centro Acad\u00eamico Samuel Barnsley Pessoa (Medicina)<\/p>\n\n\n\n<p>Centro Acad\u00eamico Sete de Mar\u00e7o<\/p>\n\n\n\n<p>Centro Acad\u00eamico XXI de Abril<\/p>\n\n\n\n<p>Coletivo Esperan\u00e7a Garcia<\/p>\n\n\n\n<p>Coletivo Mietta Santiago<\/p>\n\n\n\n<p>Conect<\/p>\n\n\n\n<p>CONSOAGRO &#8211; Consultoria e Solu\u00e7\u00f5es em Agronomia Jr.<\/p>\n\n\n\n<p>Diret\u00f3rio Acad\u00eamico da Ci\u00eancia da Informa\u00e7\u00e3o<\/p>\n\n\n\n<p>Diret\u00f3rio Acad\u00eamico de Design<\/p>\n\n\n\n<p>Elementos Empresa J\u00fanior<\/p>\n\n\n\n<p>Empresa J\u00fanio MONSEC<\/p>\n\n\n\n<p>Empresa J\u00fanior de Engenharia Civil e Arquitetura (TCP)<\/p>\n\n\n\n<p>Empresa J\u00fanior de Engenharia El\u00e9trica (3E UEL)<\/p>\n\n\n\n<p>Empresa Junior de Psicologia<\/p>\n\n\n\n<p>Empresa Junior MOTUS<\/p>\n\n\n\n<p>Grupo Pulmonare.<\/p>\n\n\n\n<p>LACard (Liga Acad\u00eamica de Cardiologia)<\/p>\n\n\n\n<p>LACC (Liga Acad\u00eamica de Cl\u00ednica Cir\u00fargica)<\/p>\n\n\n\n<p>LACM (Liga Acad\u00eamica de Cl\u00ednica M\u00e9dica);<\/p>\n\n\n\n<p>LAI (Liga Acad\u00eamica de Infectologia)<\/p>\n\n\n\n<p>LANE (Liga Acad\u00eamica de Neurologia UEL)<\/p>\n\n\n\n<p>LAOnc (Liga Acad\u00eamica de Oncologia)<\/p>\n\n\n\n<p>LAPED (Liga Acad\u00eamica de Pediatria)<\/p>\n\n\n\n<p>LASPN (Liga Acad\u00eamica de Sa\u00fade das Popula\u00e7\u00f5es Negligenciadas)<\/p>\n\n\n\n<p>LAT (Liga Acad\u00eamica do trauma)<\/p>\n\n\n\n<p>LEX<\/p>\n\n\n\n<p>Liga Acad\u00eamica de Enfermagem em Cuidados Intensivos (LAECI)&nbsp;<\/p>\n\n\n\n<p>Liga Acad\u00eamica de Enfermagem Perioperat\u00f3ria (LAEP)<\/p>\n\n\n\n<p>Liga Acad\u00eamica de Fisioterapia Esportiva<\/p>\n\n\n\n<p>Liga Acad\u00eamica de Infectologia (LAI)<\/p>\n\n\n\n<p>Liga Acad\u00eamica de Qu\u00edmica Farmac\u00eautica Medicinal na UEL<\/p>\n\n\n\n<p>Liga Acad\u00eamica de Sa\u00fade da Fam\u00edlia e Comunidade (LASF)&nbsp;<\/p>\n\n\n\n<p>Liga Acad\u00eamica de Sa\u00fade da Mulher (LASM)<\/p>\n\n\n\n<p>Liga Acad\u00eamica de Sa\u00fade Mental (LASMEN)<\/p>\n\n\n\n<p>Liga Acad\u00eamica de Seguran\u00e7a da Assist\u00eancia ao Paciente (LASAP)&nbsp;<\/p>\n\n\n\n<p>Liga Acad\u00eamica de Seguran\u00e7a de Enfermagem Forense (LAENFOR)<\/p>\n\n\n\n<p>Liga Acad\u00eamica Interprofissional de Neonatologia e Sa\u00fade da Crian\u00e7a (LAINSC)<\/p>\n\n\n\n<p>Liga Acad\u00eamica Multiprofissional de Cuidados Paliativos (LAMCP)<\/p>\n\n\n\n<p>Liga de Marketing Digital<\/p>\n\n\n\n<p>Liga Financeira da UEL<\/p>\n\n\n\n<p>LIMIAR &#8211; Empresa J\u00fanior de Ci\u00eancias Sociais<\/p>\n\n\n\n<p>N\u00facleo de Agroecologia da UEL<\/p>\n\n\n\n<p>Programa de Educa\u00e7\u00e3o Tutorial de Educa\u00e7\u00e3o F\u00edsica<\/p>\n\n\n\n<p>Ramo Estudantil IEEE-UEL<\/p>\n\n\n\n<p>Tatukada<\/p>\n\n\n\n<p>Unidos do Div\u00e3<\/p>\n","protected":false},"excerpt":{"rendered":"<p>. Diret\u00f3rio Central dos Estudantes Artus Empresa J\u00fanior de Fisioterapia Associa\u00e7\u00e3o Atl\u00e9tica Acad\u00eamica de Zootecnia Associa\u00e7\u00e3o Atl\u00e9tica Acad\u00eamica Sete de Mar\u00e7o Associa\u00e7\u00e3o Atl\u00e9tica Acad\u00eamica XXI de Agosto Associa\u00e7\u00e3o Sedentl\u00e9tica de Comunica\u00e7\u00e3o Waldyr Gutierry Fortes (ASCOF) Atl\u00e9tica de Psicologia BIOMA Consultoria Ambiental Business Junior Assessoria e Consultoria Empresarial CASS UEL &#8211; Centro Acad\u00eamico de Servi\u00e7o Social [&hellip;]<\/p>\n","protected":false},"author":8,"featured_media":0,"parent":0,"menu_order":0,"comment_status":"closed","ping_status":"closed","template":"","meta":{"footnotes":""},"class_list":["post-3752","page","type-page","status-publish","hentry"],"acf":[],"_links":{"self":[{"href":"https:\/\/sites.uel.br\/pdi\/wp-json\/wp\/v2\/pages\/3752","targetHints":{"allow":["GET"]}}],"collection":[{"href":"https:\/\/sites.uel.br\/pdi\/wp-json\/wp\/v2\/pages"}],"about":[{"href":"https:\/\/sites.uel.br\/pdi\/wp-json\/wp\/v2\/types\/page"}],"author":[{"embeddable":true,"href":"https:\/\/sites.uel.br\/pdi\/wp-json\/wp\/v2\/users\/8"}],"replies":[{"embeddable":true,"href":"https:\/\/sites.uel.br\/pdi\/wp-json\/wp\/v2\/comments?post=3752"}],"version-history":[{"count":1,"href":"https:\/\/sites.uel.br\/pdi\/wp-json\/wp\/v2\/pages\/3752\/revisions"}],"predecessor-version":[{"id":3753,"href":"https:\/\/sites.uel.br\/pdi\/wp-json\/wp\/v2\/pages\/3752\/revisions\/3753"}],"wp:attachment":[{"href":"https:\/\/sites.uel.br\/pdi\/wp-json\/wp\/v2\/media?parent=3752"}],"curies":[{"name":"wp","href":"https:\/\/api.w.org\/{rel}","templated":true}]}}