{"id":3718,"date":"2022-12-06T18:06:22","date_gmt":"2022-12-06T21:06:22","guid":{"rendered":"https:\/\/sites.uel.br\/pdi\/?page_id=3718"},"modified":"2022-12-06T18:06:22","modified_gmt":"2022-12-06T21:06:22","slug":"perfil-do-egresso-medicina-veterinaria-bacharelado","status":"publish","type":"page","link":"https:\/\/sites.uel.br\/pdi\/perfil-do-egresso-medicina-veterinaria-bacharelado\/","title":{"rendered":"Perfil do Egresso &#8211; MEDICINA VETERIN\u00c1RIA (Bacharelado)"},"content":{"rendered":"\n<p class=\"has-white-color has-text-color\">.<\/p>\n\n\n\n<p>CEPE, Resolu\u00e7\u00e3o n\u00ba 43\/2005. Reformula o Projeto Pol\u00edtico-Pedag\u00f3gico do Curso de Medicina Veterin\u00e1ria, a ser implantado a partir do ano letivo de 2005.&nbsp;<\/p>\n\n\n\n<p>Dispon\u00edvel em:&nbsp;<a href=\"http:\/\/www.uel.br\/prograd\/pp\/documentos\/medicina_veterinaria.pdf\">http:\/\/www.uel.br\/prograd\/pp\/documentos\/medicina_veterinaria.pdf<\/a>.<\/p>\n\n\n\n<p>Acesso em: 18 outubro 2022;<\/p>\n\n\n\n<p>PERFIL DO CONCLUINTE<\/p>\n\n\n\n<p>O M\u00e9dico Veterin\u00e1rio \u00e9 um profissional com forma\u00e7\u00e3o generalista, humanista, cr\u00edtica e reflexiva, apto a compreender e traduzir as necessidades de indiv\u00edduos, grupos sociais e comunidades em rela\u00e7\u00e3o \u00e0s atividades inerentes ao exerc\u00edcio profissional. Os campos espec\u00edficos de atua\u00e7\u00e3o s\u00e3o a sa\u00fade animal e cl\u00ednica veterin\u00e1ria; saneamento ambiental e medicina veterin\u00e1ria preventiva; sa\u00fade p\u00fablica, inspe\u00e7\u00e3o e tecnologia de produtos de origem animal; zootecnia, produ\u00e7\u00e3o e reprodu\u00e7\u00e3o animal; ecologia e prote\u00e7\u00e3o ao meio ambiente. O profissional deve ter conhecimento dos fatos sociais, culturais e pol\u00edticos da economia e da administra\u00e7\u00e3o agropecu\u00e1ria e agroindustrial. O profissional deve ter capacidade de racioc\u00ednio l\u00f3gico, de observa\u00e7\u00e3o, de interpreta\u00e7\u00e3o e de an\u00e1lise de dados e informa\u00e7\u00f5es, bem como dos conhecimentos essenciais de Medicina Veterin\u00e1ria para identifica\u00e7\u00e3o e resolu\u00e7\u00e3o de problemas.\u2003<\/p>\n","protected":false},"excerpt":{"rendered":"<p>. CEPE, Resolu\u00e7\u00e3o n\u00ba 43\/2005. Reformula o Projeto Pol\u00edtico-Pedag\u00f3gico do Curso de Medicina Veterin\u00e1ria, a ser implantado a partir do ano letivo de 2005.&nbsp; Dispon\u00edvel em:&nbsp;http:\/\/www.uel.br\/prograd\/pp\/documentos\/medicina_veterinaria.pdf. Acesso em: 18 outubro 2022; PERFIL DO CONCLUINTE O M\u00e9dico Veterin\u00e1rio \u00e9 um profissional com forma\u00e7\u00e3o generalista, humanista, cr\u00edtica e reflexiva, apto a compreender e traduzir as necessidades de [&hellip;]<\/p>\n","protected":false},"author":8,"featured_media":0,"parent":0,"menu_order":0,"comment_status":"closed","ping_status":"closed","template":"","meta":{"footnotes":""},"class_list":["post-3718","page","type-page","status-publish","hentry"],"acf":[],"_links":{"self":[{"href":"https:\/\/sites.uel.br\/pdi\/wp-json\/wp\/v2\/pages\/3718","targetHints":{"allow":["GET"]}}],"collection":[{"href":"https:\/\/sites.uel.br\/pdi\/wp-json\/wp\/v2\/pages"}],"about":[{"href":"https:\/\/sites.uel.br\/pdi\/wp-json\/wp\/v2\/types\/page"}],"author":[{"embeddable":true,"href":"https:\/\/sites.uel.br\/pdi\/wp-json\/wp\/v2\/users\/8"}],"replies":[{"embeddable":true,"href":"https:\/\/sites.uel.br\/pdi\/wp-json\/wp\/v2\/comments?post=3718"}],"version-history":[{"count":1,"href":"https:\/\/sites.uel.br\/pdi\/wp-json\/wp\/v2\/pages\/3718\/revisions"}],"predecessor-version":[{"id":3719,"href":"https:\/\/sites.uel.br\/pdi\/wp-json\/wp\/v2\/pages\/3718\/revisions\/3719"}],"wp:attachment":[{"href":"https:\/\/sites.uel.br\/pdi\/wp-json\/wp\/v2\/media?parent=3718"}],"curies":[{"name":"wp","href":"https:\/\/api.w.org\/{rel}","templated":true}]}}