{"id":370,"date":"2022-09-07T18:09:11","date_gmt":"2022-09-07T21:09:11","guid":{"rendered":"https:\/\/sites.uel.br\/pdi\/?page_id=370"},"modified":"2022-09-07T18:09:34","modified_gmt":"2022-09-07T21:09:34","slug":"areas-de-atuacao-academica","status":"publish","type":"page","link":"https:\/\/sites.uel.br\/pdi\/areas-de-atuacao-academica\/","title":{"rendered":"\u00c1reas de Atua\u00e7\u00e3o Acad\u00eamica"},"content":{"rendered":"\n<p class=\"has-white-color has-text-color\">&#8211;<\/p>\n\n\n\n<p>Considerando os Centros de Estudos e o Hospital Universit\u00e1rio da Universidade Estadual de Londrina, s\u00e3o ofertados cursos nas seguintes \u00e1reas: Ci\u00eancias Agr\u00e1rias; Ci\u00eancias Biol\u00f3gicas; Ci\u00eancias Exatas; Ci\u00eancias da Sa\u00fade; Educa\u00e7\u00e3o, Comunica\u00e7\u00e3o e Artes; Educa\u00e7\u00e3o F\u00edsica e Esportes; Estudos Sociais Aplicados; Letras e Ci\u00eancias Humanas; e, Tecnologia e Urbanismo. Nos n\u00edveis forma\u00e7\u00e3o de Gradua\u00e7\u00e3o, Especializa\u00e7\u00e3o, Resid\u00eancia, Mestrado Acad\u00eamico, Mestrado Profissional e Doutorado, a UEL oferece, ao todo, 209 cursos para a comunidade, sendo que:<\/p>\n\n\n\n<p class=\"has-text-color\" style=\"color:#fefefe\">&#8211;<\/p>\n\n\n\n<ul class=\"wp-block-list\"><li>53 s\u00e3o cursos de <a href=\"https:\/\/sites.uel.br\/pdi\/graduacao\/\" target=\"_blank\" rel=\"noreferrer noopener\">Gradua\u00e7\u00e3o<\/a>, dos quais 1 \u00e9 ofertado na modalidade de Ensino \u00e0 Dist\u00e2ncia;<\/li><li>67 s\u00e3o cursos de <a href=\"https:\/\/sites.uel.br\/pdi\/especializacao\/\" target=\"_blank\" rel=\"noreferrer noopener\">Especializa\u00e7\u00e3o<\/a>, das quais 8 s\u00e3o ofertados na modalidade de Ensino \u00e0 Dist\u00e2ncia.<\/li><li>8 s\u00e3o <a href=\"https:\/\/sites.uel.br\/pdi\/residencia\/\" target=\"_blank\" rel=\"noreferrer noopener\">Resid\u00eancias<\/a>;<\/li><li>41 s\u00e3o <a href=\"https:\/\/sites.uel.br\/pdi\/mestrado-academico\/\" target=\"_blank\" rel=\"noreferrer noopener\">Mestrados Acad\u00eamicos<\/a>;<\/li><li>7 s\u00e3o <a href=\"https:\/\/sites.uel.br\/pdi\/mestrado-profissional\/\" target=\"_blank\" rel=\"noreferrer noopener\">Mestrados Profissionais<\/a>; e,<\/li><li>33 s\u00e3o <a href=\"https:\/\/sites.uel.br\/pdi\/doutorado\/\" target=\"_blank\" rel=\"noreferrer noopener\">Doutorados<\/a>.<\/li><\/ul>\n","protected":false},"excerpt":{"rendered":"<p>&#8211; Considerando os Centros de Estudos e o Hospital Universit\u00e1rio da Universidade Estadual de Londrina, s\u00e3o ofertados cursos nas seguintes \u00e1reas: Ci\u00eancias Agr\u00e1rias; Ci\u00eancias Biol\u00f3gicas; Ci\u00eancias Exatas; Ci\u00eancias da Sa\u00fade; Educa\u00e7\u00e3o, Comunica\u00e7\u00e3o e Artes; Educa\u00e7\u00e3o F\u00edsica e Esportes; Estudos Sociais Aplicados; Letras e Ci\u00eancias Humanas; e, Tecnologia e Urbanismo. Nos n\u00edveis forma\u00e7\u00e3o de Gradua\u00e7\u00e3o, Especializa\u00e7\u00e3o, [&hellip;]<\/p>\n","protected":false},"author":8,"featured_media":0,"parent":0,"menu_order":0,"comment_status":"closed","ping_status":"closed","template":"","meta":{"footnotes":""},"class_list":["post-370","page","type-page","status-publish","hentry"],"acf":[],"_links":{"self":[{"href":"https:\/\/sites.uel.br\/pdi\/wp-json\/wp\/v2\/pages\/370","targetHints":{"allow":["GET"]}}],"collection":[{"href":"https:\/\/sites.uel.br\/pdi\/wp-json\/wp\/v2\/pages"}],"about":[{"href":"https:\/\/sites.uel.br\/pdi\/wp-json\/wp\/v2\/types\/page"}],"author":[{"embeddable":true,"href":"https:\/\/sites.uel.br\/pdi\/wp-json\/wp\/v2\/users\/8"}],"replies":[{"embeddable":true,"href":"https:\/\/sites.uel.br\/pdi\/wp-json\/wp\/v2\/comments?post=370"}],"version-history":[{"count":2,"href":"https:\/\/sites.uel.br\/pdi\/wp-json\/wp\/v2\/pages\/370\/revisions"}],"predecessor-version":[{"id":374,"href":"https:\/\/sites.uel.br\/pdi\/wp-json\/wp\/v2\/pages\/370\/revisions\/374"}],"wp:attachment":[{"href":"https:\/\/sites.uel.br\/pdi\/wp-json\/wp\/v2\/media?parent=370"}],"curies":[{"name":"wp","href":"https:\/\/api.w.org\/{rel}","templated":true}]}}