{"id":3678,"date":"2022-12-06T17:20:59","date_gmt":"2022-12-06T20:20:59","guid":{"rendered":"https:\/\/sites.uel.br\/pdi\/?page_id=3678"},"modified":"2022-12-06T17:20:59","modified_gmt":"2022-12-06T20:20:59","slug":"perfil-do-egresso-engenharia-eletrica-bacharelado","status":"publish","type":"page","link":"https:\/\/sites.uel.br\/pdi\/perfil-do-egresso-engenharia-eletrica-bacharelado\/","title":{"rendered":"Perfil do Egresso &#8211; ENGENHARIA EL\u00c9TRICA (Bacharelado)"},"content":{"rendered":"\n<p class=\"has-text-color\" style=\"color:#fefefe\">.<\/p>\n\n\n\n<p>CEPE\/CA, Resolu\u00e7\u00e3o n\u00ba 031\/2017. Reformula o Projeto Pedag\u00f3gico do Curso de Engenharia &#8211; Habilita\u00e7\u00e3o: Engenharia El\u00e9trica, a ser implantado a partir do ano letivo de 2018.&nbsp;<\/p>\n\n\n\n<p>Dispon\u00edvel em:&nbsp;<a href=\"http:\/\/www.uel.br\/prograd\/?content=pp\/pp.html\">http:\/\/www.uel.br\/prograd\/?content=pp\/pp.html<\/a>.<\/p>\n\n\n\n<p>Acesso em: 17 outubro 2022;<\/p>\n\n\n\n<p>PERFIL DO CONCLUINTE<\/p>\n\n\n\n<p>O futuro Engenheiro Eletricista deve ter forma\u00e7\u00e3o generalista que enfatize s\u00f3lidos conhecimentos nas \u00e1reas de forma\u00e7\u00e3o b\u00e1sica, geral e profissional do curso, tais como automa\u00e7\u00e3o e controle, eletr\u00f4nica, eletrot\u00e9cnica e telecomunica\u00e7\u00f5es, aliados \u00e0 cont\u00ednua integra\u00e7\u00e3o deste conhecimento e o empreendedorismo. Al\u00e9m dos aspectos cient\u00edficos e tecnol\u00f3gicos, a forma\u00e7\u00e3o incluir\u00e1, atrav\u00e9s de a\u00e7\u00f5es de ensino, pesquisa e extens\u00e3o, uma vis\u00e3o \u00e9tica, human\u00edstica, pol\u00edtica, social, econ\u00f4mica, ambiental e cultural, estimulando o protagonismo do futuro profissional. Objetiva-se desenvolver no estudante caracter\u00edsticas de autonomia, iniciativa e criatividade, capacitando-o \u00e0 assimila\u00e7\u00e3o e gera\u00e7\u00e3o de novas tecnologias. Ademais, ser\u00e1 estimulada a atua\u00e7\u00e3o cr\u00edtica, reflexiva e transformadora, na identifica\u00e7\u00e3o e resolu\u00e7\u00e3o de problemas em atendimento \u00e0s demandas da sociedade.<\/p>\n","protected":false},"excerpt":{"rendered":"<p>. CEPE\/CA, Resolu\u00e7\u00e3o n\u00ba 031\/2017. Reformula o Projeto Pedag\u00f3gico do Curso de Engenharia &#8211; Habilita\u00e7\u00e3o: Engenharia El\u00e9trica, a ser implantado a partir do ano letivo de 2018.&nbsp; Dispon\u00edvel em:&nbsp;http:\/\/www.uel.br\/prograd\/?content=pp\/pp.html. Acesso em: 17 outubro 2022; PERFIL DO CONCLUINTE O futuro Engenheiro Eletricista deve ter forma\u00e7\u00e3o generalista que enfatize s\u00f3lidos conhecimentos nas \u00e1reas de forma\u00e7\u00e3o b\u00e1sica, geral [&hellip;]<\/p>\n","protected":false},"author":8,"featured_media":0,"parent":0,"menu_order":0,"comment_status":"closed","ping_status":"closed","template":"","meta":{"footnotes":""},"class_list":["post-3678","page","type-page","status-publish","hentry"],"acf":[],"_links":{"self":[{"href":"https:\/\/sites.uel.br\/pdi\/wp-json\/wp\/v2\/pages\/3678","targetHints":{"allow":["GET"]}}],"collection":[{"href":"https:\/\/sites.uel.br\/pdi\/wp-json\/wp\/v2\/pages"}],"about":[{"href":"https:\/\/sites.uel.br\/pdi\/wp-json\/wp\/v2\/types\/page"}],"author":[{"embeddable":true,"href":"https:\/\/sites.uel.br\/pdi\/wp-json\/wp\/v2\/users\/8"}],"replies":[{"embeddable":true,"href":"https:\/\/sites.uel.br\/pdi\/wp-json\/wp\/v2\/comments?post=3678"}],"version-history":[{"count":1,"href":"https:\/\/sites.uel.br\/pdi\/wp-json\/wp\/v2\/pages\/3678\/revisions"}],"predecessor-version":[{"id":3679,"href":"https:\/\/sites.uel.br\/pdi\/wp-json\/wp\/v2\/pages\/3678\/revisions\/3679"}],"wp:attachment":[{"href":"https:\/\/sites.uel.br\/pdi\/wp-json\/wp\/v2\/media?parent=3678"}],"curies":[{"name":"wp","href":"https:\/\/api.w.org\/{rel}","templated":true}]}}