{"id":3676,"date":"2022-12-06T17:19:47","date_gmt":"2022-12-06T20:19:47","guid":{"rendered":"https:\/\/sites.uel.br\/pdi\/?page_id=3676"},"modified":"2022-12-06T17:19:47","modified_gmt":"2022-12-06T20:19:47","slug":"perfil-do-egresso-engenharia-civil-bacharelado","status":"publish","type":"page","link":"https:\/\/sites.uel.br\/pdi\/perfil-do-egresso-engenharia-civil-bacharelado\/","title":{"rendered":"Perfil do Egresso &#8211; ENGENHARIA CIVIL (Bacharelado)"},"content":{"rendered":"\n<p class=\"has-text-color\" style=\"color:#fefefe\">.<\/p>\n\n\n\n<p>CEPE, Resolu\u00e7\u00e3o n\u00ba 34\/2005*. Reformula o Projeto Pol\u00edtico-Pedag\u00f3gico do Curso de&nbsp;&nbsp;Engenharia &#8211; Habilita\u00e7\u00e3o: Engenharia Civil, a ser implantado a partir do ano letivo de 2005.&nbsp;<\/p>\n\n\n\n<p>Dispon\u00edvel em:&nbsp;<a href=\"http:\/\/www.uel.br\/prograd\/pp\/documentos\/engenharia_civil.pdf\">http:\/\/www.uel.br\/prograd\/pp\/documentos\/engenharia_civil.pdf<\/a>.<\/p>\n\n\n\n<p>Acesso em: 17 outubro 2022;<\/p>\n\n\n\n<p>PERFIL DO CONCLUINTE<\/p>\n\n\n\n<p>O Engenheiro Civil dever\u00e1 apresentar forma\u00e7\u00e3o generalista, humanista, cr\u00edtica e&nbsp;<\/p>\n\n\n\n<p>reflexiva, estando apto a:&nbsp;<\/p>\n\n\n\n<ul class=\"wp-block-list\">\n<li>atuar nas fases de projeto, execu\u00e7\u00e3o e manuten\u00e7\u00e3o de obras de Engenharia Civil; identificar e propor solu\u00e7\u00f5es de problemas da \u00e1rea;&nbsp;<\/li>\n\n\n\n<li>absorver e desenvolver novas tecnologias; trabalhar em equipes multidisciplinares;&nbsp;<\/li>\n\n\n\n<li>contribuir para a melhoria do desempenho da constru\u00e7\u00e3o civil;&nbsp;<\/li>\n\n\n\n<li>dominar t\u00e9cnicas b\u00e1sicas de gerenciamento e administra\u00e7\u00e3o dos processos e recursos utilizados na constru\u00e7\u00e3o, sempre norteado por uma vis\u00e3o \u00e9tica e human\u00edstica, em atendimento \u00e0s demandas da sociedade.<\/li>\n<\/ul>\n\n\n\n<p>O profissional deve apresentar capacita\u00e7\u00e3o para atuar nas sub\u00e1reas da engenharia civil, seja na esfera de projetos, consultoria e execu\u00e7\u00e3o e acompanhamento de obras, seja no desenvolvimento de atividades de planejamento, gest\u00e3o e administra\u00e7\u00e3o de empreendimentos.<\/p>\n\n\n\n<p>Deve apresentar capacidade de tomada de decis\u00f5es, desenvolvendo um esp\u00edrito\u00a0cr\u00edtico que permita a identifica\u00e7\u00e3o de problemas e apresentar proposi\u00e7\u00f5es de solu\u00e7\u00f5es para esses problemas, a partir de conhecimentos desenvolvidos na gradua\u00e7\u00e3o.<\/p>\n\n\n\n<p>O profissional dever\u00e1 apresentar forma\u00e7\u00e3o human\u00edstica, \u00e9tica e cultural, que lhe\u00a0possibilite um relacionamento humano adequado junto a diferentes grupos sociais.<\/p>\n\n\n\n<p>Dever\u00e1 apresentar, ainda, aptid\u00e3o para ocupar cargos de coordena\u00e7\u00e3o e chefia\u00a0junto a empresas p\u00fablicas e privadas, as quais exijam lideran\u00e7a e capacidade de tomada de decis\u00f5es.<\/p>\n\n\n\n<p>Dessa forma, o profissional interferir\u00e1 positiva e construtivamente junto\u00a0a grupos sociais, alterando a realidade socioecon\u00f4mica, cient\u00edfica e cultural do pa\u00eds, atuando como agente formador de opini\u00e3o e transformador da sociedade.<\/p>\n\n\n\n<p>A lideran\u00e7a e o dinamismo s\u00e3o caracter\u00edsticas priorit\u00e1rias no perfil do egresso,\u00a0uma vez que o papel a ser desempenhado por esse, quando do exerc\u00edcio profissional, lhe apresentar\u00e1 situa\u00e7\u00f5es que exigir\u00e3o posturas arrojadas, de iniciativa e de firme convic\u00e7\u00e3o em seus posicionamentos.<\/p>\n\n\n\n<p>Dessa forma, o egresso dever\u00e1 apresentar dinamismo e objetividade,\u00a0autoconfian\u00e7a e capacidade de lideran\u00e7a, constituindo-se numa alavanca eficaz junto ao processo de desenvolvimento globalizado.<\/p>\n","protected":false},"excerpt":{"rendered":"<p>. CEPE, Resolu\u00e7\u00e3o n\u00ba 34\/2005*. Reformula o Projeto Pol\u00edtico-Pedag\u00f3gico do Curso de&nbsp;&nbsp;Engenharia &#8211; Habilita\u00e7\u00e3o: Engenharia Civil, a ser implantado a partir do ano letivo de 2005.&nbsp; Dispon\u00edvel em:&nbsp;http:\/\/www.uel.br\/prograd\/pp\/documentos\/engenharia_civil.pdf. Acesso em: 17 outubro 2022; PERFIL DO CONCLUINTE O Engenheiro Civil dever\u00e1 apresentar forma\u00e7\u00e3o generalista, humanista, cr\u00edtica e&nbsp; reflexiva, estando apto a:&nbsp; O profissional deve apresentar capacita\u00e7\u00e3o [&hellip;]<\/p>\n","protected":false},"author":8,"featured_media":0,"parent":0,"menu_order":0,"comment_status":"closed","ping_status":"closed","template":"","meta":{"footnotes":""},"class_list":["post-3676","page","type-page","status-publish","hentry"],"acf":[],"_links":{"self":[{"href":"https:\/\/sites.uel.br\/pdi\/wp-json\/wp\/v2\/pages\/3676","targetHints":{"allow":["GET"]}}],"collection":[{"href":"https:\/\/sites.uel.br\/pdi\/wp-json\/wp\/v2\/pages"}],"about":[{"href":"https:\/\/sites.uel.br\/pdi\/wp-json\/wp\/v2\/types\/page"}],"author":[{"embeddable":true,"href":"https:\/\/sites.uel.br\/pdi\/wp-json\/wp\/v2\/users\/8"}],"replies":[{"embeddable":true,"href":"https:\/\/sites.uel.br\/pdi\/wp-json\/wp\/v2\/comments?post=3676"}],"version-history":[{"count":1,"href":"https:\/\/sites.uel.br\/pdi\/wp-json\/wp\/v2\/pages\/3676\/revisions"}],"predecessor-version":[{"id":3677,"href":"https:\/\/sites.uel.br\/pdi\/wp-json\/wp\/v2\/pages\/3676\/revisions\/3677"}],"wp:attachment":[{"href":"https:\/\/sites.uel.br\/pdi\/wp-json\/wp\/v2\/media?parent=3676"}],"curies":[{"name":"wp","href":"https:\/\/api.w.org\/{rel}","templated":true}]}}