{"id":362,"date":"2022-09-07T18:04:56","date_gmt":"2022-09-07T21:04:56","guid":{"rendered":"https:\/\/sites.uel.br\/pdi\/?page_id=362"},"modified":"2022-09-07T18:04:56","modified_gmt":"2022-09-07T21:04:56","slug":"mestrado-profissional","status":"publish","type":"page","link":"https:\/\/sites.uel.br\/pdi\/mestrado-profissional\/","title":{"rendered":"Mestrado Profissional"},"content":{"rendered":"\n<p class=\"has-white-color has-text-color\">&#8211;<\/p>\n\n\n\n<ul class=\"wp-block-list\"><li>Cl\u00ednicas Veterin\u00e1rias<\/li><li>Ensino de F\u00edsica<\/li><li>Letras<\/li><li>Letras Estrangeiras Modernas<\/li><li>Matem\u00e1tica em Rende Nacional<\/li><li>Qu\u00edmica<\/li><li>Sociologia<\/li><\/ul>\n","protected":false},"excerpt":{"rendered":"<p>&#8211; Cl\u00ednicas Veterin\u00e1rias Ensino de F\u00edsica Letras Letras Estrangeiras Modernas Matem\u00e1tica em Rende Nacional Qu\u00edmica Sociologia<\/p>\n","protected":false},"author":8,"featured_media":0,"parent":0,"menu_order":0,"comment_status":"closed","ping_status":"closed","template":"","meta":{"footnotes":""},"class_list":["post-362","page","type-page","status-publish","hentry"],"acf":[],"_links":{"self":[{"href":"https:\/\/sites.uel.br\/pdi\/wp-json\/wp\/v2\/pages\/362","targetHints":{"allow":["GET"]}}],"collection":[{"href":"https:\/\/sites.uel.br\/pdi\/wp-json\/wp\/v2\/pages"}],"about":[{"href":"https:\/\/sites.uel.br\/pdi\/wp-json\/wp\/v2\/types\/page"}],"author":[{"embeddable":true,"href":"https:\/\/sites.uel.br\/pdi\/wp-json\/wp\/v2\/users\/8"}],"replies":[{"embeddable":true,"href":"https:\/\/sites.uel.br\/pdi\/wp-json\/wp\/v2\/comments?post=362"}],"version-history":[{"count":1,"href":"https:\/\/sites.uel.br\/pdi\/wp-json\/wp\/v2\/pages\/362\/revisions"}],"predecessor-version":[{"id":365,"href":"https:\/\/sites.uel.br\/pdi\/wp-json\/wp\/v2\/pages\/362\/revisions\/365"}],"wp:attachment":[{"href":"https:\/\/sites.uel.br\/pdi\/wp-json\/wp\/v2\/media?parent=362"}],"curies":[{"name":"wp","href":"https:\/\/api.w.org\/{rel}","templated":true}]}}