{"id":3610,"date":"2022-12-06T16:23:56","date_gmt":"2022-12-06T19:23:56","guid":{"rendered":"https:\/\/sites.uel.br\/pdi\/?page_id=3610"},"modified":"2022-12-06T16:48:13","modified_gmt":"2022-12-06T19:48:13","slug":"perfil-do-egresso-artescenicas","status":"publish","type":"page","link":"https:\/\/sites.uel.br\/pdi\/perfil-do-egresso-artescenicas\/","title":{"rendered":"Perfil do Egresso &#8211; ARTES C\u00caNICAS (Bacharelado)"},"content":{"rendered":"\n<p class=\"has-white-color has-text-color\">.<\/p>\n\n\n\n<p>CEPE, Resolu\u00e7\u00e3o n\u00ba 24\/2005. Reformular o Projeto Pol\u00edtico-Pedag\u00f3gico do Curso de Artes C\u00eanicas \u2013 Habilita\u00e7\u00e3o: interpreta\u00e7\u00e3o Teatral, a ser implantado, a partir do ano letivo de 2005. <\/p>\n\n\n\n<p>Dispon\u00edvel em:\u00a0<a href=\"http:\/\/www.uel.br\/prograd\/pp\/documentos\/artes_cenicas.pdf\">http:\/\/www.uel.br\/prograd\/pp\/documentos\/artes_cenicas.pdf<\/a>. <\/p>\n\n\n\n<p>Acesso em: 14 outubro 2022;<\/p>\n\n\n\n<p>PERFIL DO CONCLUINTE<\/p>\n\n\n\n<p>O bacharel em Artes C\u00eanicas, com habilita\u00e7\u00e3o em Interpreta\u00e7\u00e3o Teatral, primeiramente, estar\u00e1 habilidade a desenvolver-se como ator de teatro ou para atuar em manifesta\u00e7\u00f5es c\u00eanico-teatrais calcadas numa rela\u00e7\u00e3o com p\u00fablicos. O concluinte estar\u00e1 apto a realizar trabalhos de atua\u00e7\u00e3o tamb\u00e9m como ator em televis\u00e3o, cinema ou publicidade. A forma\u00e7\u00e3o acad\u00eamica o habilitar\u00e1 a trabalhar como professor\/pesquisador em institui\u00e7\u00f5es de ensino superior, assim como para atuar como agente cultural, proponente ou coordenador de diferentes modalidades de ensino, na inicia\u00e7\u00e3o teatral de crian\u00e7as, jovens ou adultos.<\/p>\n\n\n\n<p>Este bacharel deve ser capaz de aliar teorias e pr\u00e1ticas teatrais, integrando elencos ou propondo novas produ\u00e7\u00f5es e produtos art\u00edsticos.Deve possuir marcada curiosidade intelectual e constante interesse em ampliar e atualizar seus conhecimentos no campo das artes c\u00eanicas e territ\u00f3rios da cultura art\u00edstica adjacentes a este fen\u00f4meno social. \u00c9 necess\u00e1rio que esteja preparado para produzir conhecimento relativo ao teatro na \u00e1rea de atua\u00e7\u00e3o espec\u00edfica por ele escolhida, podendo exercitar diversos g\u00eaneros, estilos e linguagens que completam o fen\u00f4meno teatral, e ser capaz de incorporar elementos t\u00e9cnicos e est\u00e9ticos com autonomia. Deve possuir o dom\u00ednio de t\u00e9cnicas psicof\u00edsicas, as quais possibilitem o exerc\u00edcio de variados dom\u00ednios da interpreta\u00e7\u00e3o teatral.<\/p>\n\n\n\n<p>Este profissional dever\u00e1 ser capaz de articular uma identidade pr\u00f3pria como int\u00e9rprete c\u00eanico-teatral, cujo perfil est\u00e1 sujeito \u00e0 composi\u00e7\u00e3o pessoal de t\u00e9cnicas e conceitos de\/sobre o campo da interpreta\u00e7\u00e3o art\u00edstica bem como \u00e0 apropria\u00e7\u00e3o e \u00e0 transforma\u00e7\u00e3o destes valores do conhecimento art\u00edstico.A defini\u00e7\u00e3o t\u00e9cnica, est\u00e9tica e ideol\u00f3gica deste perfil baseia-se, sobretudo, no respeito ao direito e aos deveres \u00e9ticos do artista c\u00eanico, marcados pela busca constante da emancipa\u00e7\u00e3o e autonomia de um perfil pessoal de int\u00e9rprete no territ\u00f3rio&nbsp;conceitual das artes no mundo contempor\u00e2neo.<\/p>\n","protected":false},"excerpt":{"rendered":"<p>. CEPE, Resolu\u00e7\u00e3o n\u00ba 24\/2005. Reformular o Projeto Pol\u00edtico-Pedag\u00f3gico do Curso de Artes C\u00eanicas \u2013 Habilita\u00e7\u00e3o: interpreta\u00e7\u00e3o Teatral, a ser implantado, a partir do ano letivo de 2005. Dispon\u00edvel em:\u00a0http:\/\/www.uel.br\/prograd\/pp\/documentos\/artes_cenicas.pdf. Acesso em: 14 outubro 2022; PERFIL DO CONCLUINTE O bacharel em Artes C\u00eanicas, com habilita\u00e7\u00e3o em Interpreta\u00e7\u00e3o Teatral, primeiramente, estar\u00e1 habilidade a desenvolver-se como ator [&hellip;]<\/p>\n","protected":false},"author":8,"featured_media":0,"parent":0,"menu_order":0,"comment_status":"closed","ping_status":"closed","template":"","meta":{"footnotes":""},"class_list":["post-3610","page","type-page","status-publish","hentry"],"acf":[],"_links":{"self":[{"href":"https:\/\/sites.uel.br\/pdi\/wp-json\/wp\/v2\/pages\/3610","targetHints":{"allow":["GET"]}}],"collection":[{"href":"https:\/\/sites.uel.br\/pdi\/wp-json\/wp\/v2\/pages"}],"about":[{"href":"https:\/\/sites.uel.br\/pdi\/wp-json\/wp\/v2\/types\/page"}],"author":[{"embeddable":true,"href":"https:\/\/sites.uel.br\/pdi\/wp-json\/wp\/v2\/users\/8"}],"replies":[{"embeddable":true,"href":"https:\/\/sites.uel.br\/pdi\/wp-json\/wp\/v2\/comments?post=3610"}],"version-history":[{"count":3,"href":"https:\/\/sites.uel.br\/pdi\/wp-json\/wp\/v2\/pages\/3610\/revisions"}],"predecessor-version":[{"id":3646,"href":"https:\/\/sites.uel.br\/pdi\/wp-json\/wp\/v2\/pages\/3610\/revisions\/3646"}],"wp:attachment":[{"href":"https:\/\/sites.uel.br\/pdi\/wp-json\/wp\/v2\/media?parent=3610"}],"curies":[{"name":"wp","href":"https:\/\/api.w.org\/{rel}","templated":true}]}}