{"id":358,"date":"2022-09-07T18:04:19","date_gmt":"2022-09-07T21:04:19","guid":{"rendered":"https:\/\/sites.uel.br\/pdi\/?page_id=358"},"modified":"2022-09-07T18:04:19","modified_gmt":"2022-09-07T21:04:19","slug":"mestrado-academico","status":"publish","type":"page","link":"https:\/\/sites.uel.br\/pdi\/mestrado-academico\/","title":{"rendered":"Mestrado Acad\u00eamico"},"content":{"rendered":"\n<p class=\"has-white-color has-text-color\">&#8211;<\/p>\n\n\n\n<ul class=\"wp-block-list\"><li>Administra\u00e7\u00e3o<\/li><li>Agronomia<\/li><li>An\u00e1lise do Comportamento<\/li><li>Arquitetura e Urbanismo<\/li><li>Bionenergia<\/li><li>Biotecnologia<\/li><li>Ci\u00eancia Animal<\/li><li>Ci\u00eancia da Computa\u00e7\u00e3o<\/li><li>Ci\u00eancia da Informa\u00e7\u00e3o<\/li><li>Ci\u00eancia de Alimentos<\/li><li>Ci\u00eancias Biol\u00f3gicas<\/li><li>Ci\u00eancias da Sa\u00fade<\/li><li>Ci\u00eancias de Reabilita\u00e7\u00e3o<\/li><li>Ci\u00eancias Farmac\u00eauticas<\/li><li>Ci\u00eancias Fisiol\u00f3gicas<\/li><li>Comunica\u00e7\u00e3o<\/li><li>Direito Negocial<\/li><li>Economia Regional<\/li><li>Educa\u00e7\u00e3o<\/li><li>Educa\u00e7\u00e3o F\u00edsica<\/li><li>Enfermagem<\/li><li>Engenharia Civil<\/li><li>Engenharia El\u00e9trica<\/li><li>Ensino de Ci\u00eancias e Educa\u00e7\u00e3o Matem\u00e1tica<\/li><li>Estudos da Linguagem<\/li><li>Filosofia<\/li><li>F\u00edsica<\/li><li>Fisiopatologia Cl\u00ednica e Laboratorial<\/li><li>Gen\u00e9tica e Biologia Molecular<\/li><li>Geografia<\/li><li>Hist\u00f3ria Social<\/li><li>Letras<\/li><li>Matem\u00e1tica Aplicada e Computacional<\/li><li>Microbiologia<\/li><li>Multic\u00eantrico em Ci\u00eancias Fisiol\u00f3gicas<\/li><li>Patologia Experimental<\/li><li>Psicologia<\/li><li>Qu\u00edmica<\/li><li>Sa\u00fade Coletiva<\/li><li>Servi\u00e7o Social e Pol\u00edtica Social<\/li><li>Sociologia<\/li><\/ul>\n","protected":false},"excerpt":{"rendered":"<p>&#8211; Administra\u00e7\u00e3o Agronomia An\u00e1lise do Comportamento Arquitetura e Urbanismo Bionenergia Biotecnologia Ci\u00eancia Animal Ci\u00eancia da Computa\u00e7\u00e3o Ci\u00eancia da Informa\u00e7\u00e3o Ci\u00eancia de Alimentos Ci\u00eancias Biol\u00f3gicas Ci\u00eancias da Sa\u00fade Ci\u00eancias de Reabilita\u00e7\u00e3o Ci\u00eancias Farmac\u00eauticas Ci\u00eancias Fisiol\u00f3gicas Comunica\u00e7\u00e3o Direito Negocial Economia Regional Educa\u00e7\u00e3o Educa\u00e7\u00e3o F\u00edsica Enfermagem Engenharia Civil Engenharia El\u00e9trica Ensino de Ci\u00eancias e Educa\u00e7\u00e3o Matem\u00e1tica Estudos da [&hellip;]<\/p>\n","protected":false},"author":8,"featured_media":0,"parent":0,"menu_order":0,"comment_status":"closed","ping_status":"closed","template":"","meta":{"footnotes":""},"class_list":["post-358","page","type-page","status-publish","hentry"],"acf":[],"_links":{"self":[{"href":"https:\/\/sites.uel.br\/pdi\/wp-json\/wp\/v2\/pages\/358","targetHints":{"allow":["GET"]}}],"collection":[{"href":"https:\/\/sites.uel.br\/pdi\/wp-json\/wp\/v2\/pages"}],"about":[{"href":"https:\/\/sites.uel.br\/pdi\/wp-json\/wp\/v2\/types\/page"}],"author":[{"embeddable":true,"href":"https:\/\/sites.uel.br\/pdi\/wp-json\/wp\/v2\/users\/8"}],"replies":[{"embeddable":true,"href":"https:\/\/sites.uel.br\/pdi\/wp-json\/wp\/v2\/comments?post=358"}],"version-history":[{"count":1,"href":"https:\/\/sites.uel.br\/pdi\/wp-json\/wp\/v2\/pages\/358\/revisions"}],"predecessor-version":[{"id":361,"href":"https:\/\/sites.uel.br\/pdi\/wp-json\/wp\/v2\/pages\/358\/revisions\/361"}],"wp:attachment":[{"href":"https:\/\/sites.uel.br\/pdi\/wp-json\/wp\/v2\/media?parent=358"}],"curies":[{"name":"wp","href":"https:\/\/api.w.org\/{rel}","templated":true}]}}