{"id":354,"date":"2022-09-07T18:03:41","date_gmt":"2022-09-07T21:03:41","guid":{"rendered":"https:\/\/sites.uel.br\/pdi\/?page_id=354"},"modified":"2022-09-07T18:03:41","modified_gmt":"2022-09-07T21:03:41","slug":"residencia","status":"publish","type":"page","link":"https:\/\/sites.uel.br\/pdi\/residencia\/","title":{"rendered":"Resid\u00eancia"},"content":{"rendered":"\n<p class=\"has-white-color has-text-color\">&#8211;<\/p>\n\n\n\n<ul class=\"wp-block-list\"><li>Enfermagem<\/li><li>Farm\u00e1cia<\/li><li>Fisioterapia<\/li><li>M\u00e9dica<\/li><li>Medicina Veterin\u00e1ria<\/li><li>Multiprofissional<\/li><li>Odontologia<\/li><li>Odontologia (HU \u2013 Hospital Universit\u00e1rio)<\/li><\/ul>\n","protected":false},"excerpt":{"rendered":"<p>&#8211; Enfermagem Farm\u00e1cia Fisioterapia M\u00e9dica Medicina Veterin\u00e1ria Multiprofissional Odontologia Odontologia (HU \u2013 Hospital Universit\u00e1rio)<\/p>\n","protected":false},"author":8,"featured_media":0,"parent":0,"menu_order":0,"comment_status":"closed","ping_status":"closed","template":"","meta":{"footnotes":""},"class_list":["post-354","page","type-page","status-publish","hentry"],"acf":[],"_links":{"self":[{"href":"https:\/\/sites.uel.br\/pdi\/wp-json\/wp\/v2\/pages\/354","targetHints":{"allow":["GET"]}}],"collection":[{"href":"https:\/\/sites.uel.br\/pdi\/wp-json\/wp\/v2\/pages"}],"about":[{"href":"https:\/\/sites.uel.br\/pdi\/wp-json\/wp\/v2\/types\/page"}],"author":[{"embeddable":true,"href":"https:\/\/sites.uel.br\/pdi\/wp-json\/wp\/v2\/users\/8"}],"replies":[{"embeddable":true,"href":"https:\/\/sites.uel.br\/pdi\/wp-json\/wp\/v2\/comments?post=354"}],"version-history":[{"count":1,"href":"https:\/\/sites.uel.br\/pdi\/wp-json\/wp\/v2\/pages\/354\/revisions"}],"predecessor-version":[{"id":357,"href":"https:\/\/sites.uel.br\/pdi\/wp-json\/wp\/v2\/pages\/354\/revisions\/357"}],"wp:attachment":[{"href":"https:\/\/sites.uel.br\/pdi\/wp-json\/wp\/v2\/media?parent=354"}],"curies":[{"name":"wp","href":"https:\/\/api.w.org\/{rel}","templated":true}]}}