{"id":346,"date":"2022-09-07T18:02:24","date_gmt":"2022-09-07T21:02:24","guid":{"rendered":"https:\/\/sites.uel.br\/pdi\/?page_id=346"},"modified":"2022-09-07T18:02:24","modified_gmt":"2022-09-07T21:02:24","slug":"graduacao","status":"publish","type":"page","link":"https:\/\/sites.uel.br\/pdi\/graduacao\/","title":{"rendered":"Gradua\u00e7\u00e3o"},"content":{"rendered":"\n<p class=\"has-white-color has-text-color\">&#8211;<\/p>\n\n\n\n<ul class=\"wp-block-list\"><li>Administra\u00e7\u00e3o<\/li><li>Agronomia<\/li><li>Arquitetura e Urbanismo<\/li><li>Arquivologia \u2013 Habilita\u00e7\u00e3o: Geral<\/li><li>Artes C\u00eanicas \u2013 Habilita\u00e7\u00e3o: Interpreta\u00e7\u00e3o Teatral<\/li><li>Artes Visuais \u2013 Habilita\u00e7\u00e3o: Licenciatura<\/li><li>Biblioteconomia<\/li><li>Biomedicina<\/li><li>Biotecnologia \u2013 Habilita\u00e7\u00e3o: Bacharelado<\/li><li>Ci\u00eancias da Computa\u00e7\u00e3o<\/li><li>Ci\u00eancias Biol\u00f3gicas \u2013 Habilita\u00e7\u00e3o: Bacharelado<\/li><li>Ci\u00eancias Biol\u00f3gicas \u2013 Habilita\u00e7\u00e3o: Licenciatura<\/li><li>Ci\u00eancias Cont\u00e1beis<\/li><li>Ci\u00eancias Econ\u00f4micas<\/li><li>Ci\u00eancias Sociais \u2013 Habilita\u00e7\u00e3o: Bacharelado<\/li><li>Ci\u00eancias Sociais \u2013 Habilita\u00e7\u00e3o: Licenciatura<\/li><li>Computa\u00e7\u00e3o \u2013 Habilita\u00e7\u00e3o: Licenciatura (EAD)<\/li><li>Design de Moda<\/li><li>Design Gr\u00e1fico<\/li><li>Direito<\/li><li>Educa\u00e7\u00e3o F\u00edsica \u2013 Habilita\u00e7\u00e3o: Bacharelado<\/li><li>Educa\u00e7\u00e3o F\u00edsica \u2013 Habilita\u00e7\u00e3o: Licenciatura<\/li><li>Enfermagem<\/li><li>Engenharia \u2013 Habilita\u00e7\u00e3o: Engenharia Civil<\/li><li>Engenharia \u2013 Habilita\u00e7\u00e3o: Engenharia El\u00e9trica<\/li><li>Farm\u00e1cia<\/li><li>Filosofia \u2013 Habilita\u00e7\u00e3o: Licenciatura<\/li><li>F\u00edsica \u2013 Habilita\u00e7\u00e3o: Bacharelado<\/li><li>F\u00edsica \u2013 Habilita\u00e7\u00e3o: Licenciatura<\/li><li>Fisioterapia<\/li><li>Geografia \u2013 Habilita\u00e7\u00e3o: Bacharelado<\/li><li>Geografia \u2013 Habilita\u00e7\u00e3o: Licenciatura<\/li><li>Hist\u00f3ria \u2013 Habilita\u00e7\u00e3o: Licenciatura<\/li><li>Jornalismo<\/li><li>Letras Espanhol \u2013 Modalidade: Licenciatura \u2013 Habilita\u00e7\u00e3o: L\u00edngua Espanhola e Literatura Hisp\u00e2nica<\/li><li>Letras Franc\u00eas \u2013 Modalidade: Bacharelado \u2013 Habilita\u00e7\u00e3o: L\u00edngua e Cultura Francesas<\/li><li>Letras Ingl\u00eas \u2013 Modalidade: Licenciatura \u2013 Habilita\u00e7\u00e3o: L\u00edngua Inglesa e Literaturas em L\u00edngua Inglesa<\/li><li>Letras Portugu\u00eas \u2013 Modalidade: Licenciatura \u2013 Habilita\u00e7\u00e3o: L\u00edngua Portuguesa e Respectivas Literaturas<\/li><li>Matem\u00e1tica \u2013 Habilita\u00e7\u00e3o: Bacharelado<\/li><li>Matem\u00e1tica \u2013 Habilita\u00e7\u00e3o: Licenciatura<\/li><li>Medicina<\/li><li>Medicina Veterin\u00e1ria<\/li><li>M\u00fasica \u2013 Habilita\u00e7\u00e3o: Licenciatura com \u00eanfase em: Canto, Percuss\u00e3o, Piano, Viol\u00e3o, Reg\u00eancia, Coral, Arranjo e Composi\u00e7\u00e3o Musical<\/li><li>Nutri\u00e7\u00e3o<\/li><li>Odontologia<\/li><li>Pedagogia<\/li><li>Psicologia \u2013 Habilita\u00e7\u00e3o: Forma\u00e7\u00e3o de Psic\u00f3logo nas \u00eanfases: Investiga\u00e7\u00e3o Cient\u00edfica e Interven\u00e7\u00e3o em Processos Cl\u00ednicos e Sa\u00fade, e Investiga\u00e7\u00e3o Cient\u00edfica e Interven\u00e7\u00e3o em Processos Sociais e Institucionais<\/li><li>Qu\u00edmica \u2013 Habilita\u00e7\u00e3o: Bacharelado com \u00eanfase em: Qu\u00edmica de Materiais ou Qu\u00edmica de Alimentos ou Qu\u00edmica e Ambiente, e op\u00e7\u00e3o pela Habilita\u00e7\u00e3o em Qu\u00edmica Tecnol\u00f3gica.<\/li><li>Qu\u00edmica \u2013 Habilita\u00e7\u00e3o: Licenciatura<\/li><li>Rela\u00e7\u00f5es P\u00fablicas<\/li><li>Secretariado Executivo<\/li><li>Servi\u00e7o Social<\/li><li>Zootecnia<\/li><\/ul>\n","protected":false},"excerpt":{"rendered":"<p>&#8211; Administra\u00e7\u00e3o Agronomia Arquitetura e Urbanismo Arquivologia \u2013 Habilita\u00e7\u00e3o: Geral Artes C\u00eanicas \u2013 Habilita\u00e7\u00e3o: Interpreta\u00e7\u00e3o Teatral Artes Visuais \u2013 Habilita\u00e7\u00e3o: Licenciatura Biblioteconomia Biomedicina Biotecnologia \u2013 Habilita\u00e7\u00e3o: Bacharelado Ci\u00eancias da Computa\u00e7\u00e3o Ci\u00eancias Biol\u00f3gicas \u2013 Habilita\u00e7\u00e3o: Bacharelado Ci\u00eancias Biol\u00f3gicas \u2013 Habilita\u00e7\u00e3o: Licenciatura Ci\u00eancias Cont\u00e1beis Ci\u00eancias Econ\u00f4micas Ci\u00eancias Sociais \u2013 Habilita\u00e7\u00e3o: Bacharelado Ci\u00eancias Sociais \u2013 Habilita\u00e7\u00e3o: Licenciatura Computa\u00e7\u00e3o [&hellip;]<\/p>\n","protected":false},"author":8,"featured_media":0,"parent":0,"menu_order":0,"comment_status":"closed","ping_status":"closed","template":"","meta":{"footnotes":""},"class_list":["post-346","page","type-page","status-publish","hentry"],"acf":[],"_links":{"self":[{"href":"https:\/\/sites.uel.br\/pdi\/wp-json\/wp\/v2\/pages\/346","targetHints":{"allow":["GET"]}}],"collection":[{"href":"https:\/\/sites.uel.br\/pdi\/wp-json\/wp\/v2\/pages"}],"about":[{"href":"https:\/\/sites.uel.br\/pdi\/wp-json\/wp\/v2\/types\/page"}],"author":[{"embeddable":true,"href":"https:\/\/sites.uel.br\/pdi\/wp-json\/wp\/v2\/users\/8"}],"replies":[{"embeddable":true,"href":"https:\/\/sites.uel.br\/pdi\/wp-json\/wp\/v2\/comments?post=346"}],"version-history":[{"count":1,"href":"https:\/\/sites.uel.br\/pdi\/wp-json\/wp\/v2\/pages\/346\/revisions"}],"predecessor-version":[{"id":349,"href":"https:\/\/sites.uel.br\/pdi\/wp-json\/wp\/v2\/pages\/346\/revisions\/349"}],"wp:attachment":[{"href":"https:\/\/sites.uel.br\/pdi\/wp-json\/wp\/v2\/media?parent=346"}],"curies":[{"name":"wp","href":"https:\/\/api.w.org\/{rel}","templated":true}]}}