{"id":342,"date":"2022-09-07T18:01:13","date_gmt":"2022-09-07T21:01:13","guid":{"rendered":"https:\/\/sites.uel.br\/pdi\/?page_id=342"},"modified":"2022-09-07T18:01:13","modified_gmt":"2022-09-07T21:01:13","slug":"missao-da-uel","status":"publish","type":"page","link":"https:\/\/sites.uel.br\/pdi\/missao-da-uel\/","title":{"rendered":"Miss\u00e3o da UEL"},"content":{"rendered":"\n<p class=\"has-white-color has-text-color\">&#8211;<\/p>\n\n\n\n<p>A UEL, institui\u00e7\u00e3o p\u00fablica e gratuita, tem como miss\u00e3o a gest\u00e3o democr\u00e1tica, com plena autonomia did\u00e1tico-cient\u00edfica, comprometida com o desenvolvimento e a transforma\u00e7\u00e3o social, econ\u00f4mica, pol\u00edtica e cultural do Estado do Paran\u00e1 e do Brasil. Busca garantir a indissociabilidade entre ensino, pesquisa e extens\u00e3o, a igualdade de condi\u00e7\u00f5es de acesso e de perman\u00eancia discente, a liberdade e respeito ao pluralismo de ideias, tendo como finalidade a produ\u00e7\u00e3o e a dissemina\u00e7\u00e3o do conhecimento, formando cidad\u00e3os e profissionais com compet\u00eancia t\u00e9cnica e human\u00edstica, orientada por valores \u00e9ticos de liberdade, igualdade e justi\u00e7a social.<\/p>\n","protected":false},"excerpt":{"rendered":"<p>&#8211; A UEL, institui\u00e7\u00e3o p\u00fablica e gratuita, tem como miss\u00e3o a gest\u00e3o democr\u00e1tica, com plena autonomia did\u00e1tico-cient\u00edfica, comprometida com o desenvolvimento e a transforma\u00e7\u00e3o social, econ\u00f4mica, pol\u00edtica e cultural do Estado do Paran\u00e1 e do Brasil. Busca garantir a indissociabilidade entre ensino, pesquisa e extens\u00e3o, a igualdade de condi\u00e7\u00f5es de acesso e de perman\u00eancia discente, [&hellip;]<\/p>\n","protected":false},"author":8,"featured_media":0,"parent":0,"menu_order":0,"comment_status":"closed","ping_status":"closed","template":"","meta":{"footnotes":""},"class_list":["post-342","page","type-page","status-publish","hentry"],"acf":[],"_links":{"self":[{"href":"https:\/\/sites.uel.br\/pdi\/wp-json\/wp\/v2\/pages\/342","targetHints":{"allow":["GET"]}}],"collection":[{"href":"https:\/\/sites.uel.br\/pdi\/wp-json\/wp\/v2\/pages"}],"about":[{"href":"https:\/\/sites.uel.br\/pdi\/wp-json\/wp\/v2\/types\/page"}],"author":[{"embeddable":true,"href":"https:\/\/sites.uel.br\/pdi\/wp-json\/wp\/v2\/users\/8"}],"replies":[{"embeddable":true,"href":"https:\/\/sites.uel.br\/pdi\/wp-json\/wp\/v2\/comments?post=342"}],"version-history":[{"count":1,"href":"https:\/\/sites.uel.br\/pdi\/wp-json\/wp\/v2\/pages\/342\/revisions"}],"predecessor-version":[{"id":345,"href":"https:\/\/sites.uel.br\/pdi\/wp-json\/wp\/v2\/pages\/342\/revisions\/345"}],"wp:attachment":[{"href":"https:\/\/sites.uel.br\/pdi\/wp-json\/wp\/v2\/media?parent=342"}],"curies":[{"name":"wp","href":"https:\/\/api.w.org\/{rel}","templated":true}]}}