{"id":338,"date":"2022-09-07T18:00:17","date_gmt":"2022-09-07T21:00:17","guid":{"rendered":"https:\/\/sites.uel.br\/pdi\/?page_id=338"},"modified":"2022-09-07T18:11:34","modified_gmt":"2022-09-07T21:11:34","slug":"finalidades-da-uel","status":"publish","type":"page","link":"https:\/\/sites.uel.br\/pdi\/finalidades-da-uel\/","title":{"rendered":"Finalidades da UEL"},"content":{"rendered":"\n<p class=\"has-white-color has-text-color\">&#8211;<\/p>\n\n\n\n<p>A Universidade Estadual de Londrina, por meio indissoci\u00e1vel do ensino, pesquisa e extens\u00e3o, conforme disposto no Art. 3 de seu Estatuto, tem por finalidade:<\/p>\n\n\n\n<ul class=\"wp-block-list\"><li>Gerar, disseminar e socializar o conhecimento em padr\u00f5es elevados de qualidade e equidade.<\/li><li>Formar profissionais nas diferentes \u00e1reas do conhecimento.<\/li><li>Valorizar o ser humano, a vida, a cultura e o saber.<\/li><li>Promover a forma\u00e7\u00e3o humanista do cidad\u00e3o, com capacidade cr\u00edtica perante a sociedade, o Estado e o mercado.<\/li><li>Promover o desenvolvimento cient\u00edfico, tecnol\u00f3gico, econ\u00f4mico, social, art\u00edstico e cultural da sociedade.<\/li><li>Conservar e difundir os valores \u00e9ticos e de liberdade, igualdade e democracia.<\/li><li>Estimular a solidariedade humana na constru\u00e7\u00e3o da sociedade e na estrutura\u00e7\u00e3o da vida e do trabalho.<\/li><li>Educar para a cidadania, estimulando a atua\u00e7\u00e3o coletiva.<\/li><li>Propiciar condi\u00e7\u00f5es para a transforma\u00e7\u00e3o da realidade, visando justi\u00e7a e equidade social.<\/li><li>Estimular o conhecimento e a busca de solu\u00e7\u00f5es de problemas contempor\u00e2neos.<\/li><li>Estimular o conhecimento dos problemas do mundo presente, em particular os nacionais e regionais, prestar servi\u00e7os especializados \u00e0 comunidade e estabelecer uma rela\u00e7\u00e3o de reciprocidade.<\/li><\/ul>\n","protected":false},"excerpt":{"rendered":"<p>&#8211; A Universidade Estadual de Londrina, por meio indissoci\u00e1vel do ensino, pesquisa e extens\u00e3o, conforme disposto no Art. 3 de seu Estatuto, tem por finalidade: Gerar, disseminar e socializar o conhecimento em padr\u00f5es elevados de qualidade e equidade. Formar profissionais nas diferentes \u00e1reas do conhecimento. Valorizar o ser humano, a vida, a cultura e o [&hellip;]<\/p>\n","protected":false},"author":8,"featured_media":0,"parent":0,"menu_order":0,"comment_status":"closed","ping_status":"closed","template":"","meta":{"footnotes":""},"class_list":["post-338","page","type-page","status-publish","hentry"],"acf":[],"_links":{"self":[{"href":"https:\/\/sites.uel.br\/pdi\/wp-json\/wp\/v2\/pages\/338","targetHints":{"allow":["GET"]}}],"collection":[{"href":"https:\/\/sites.uel.br\/pdi\/wp-json\/wp\/v2\/pages"}],"about":[{"href":"https:\/\/sites.uel.br\/pdi\/wp-json\/wp\/v2\/types\/page"}],"author":[{"embeddable":true,"href":"https:\/\/sites.uel.br\/pdi\/wp-json\/wp\/v2\/users\/8"}],"replies":[{"embeddable":true,"href":"https:\/\/sites.uel.br\/pdi\/wp-json\/wp\/v2\/comments?post=338"}],"version-history":[{"count":2,"href":"https:\/\/sites.uel.br\/pdi\/wp-json\/wp\/v2\/pages\/338\/revisions"}],"predecessor-version":[{"id":375,"href":"https:\/\/sites.uel.br\/pdi\/wp-json\/wp\/v2\/pages\/338\/revisions\/375"}],"wp:attachment":[{"href":"https:\/\/sites.uel.br\/pdi\/wp-json\/wp\/v2\/media?parent=338"}],"curies":[{"name":"wp","href":"https:\/\/api.w.org\/{rel}","templated":true}]}}