{"id":333,"date":"2022-09-07T17:56:15","date_gmt":"2022-09-07T20:56:15","guid":{"rendered":"https:\/\/sites.uel.br\/pdi\/?page_id=333"},"modified":"2022-10-17T12:48:16","modified_gmt":"2022-10-17T15:48:16","slug":"convenios-melhoram-infraestrutura-digital-da-uel","status":"publish","type":"page","link":"https:\/\/sites.uel.br\/pdi\/convenios-melhoram-infraestrutura-digital-da-uel\/","title":{"rendered":"<strong>Conv\u00eanios Melhoram Infraestrutura Digital da UEL<\/strong>"},"content":{"rendered":"\n<p class=\"has-white-color has-text-color\">.<\/p>\n\n\n\n<p>Acordos representam avan\u00e7os tanto para as atividades acad\u00eamicas quanto administrativas<\/p>\n\n\n\n<p>Uma rede de fibra \u00f3tica para integrar os \u00f3rg\u00e3os estaduais e federais da regi\u00e3o metropolitana de Londrina e um sistema eletr\u00f4nico de gest\u00e3o de processos da Universidade. As duas melhorias digitais foram firmadas oficialmente este m\u00eas com assinatura de conv\u00eanio pela reitora Berenice Quinzani Jord\u00e3o e devem ser implantadas nos pr\u00f3ximos meses.&nbsp;<\/p>\n\n\n\n<p>O primeiro documento \u00e9 um memorando de entendimento com a Rede Nacional de Ensino e Pesquisa (RNP), do Minist\u00e9rio da Ci\u00eancia e Tecnologia do Governo Federal, para o acesso as Redes Comunit\u00e1rias de Educa\u00e7\u00e3o e Pesquisa (Redecomep).&nbsp;<\/p>\n\n\n\n<p>O objetivo do Redecomep \u00e9 implementar redes de alta velocidade em regi\u00f5es metropolitanas do pa\u00eds. De acordo com Leonardo Pinheiro, diretor da Assessoria de Tecnologia da Informa\u00e7\u00e3o (ATI), um anel de fibra \u00f3tica ser\u00e1 formado na regi\u00e3o metropolitana para atender \u00f3rg\u00e3os p\u00fablicos estaduais e federais, al\u00e9m de melhorar o acesso \u00e0 internet e permitir a integra\u00e7\u00e3o de ensino e pesquisa entre eles.&nbsp;<\/p>\n\n\n\n<p>A UEL recebe a infraestrutura central e vira ponto de agrega\u00e7\u00e3o de um n\u00facleo formado por Instituto Agron\u00f4mico do Paran\u00e1 (IAPAR), Prefeitura de Londrina, Universidade Tecnol\u00f3gica Federal do Paran\u00e1 (UTFPR), Instituto Federal do Paran\u00e1 (IFPR), Empresa Brasileira de Pesquisa Agron\u00f4mica (Embrapa), al\u00e9m de \u00f3rg\u00e3os da Universidade, Hospital Universit\u00e1rio (HU), Escrit\u00f3rio de Aplica\u00e7\u00e3o de Assuntos Jur\u00eddicos (EAAJ), Cl\u00ednica Odontol\u00f3gica Universit\u00e1ria (COU), Museu Hist\u00f3rico de Londrina e no Centro de Eventos Professor Reynaldo Ramon (antiga Equipe).&nbsp;<\/p>\n\n\n\n<p>Leonardo Pinheiro afirma que todos esses locais acessam a internet pela RNP, por\u00e9m individualmente, cada um ligado \u00e0 Central localizada em Curitiba. Ele explica ainda que, com a cria\u00e7\u00e3o dessa rede, a internet ser\u00e1 compartilhada e os custos tamb\u00e9m. A UEL, por exemplo, segundo ele, gasta mensalmente R$ 23 mil com servi\u00e7os de internet. \u201cA Universidade ter\u00e1 uma economia muito grande com a implanta\u00e7\u00e3o da rede\u201d, ressalta Leonardo Pinheiro. Conforme informa\u00e7\u00f5es da ATI, a partir desse m\u00eas, ser\u00e3o iniciados os ajustes e em outubro a rede j\u00e1 deve estar estabelecida na regi\u00e3o metropolitana.&nbsp;<\/p>\n\n\n\n<p>De acordo com a reitora da UEL, Berenice Jord\u00e3o, a tentativa de participar da Redecomep come\u00e7ou na gest\u00e3o anterior, por\u00e9m o Minist\u00e9rio da Ci\u00eancia e Tecnologia atendia apenas a \u00f3rg\u00e3os federais. Para Berenice Jord\u00e3o, \u00e9 uma conquista muito significativa para a Universidade, bem como um importante passo para a moderniza\u00e7\u00e3o e integra\u00e7\u00e3o com os demais \u00f3rg\u00e3os de pesquisa da cidade.<\/p>\n\n\n\n<p>SEI &#8211; O segundo conv\u00eanio, tamb\u00e9m assinado recentemente, \u00e9 um acordo de colabora\u00e7\u00e3o t\u00e9cnica com o Tribunal Regional Federal da 4\u00aa Regi\u00e3o (TRF4), de Porto Alegre, para a utiliza\u00e7\u00e3o do Sistema Eletr\u00f4nico de Informa\u00e7\u00e3o (SEI), um software do governo, utilizado por todas universidades federais. Este sistema vai permitir que todos os processos em suporte papel da Universidade sejam feitos digitalmente. \u201cEstamos buscando solu\u00e7\u00e3o para maior agilidade, menor burocratiza\u00e7\u00e3o, menor custo, al\u00e9m da perspectiva de inserir a Universidade num sistema informatizado\u201d, destacou a reitora.&nbsp;<\/p>\n\n\n\n<p>A ferramenta ser\u00e1 utilizada pelo Sistema de Arquivos da UEL (SAUEL), que atualmente protocola todos os processos da Universidade em papel. Segundo Edson Holtz, diretor do SAUEL, s\u00f3 em 2017 foi registrada a abertura de 26 mil processos em suporte papel. Com o Sistema Eletr\u00f4nico de Informa\u00e7\u00e3o, criado e cedido gratuitamente pelo TRF-4, segundo Edson, a expectativa \u00e9 atribuir mais agilidade administrativa. \u201cA&nbsp;tend\u00eancia \u00e9 que cada vez mais os processos e as informa\u00e7\u00f5es tramitem digitalmente dentro da Universidade\u201d, completou Holtz.&nbsp;<\/p>\n\n\n\n<p>O diretor explica ainda que no in\u00edcio da implanta\u00e7\u00e3o o sistema ser\u00e1 h\u00edbrido, com tramita\u00e7\u00e3o digital e tamb\u00e9m em suporte papel, at\u00e9 que se chegue a todo processo digital, como j\u00e1 ocorre na Universidade de Bras\u00edlia e Universidade Federal do Paran\u00e1, institui\u00e7\u00f5es que j\u00e1 utilizam o SEI. Ainda segundo o diretor do SAUEL, a ferramenta \u00e9 segura, pois n\u00e3o permite que documentos sejam retirados, apenas adicionados. A cria\u00e7\u00e3o de um login de acesso gera uma assinatura digital, o que permite que o processo seja acessado e assinado de qualquer lugar do mundo. \u201cD\u00e1 um clique e j\u00e1 est\u00e1 assinado\u201d, resume Holtz.\u00a0A implanta\u00e7\u00e3o do SEI est\u00e1 na etapa de estudo, planejamento e avalia\u00e7\u00e3o. Com a libera\u00e7\u00e3o do acesso e do software pelo TRF, no pr\u00f3ximo semestre as atividades de protocolos digitais devem se iniciar.<\/p>\n\n\n\n<p class=\"has-white-color has-text-color\">.<\/p>\n\n\n\n<p class=\"has-text-align-center\">O texto est\u00e1 citado na lista de refer\u00eancias como JORNAL NOT\u00cdCIA (2018c).<\/p>\n","protected":false},"excerpt":{"rendered":"<p>. Acordos representam avan\u00e7os tanto para as atividades acad\u00eamicas quanto administrativas Uma rede de fibra \u00f3tica para integrar os \u00f3rg\u00e3os estaduais e federais da regi\u00e3o metropolitana de Londrina e um sistema eletr\u00f4nico de gest\u00e3o de processos da Universidade. As duas melhorias digitais foram firmadas oficialmente este m\u00eas com assinatura de conv\u00eanio pela reitora Berenice Quinzani [&hellip;]<\/p>\n","protected":false},"author":8,"featured_media":0,"parent":0,"menu_order":0,"comment_status":"closed","ping_status":"closed","template":"","meta":{"footnotes":""},"class_list":["post-333","page","type-page","status-publish","hentry"],"acf":[],"_links":{"self":[{"href":"https:\/\/sites.uel.br\/pdi\/wp-json\/wp\/v2\/pages\/333","targetHints":{"allow":["GET"]}}],"collection":[{"href":"https:\/\/sites.uel.br\/pdi\/wp-json\/wp\/v2\/pages"}],"about":[{"href":"https:\/\/sites.uel.br\/pdi\/wp-json\/wp\/v2\/types\/page"}],"author":[{"embeddable":true,"href":"https:\/\/sites.uel.br\/pdi\/wp-json\/wp\/v2\/users\/8"}],"replies":[{"embeddable":true,"href":"https:\/\/sites.uel.br\/pdi\/wp-json\/wp\/v2\/comments?post=333"}],"version-history":[{"count":3,"href":"https:\/\/sites.uel.br\/pdi\/wp-json\/wp\/v2\/pages\/333\/revisions"}],"predecessor-version":[{"id":1261,"href":"https:\/\/sites.uel.br\/pdi\/wp-json\/wp\/v2\/pages\/333\/revisions\/1261"}],"wp:attachment":[{"href":"https:\/\/sites.uel.br\/pdi\/wp-json\/wp\/v2\/media?parent=333"}],"curies":[{"name":"wp","href":"https:\/\/api.w.org\/{rel}","templated":true}]}}