{"id":329,"date":"2022-09-07T17:55:41","date_gmt":"2022-09-07T20:55:41","guid":{"rendered":"https:\/\/sites.uel.br\/pdi\/?page_id=329"},"modified":"2022-10-17T12:46:48","modified_gmt":"2022-10-17T15:46:48","slug":"hu-entra-para-projeto-lean-nas-emergencias","status":"publish","type":"page","link":"https:\/\/sites.uel.br\/pdi\/hu-entra-para-projeto-lean-nas-emergencias\/","title":{"rendered":"<strong>HU Entra para Projeto Lean nas Emerg\u00eancias<\/strong>"},"content":{"rendered":"\n<p class=\"has-white-color has-text-color\">.<\/p>\n\n\n\n<p>O Hospital Universit\u00e1rio da UEL \u00e9 um dos dois hospitais do Paran\u00e1 selecionados, na segunda etapa, para o Projeto Lean nas Emerg\u00eancias do SUS, do Minist\u00e9rio da Sa\u00fade, executado atrav\u00e9s do Proadi-SUS (Programa de Apoio ao Desenvolvimento Institucional do SUS). Em todo o Brasil, foram selecionados apenas 10 hospitais, e at\u00e9 2020, 100 servi\u00e7os de emerg\u00eancia ser\u00e3o treinados. O projeto piloto foi desenvolvido em 2017 com a participa\u00e7\u00e3o de seis hospitais brasileiros. O Hospital S\u00edrio Liban\u00eas, de S\u00e3o Paulo, atua como consultor.<\/p>\n\n\n\n<p>O Projeto Lean tem o objetivo de reduzir a superlota\u00e7\u00e3o e tempo de perman\u00eancia do paciente nas emerg\u00eancias atrav\u00e9s da metodologia Lean, com foco no fluxo do paciente, tempo de atendimento e ferramentas de padroniza\u00e7\u00e3o. Com a metodologia aplicada, espera-se desenvolver um programa de excel\u00eancia operacional nas emerg\u00eancias. Lean significa, em portugu\u00eas, \u2018enxuto\u2019, d\u00e1 nome ao projeto e origina-se de uma filosofia de gest\u00e3o inspirada em pr\u00e1ticas e resultados do Sistema Toyota, para administrar a produ\u00e7\u00e3o industrial e trabalhar para melhorar processos com base no tempo, assegurando fluxos cont\u00ednuos e eliminando desperd\u00edcios e atividades de baixo valor agregado, agora adaptada \u00e0 pr\u00e1tica hospitalar.&nbsp;<\/p>\n\n\n\n<p>No HU, os primeiros contatos com o Hospital S\u00edrio Liban\u00eas foram iniciados em 26 de abril deste ano, com a vinda do engenheiro industrial do hospital, Marco Saavedra-Bravo. Desde ent\u00e3o, uma s\u00e9rie de visitas foi realizada por equipes do hospital paulista. Entre 4 e 6 de junho, nove profissionais do HU foram ao S\u00edrio Liban\u00eas realizar treinamento e capacita\u00e7\u00e3o, tratar dos detalhes da implanta\u00e7\u00e3o do projeto no HU e assinar o termo de compromisso, junto com o hospital paulista e o Minist\u00e9rio da Sa\u00fade. Pelo HU assinou o documento, como sponcer (respons\u00e1vel t\u00e9cnica), a enfermeira Vivian Feij\u00f3, diretora de Enfermagem na \u00e9poca e atual superintendente. A coordenadora no HU \u00e9 a enfermeira chefe da Divis\u00e3o de Pronto Socorro (PS), Fernanda Floter.&nbsp;<\/p>\n\n\n\n<p>No dia 11, ainda na fase inicial da implanta\u00e7\u00e3o do projeto Lean, o HU recebeu o coordenador m\u00e9dico do projeto, Welfane Cordeiro Junior, o m\u00e9dico tutor Alisson Ver\u00edssimo e a engenheira de produ\u00e7\u00e3o Isabelli Gomes, que fizeram explana\u00e7\u00e3o sobre o Lean. A primeira das a\u00e7\u00f5es pr\u00e1ticas de implementa\u00e7\u00e3o do Projeto, denominada de Dia D, foi realizada no PS, no dia 20, com as pr\u00e1ticas do 5S, que trata de organiza\u00e7\u00e3o, limpeza, higiene, autodisciplina e descarte.\u00a0\u201cO HU vai ganhar muito com essa metodologia, com aprendizado transmitido pelo S\u00edrio Liban\u00eas, melhorando o processo de trabalho, o atendimento aos pacientes e a satisfa\u00e7\u00e3o do usu\u00e1rio com novos procedimentos em casos de superlota\u00e7\u00e3o\u201d, explica Fernanda Floter. Segundo ela, nessa segunda fase o S\u00edrio Liban\u00eas vai fazer o acompanhamento e monitoriza\u00e7\u00e3o de dados, por seis meses, com visitas quinzenais, e vai determinar as tarefas que o hospital tem que cumprir dentro do cronograma de atividades.<\/p>\n\n\n\n<p class=\"has-text-color\" style=\"color:#fefefe\">.<\/p>\n\n\n\n<p class=\"has-text-align-center\">O texto est\u00e1 citado na lista de refer\u00eancias como JORNAL NOT\u00cdCIA (2018b).<\/p>\n","protected":false},"excerpt":{"rendered":"<p>. O Hospital Universit\u00e1rio da UEL \u00e9 um dos dois hospitais do Paran\u00e1 selecionados, na segunda etapa, para o Projeto Lean nas Emerg\u00eancias do SUS, do Minist\u00e9rio da Sa\u00fade, executado atrav\u00e9s do Proadi-SUS (Programa de Apoio ao Desenvolvimento Institucional do SUS). Em todo o Brasil, foram selecionados apenas 10 hospitais, e at\u00e9 2020, 100 servi\u00e7os [&hellip;]<\/p>\n","protected":false},"author":8,"featured_media":0,"parent":0,"menu_order":0,"comment_status":"closed","ping_status":"closed","template":"","meta":{"footnotes":""},"class_list":["post-329","page","type-page","status-publish","hentry"],"acf":[],"_links":{"self":[{"href":"https:\/\/sites.uel.br\/pdi\/wp-json\/wp\/v2\/pages\/329","targetHints":{"allow":["GET"]}}],"collection":[{"href":"https:\/\/sites.uel.br\/pdi\/wp-json\/wp\/v2\/pages"}],"about":[{"href":"https:\/\/sites.uel.br\/pdi\/wp-json\/wp\/v2\/types\/page"}],"author":[{"embeddable":true,"href":"https:\/\/sites.uel.br\/pdi\/wp-json\/wp\/v2\/users\/8"}],"replies":[{"embeddable":true,"href":"https:\/\/sites.uel.br\/pdi\/wp-json\/wp\/v2\/comments?post=329"}],"version-history":[{"count":3,"href":"https:\/\/sites.uel.br\/pdi\/wp-json\/wp\/v2\/pages\/329\/revisions"}],"predecessor-version":[{"id":1259,"href":"https:\/\/sites.uel.br\/pdi\/wp-json\/wp\/v2\/pages\/329\/revisions\/1259"}],"wp:attachment":[{"href":"https:\/\/sites.uel.br\/pdi\/wp-json\/wp\/v2\/media?parent=329"}],"curies":[{"name":"wp","href":"https:\/\/api.w.org\/{rel}","templated":true}]}}