{"id":325,"date":"2022-09-07T17:54:58","date_gmt":"2022-09-07T20:54:58","guid":{"rendered":"https:\/\/sites.uel.br\/pdi\/?page_id=325"},"modified":"2022-10-17T12:45:16","modified_gmt":"2022-10-17T15:45:16","slug":"uel-tem-5-novos-doutorados","status":"publish","type":"page","link":"https:\/\/sites.uel.br\/pdi\/uel-tem-5-novos-doutorados\/","title":{"rendered":"<strong>UEL Tem 5 Novos Doutorados<\/strong>"},"content":{"rendered":"\n<p class=\"has-white-color has-text-color\">.<\/p>\n\n\n\n<p>Produ\u00e7\u00e3o cient\u00edfica e avalia\u00e7\u00e3o da CAPES&nbsp;garante \u00e0 UEL cinco novos Programas de Doutorado, tr\u00eas em Humanas.<\/p>\n\n\n\n<p>Em 2019, a Universidade Estadual de Londrina ter\u00e1 cinco novas turmas de Doutorado, alimentando um c\u00edrculo virtuoso de produ\u00e7\u00e3o cient\u00edfica de qualidade, aumento de projetos de pesquisa e recursos de fomento, e crescimento institucional. Foram aprovados pela Capes (Coordena\u00e7\u00e3o de Aperfei\u00e7oamento de Pessoal de N\u00edvel Superior) cinco novos Doutorados: Arquitetura e Urbanismo UEM\/UEL (Centro de Tecnologia e Urbanismo); Ci\u00eancia da Informa\u00e7\u00e3o (Centro de Educa\u00e7\u00e3o, Comunica\u00e7\u00e3o e Artes); Filosofia (Centro de Letras e Ci\u00eancias Humanas); Fisiopatologia Cl\u00ednica e Laboratorial (Centro de Ci\u00eancias da Sa\u00fade) e Sociologia (Centro de Letras e Ci\u00eancias Humanas). Considerando o n\u00famero atual de Doutorados na institui\u00e7\u00e3o (25), o aumento \u00e9 de 20%. Vale ressaltar que a maioria dos Mestrados respectivos s\u00e3o relativamente novos: o do CCS \u00e9 de 2016 e outros tr\u00eas s\u00e3o de 2012. E ainda: o Doutorado em Arquitetura \u00e9 o primeiro do Paran\u00e1 e o terceiro do sul do Brasil.<\/p>\n\n\n\n<p>Na avalia\u00e7\u00e3o do pr\u00f3-reitor de Pesquisa e P\u00f3s-gradua\u00e7\u00e3o, professor Amauri Alfieri, os novos Doutorados refletem a qualidade dos respectivos Mestrados e demonstram o peso das p\u00f3s- gradua\u00e7\u00f5es na institui\u00e7\u00e3o, pois para um Doutorado ser autorizado pela Capes, o Mestrado deve alcan\u00e7ar nota 4 na avalia\u00e7\u00e3o quadrienal, o que os cinco fizeram nas avalia\u00e7\u00f5es de 2017. Al\u00e9m disso, afirma Amauri, a P\u00f3s- gradua\u00e7\u00e3o contribui muito para as boas posi\u00e7\u00f5es da UEL nos rankings nacionais e internacionais. \u201cAssim a UEL cresce e se destaca, na chamada verticaliza\u00e7\u00e3o do ensino\u201d, declara o pr\u00f3-reitor.<\/p>\n\n\n\n<p>Um dos efeitos da abertura de novos Doutorados \u00e9 a possibilidade de gerar ainda mais projetos de pesquisa capazes de concorrer em editais nacionais e internacionais e obter recursos de fomento. \u00c9 um c\u00edrculo virtuoso, no qual a produ\u00e7\u00e3o cient\u00edfica gera recursos, que gera crescimento e conseq\u00fcente maior produ\u00e7\u00e3o cient\u00edfica de qualidade. Para o pr\u00f3-reitor, o que pesa na aprova\u00e7\u00e3o de um novo Doutorado \u00e9 principalmente a produ\u00e7\u00e3o cient\u00edfica regular de todo o corpo docente do Mestrado, e principalmente do corpo discente como coautor.<\/p>\n\n\n\n<p>O professor Amauri lembra que as avalia\u00e7\u00f5es da Capes s\u00e3o r\u00edgidas e os Programas t\u00eam sua responsabilidade aumentada quando abrem um Doutorado. Se a avalia\u00e7\u00e3o cai para nota 3, por exemplo, o Programa perde o Doutorado. Tr\u00eas notas 3 seguidas custam o pr\u00f3prio Mestrado.<\/p>\n\n\n\n<p>Para o coordenador do Programa de Filosofia, professor Eder Soares Santos, a recente aprova\u00e7\u00e3o do Doutorado em Filosofia pela Capes representa para o Departamento e Programa de P\u00f3s-gradua\u00e7\u00e3o o coroamento dos esfor\u00e7os de todos os professores em buscar oferecer uma gradua\u00e7\u00e3o e pesquisa em Filosofia em n\u00edveis de excel\u00eancia. \u201cEstivemos na \u00faltima avalia\u00e7\u00e3o entre os Programas mais produtivos da nossa comunidade filos\u00f3fica e nossos alunos t\u00eam defendido disserta\u00e7\u00f5es de reconhecida qualidade. Nossa meta \u00e9 manter o que j\u00e1 conquistamos e elevar ainda mais a qualidade de nossas atividades, focando na expans\u00e3o nacional e internacional de nossas atividades de pesquisa\u201d, afirma.<\/p>\n\n\n\n<p>O coordenador do Doutorado em Arquitetura, professor Sidnei Guadanhim, destaca a associa\u00e7\u00e3o entre as duas maiores institui\u00e7\u00f5es de ensino superior p\u00fablicas do estado (UEL e UEM) e a expectativa de que o Doutorado amplie a \u00e1rea de influ\u00eancia, que j\u00e1 abrange toda a regi\u00e3o sul, e parte dos estados de S\u00e3o Paulo e Mato Grosso do Sul. Para Sidnei, \u00e9 um avan\u00e7o na forma\u00e7\u00e3o de pesquisadores qualificados para inovar e estabelecer novos conceitos, m\u00e9todos e t\u00e9cnicas para o projeto da edifica\u00e7\u00e3o e o planejamento urbano. E ainda um \u201caprofundamento do conhecimento reflexivo, anal\u00edtico e propositivo relativo \u00e0 intera\u00e7\u00e3o entre projeto, ambiente constru\u00eddo, usu\u00e1rio e tecnologias, a fim de contribuir para a melhoria da qualidade de vida nas cidades\u201d.A professora M\u00e1rcia Regina Eches Perugini (Departamento de An\u00e1lises Cl\u00ednicas e Toxicol\u00f3gicas\/Centro de Ci\u00eancias da Sa\u00fade), coordenadora do novo Doutorado em Fisiopatologia Cl\u00ednica e Laboratorial, destaca que o Doutorado foi criado apenas dois anos ap\u00f3s o in\u00edcio do Mestrado, e \u00e9 oferecido em conjunto com os Departamentos de Microbiologia e Patologia Experimental do Centro de Ci\u00eancias Biol\u00f3gicas. O Programa visa atender \u00e0 crescente demanda por qualifica\u00e7\u00e3o nesta \u00e1rea de concentra\u00e7\u00e3o e contribuir para o desenvolvimento cient\u00edfico-tecnol\u00f3gico, ao aprimoramento do processo ensino-aprendizagem e \u00e0 dissemina\u00e7\u00e3o do conhecimento. \u201cA aprova\u00e7\u00e3o, tanto do Doutorado como do Mestrado, com conceito 4 pela CAPES, nos enche de orgulho e consolida a excel\u00eancia no Ensino, Pesquisa, Extens\u00e3o e Coopera\u00e7\u00e3o t\u00e9cnico-cient\u00edfica do corpo docente\u201d, enfatiza M\u00e1rcia.<\/p>\n\n\n\n<p class=\"has-white-color has-text-color\">.<\/p>\n\n\n\n<p class=\"has-text-align-center\">O texto est\u00e1 citado na lista de refer\u00eancias como JORNAL NOT\u00cdCIA (2018a).<\/p>\n","protected":false},"excerpt":{"rendered":"<p>. Produ\u00e7\u00e3o cient\u00edfica e avalia\u00e7\u00e3o da CAPES&nbsp;garante \u00e0 UEL cinco novos Programas de Doutorado, tr\u00eas em Humanas. Em 2019, a Universidade Estadual de Londrina ter\u00e1 cinco novas turmas de Doutorado, alimentando um c\u00edrculo virtuoso de produ\u00e7\u00e3o cient\u00edfica de qualidade, aumento de projetos de pesquisa e recursos de fomento, e crescimento institucional. Foram aprovados pela Capes [&hellip;]<\/p>\n","protected":false},"author":8,"featured_media":0,"parent":0,"menu_order":0,"comment_status":"closed","ping_status":"closed","template":"","meta":{"footnotes":""},"class_list":["post-325","page","type-page","status-publish","hentry"],"acf":[],"_links":{"self":[{"href":"https:\/\/sites.uel.br\/pdi\/wp-json\/wp\/v2\/pages\/325","targetHints":{"allow":["GET"]}}],"collection":[{"href":"https:\/\/sites.uel.br\/pdi\/wp-json\/wp\/v2\/pages"}],"about":[{"href":"https:\/\/sites.uel.br\/pdi\/wp-json\/wp\/v2\/types\/page"}],"author":[{"embeddable":true,"href":"https:\/\/sites.uel.br\/pdi\/wp-json\/wp\/v2\/users\/8"}],"replies":[{"embeddable":true,"href":"https:\/\/sites.uel.br\/pdi\/wp-json\/wp\/v2\/comments?post=325"}],"version-history":[{"count":2,"href":"https:\/\/sites.uel.br\/pdi\/wp-json\/wp\/v2\/pages\/325\/revisions"}],"predecessor-version":[{"id":1257,"href":"https:\/\/sites.uel.br\/pdi\/wp-json\/wp\/v2\/pages\/325\/revisions\/1257"}],"wp:attachment":[{"href":"https:\/\/sites.uel.br\/pdi\/wp-json\/wp\/v2\/media?parent=325"}],"curies":[{"name":"wp","href":"https:\/\/api.w.org\/{rel}","templated":true}]}}