{"id":320,"date":"2022-09-07T17:53:34","date_gmt":"2022-09-07T20:53:34","guid":{"rendered":"https:\/\/sites.uel.br\/pdi\/?page_id=320"},"modified":"2022-10-17T12:44:06","modified_gmt":"2022-10-17T15:44:06","slug":"curso-de-direito-recebe-selo-de-qualidade-oab","status":"publish","type":"page","link":"https:\/\/sites.uel.br\/pdi\/curso-de-direito-recebe-selo-de-qualidade-oab\/","title":{"rendered":"<strong>Curso de Direito Recebe Selo de Qualidade OAB<\/strong>"},"content":{"rendered":"\n<p class=\"has-white-color has-text-color\">.<\/p>\n\n\n\n<p>O curso de Direito da UEL foi um dos 161 contemplados com o Selo de Qualidade OAB Recomenda, entregue no dia 30 de janeiro, na sede do Conselho Federal da Ordem dos Advogados do Brasil, em Bras\u00edlia, aos representantes das universidades e faculdades que mais se destacaram. O premio foi recebido pela diretora do Centro de Estudos Sociais Aplicados, T\u00e2nia Lobo Muniz (Departamento de Direito Publico), tamb\u00e9m professora do Programa de P\u00f3s-gradua\u00e7\u00e3o do curso.<\/p>\n\n\n\n<p>Na UEL, o curso completa 50 anos em 2019, criado antes mesmo do reconhecimento da institui\u00e7\u00e3o como Universidade. O curso atende 1,2 mil alunos, re\u00fane cerca de 80 professores (sendo mais de 80% com Doutora- do) e oferece um Mestrado e sete Especializa\u00e7\u00f5es.<\/p>\n\n\n\n<p>Em sua 6a edi\u00e7\u00e3o, o Selo Qualidade OAB Recomenda analisou os 1.212 cursos que atenderam \u00e0s exig\u00eancias para participar da pesquisa, e somente 161 institui\u00e7\u00f5es foram premia- das. Segundo a professora T\u00e2nia, a metodologia partiu dos resultados dos estudantes no Exame Nacional de Desempenho dos Estudantes (ENADE) e na prova da OAB dos \u00faltimos tr\u00eas anos. Os cursos foram classificados de acordo com aprova\u00e7\u00e3o e desempenho de seus acad\u00eamicos.<\/p>\n\n\n\n<p>\u201cA OAB considerou o conhecimento do estudante que vai para a advocacia. Nosso aluno consegue sucesso porque a base \u00e9 boa, amparada na nossa tradi\u00e7\u00e3o. Nossa preocupa\u00e7\u00e3o \u00e9 orientar o acad\u00eamico nesse campo amplo que \u00e9 o Direito hoje\u201d, resume a professora T\u00e2nia Muniz. No Paran\u00e1\u0301, al\u00e9m da UEL, tamb\u00e9m receberam o selo a UFPR, Unioeste, UEM, UENP e UEPG, al\u00e9m de seis institui\u00e7\u00f5es privadas.Institu\u00eddo em 2001, o Selo de Qualidade OAB Recomenda \u00e9 concedido a cada tr\u00eas anos \u00e0s institui\u00e7\u00f5es de ensino superior brasileiras que se destacam na forma\u00e7\u00e3o de bachar\u00e9is de Direito, combinando dois crit\u00e9rios: o desempenho no Exame Nacional de Desempenho dos Estudantes (ENADE) e o \u00edndice de aprova\u00e7\u00e3o no Exame da Ordem.<\/p>\n\n\n\n<p class=\"has-text-color\" style=\"color:#fefefe\">.<\/p>\n\n\n\n<p class=\"has-text-align-center\">O texto est\u00e1 citado na lista de refer\u00eancias como JORNAL NOT\u00cdCIA (2019b).<\/p>\n","protected":false},"excerpt":{"rendered":"<p>. O curso de Direito da UEL foi um dos 161 contemplados com o Selo de Qualidade OAB Recomenda, entregue no dia 30 de janeiro, na sede do Conselho Federal da Ordem dos Advogados do Brasil, em Bras\u00edlia, aos representantes das universidades e faculdades que mais se destacaram. O premio foi recebido pela diretora do [&hellip;]<\/p>\n","protected":false},"author":8,"featured_media":0,"parent":0,"menu_order":0,"comment_status":"closed","ping_status":"closed","template":"","meta":{"footnotes":""},"class_list":["post-320","page","type-page","status-publish","hentry"],"acf":[],"_links":{"self":[{"href":"https:\/\/sites.uel.br\/pdi\/wp-json\/wp\/v2\/pages\/320","targetHints":{"allow":["GET"]}}],"collection":[{"href":"https:\/\/sites.uel.br\/pdi\/wp-json\/wp\/v2\/pages"}],"about":[{"href":"https:\/\/sites.uel.br\/pdi\/wp-json\/wp\/v2\/types\/page"}],"author":[{"embeddable":true,"href":"https:\/\/sites.uel.br\/pdi\/wp-json\/wp\/v2\/users\/8"}],"replies":[{"embeddable":true,"href":"https:\/\/sites.uel.br\/pdi\/wp-json\/wp\/v2\/comments?post=320"}],"version-history":[{"count":3,"href":"https:\/\/sites.uel.br\/pdi\/wp-json\/wp\/v2\/pages\/320\/revisions"}],"predecessor-version":[{"id":1256,"href":"https:\/\/sites.uel.br\/pdi\/wp-json\/wp\/v2\/pages\/320\/revisions\/1256"}],"wp:attachment":[{"href":"https:\/\/sites.uel.br\/pdi\/wp-json\/wp\/v2\/media?parent=320"}],"curies":[{"name":"wp","href":"https:\/\/api.w.org\/{rel}","templated":true}]}}