{"id":3118,"date":"2022-11-15T09:33:01","date_gmt":"2022-11-15T12:33:01","guid":{"rendered":"https:\/\/sites.uel.br\/pdi\/?page_id=3118"},"modified":"2024-07-18T15:03:46","modified_gmt":"2024-07-18T18:03:46","slug":"apresentacao-institucional-introducao-ao-pdi-uel-2023-2027-em-pdf","status":"publish","type":"page","link":"https:\/\/sites.uel.br\/pdi\/apresentacao-institucional-introducao-ao-pdi-uel-2023-2027-em-pdf\/","title":{"rendered":"Apresenta\u00e7\u00e3o Institucional &#8211; INTRODU\u00c7\u00c3O AO PDI UEL 2024-2028 (EM PDF)"},"content":{"rendered":"\n<p class=\"has-white-color has-text-color\">.<\/p>\n\n\n\n<div class=\"wp-block-columns is-not-stacked-on-mobile is-layout-flex wp-container-core-columns-is-layout-9d6595d7 wp-block-columns-is-layout-flex\">\n<div class=\"wp-block-column is-layout-flow wp-block-column-is-layout-flow\">\n<figure class=\"wp-block-gallery has-nested-images columns-default is-cropped wp-block-gallery-1 is-layout-flex wp-block-gallery-is-layout-flex\">\n<figure class=\"wp-block-image size-large\"><a href=\"https:\/\/sites.uel.br\/pdi\/wp-content\/uploads\/2024\/07\/ME0-Apresentacao-Institucional-Contextualizada.pdf\"><img loading=\"lazy\" decoding=\"async\" width=\"1024\" height=\"604\" data-id=\"3113\" src=\"https:\/\/sites.uel.br\/pdi\/wp-content\/uploads\/2022\/11\/apdf01-1024x604.png\" alt=\"\" class=\"wp-image-3113\" srcset=\"https:\/\/sites.uel.br\/pdi\/wp-content\/uploads\/2022\/11\/apdf01-1024x604.png 1024w, https:\/\/sites.uel.br\/pdi\/wp-content\/uploads\/2022\/11\/apdf01-300x177.png 300w, https:\/\/sites.uel.br\/pdi\/wp-content\/uploads\/2022\/11\/apdf01-768x453.png 768w, https:\/\/sites.uel.br\/pdi\/wp-content\/uploads\/2022\/11\/apdf01-1536x906.png 1536w, https:\/\/sites.uel.br\/pdi\/wp-content\/uploads\/2022\/11\/apdf01.png 2029w\" sizes=\"auto, (max-width: 1024px) 100vw, 1024px\" \/><\/a><\/figure>\n<\/figure>\n<\/div>\n\n\n\n<div class=\"wp-block-column is-layout-flow wp-block-column-is-layout-flow\"><\/div>\n\n\n\n<div class=\"wp-block-column is-layout-flow wp-block-column-is-layout-flow\"><\/div>\n<\/div>\n\n\n\n<p><\/p>\n","protected":false},"excerpt":{"rendered":"<p>.<\/p>\n","protected":false},"author":8,"featured_media":0,"parent":0,"menu_order":0,"comment_status":"closed","ping_status":"closed","template":"","meta":{"footnotes":""},"class_list":["post-3118","page","type-page","status-publish","hentry"],"acf":[],"_links":{"self":[{"href":"https:\/\/sites.uel.br\/pdi\/wp-json\/wp\/v2\/pages\/3118","targetHints":{"allow":["GET"]}}],"collection":[{"href":"https:\/\/sites.uel.br\/pdi\/wp-json\/wp\/v2\/pages"}],"about":[{"href":"https:\/\/sites.uel.br\/pdi\/wp-json\/wp\/v2\/types\/page"}],"author":[{"embeddable":true,"href":"https:\/\/sites.uel.br\/pdi\/wp-json\/wp\/v2\/users\/8"}],"replies":[{"embeddable":true,"href":"https:\/\/sites.uel.br\/pdi\/wp-json\/wp\/v2\/comments?post=3118"}],"version-history":[{"count":5,"href":"https:\/\/sites.uel.br\/pdi\/wp-json\/wp\/v2\/pages\/3118\/revisions"}],"predecessor-version":[{"id":4500,"href":"https:\/\/sites.uel.br\/pdi\/wp-json\/wp\/v2\/pages\/3118\/revisions\/4500"}],"wp:attachment":[{"href":"https:\/\/sites.uel.br\/pdi\/wp-json\/wp\/v2\/media?parent=3118"}],"curies":[{"name":"wp","href":"https:\/\/api.w.org\/{rel}","templated":true}]}}