{"id":311,"date":"2022-09-07T17:50:43","date_gmt":"2022-09-07T20:50:43","guid":{"rendered":"https:\/\/sites.uel.br\/pdi\/?page_id=311"},"modified":"2022-10-17T12:28:21","modified_gmt":"2022-10-17T15:28:21","slug":"pesquisa-selecionada-pelo-cnpq-estuda-covid-19-e-influenza","status":"publish","type":"page","link":"https:\/\/sites.uel.br\/pdi\/pesquisa-selecionada-pelo-cnpq-estuda-covid-19-e-influenza\/","title":{"rendered":"<strong>Pesquisa Selecionada pelo CNPq Estuda COVID-19 e Influenza<\/strong>"},"content":{"rendered":"\n<p class=\"has-white-color has-text-color\">.<\/p>\n\n\n\n<p>A UEL foi uma das tr\u00eas institui\u00e7\u00f5es paranaenses contempladas com recursos para pesquisas em torno da COVID-19 e do v\u00edrus SARS-CoV-2, junto com a Universidade Estadual de Maring\u00e1 e a Universidade Federal do Paran\u00e1. O Edital foi aberto pelos Minist\u00e9rios da Sa\u00fade; Ci\u00eancia, Tecnologia e Inova\u00e7\u00f5es; e Conselho Nacional de Desenvolvimento Cient\u00edfico e Tecnol\u00f3gico (CNPq), com o objetivo de estimular solu\u00e7\u00f5es para a doen\u00e7a pand\u00eamica em v\u00e1rias linhas de pesquisa.<\/p>\n\n\n\n<p>Ao receber e divulgar o Edital, a Pr\u00f3-Reitoria de Pesquisa e P\u00f3s-Gradua\u00e7\u00e3o (PROPPG) promoveu um di\u00e1logo entre pesquisadores de v\u00e1rias \u00e1reas e linhas, a fim de elaborar projetos para responder o Edital. A UEL foi contemplada com recursos de R$ 931.400,00 para, num prazo de at\u00e9 dois anos, desenvolver pesquisas na \u00e1rea de diagn\u00f3stico. Vale mencionar que, das 2219 protocoladas em todo o pa\u00eds, apenas 90 foram escolhidas, que somar\u00e3o R$ 45,5 milh\u00f5es em investimentos.<\/p>\n\n\n\n<p>A professora Sueli Fumie Yamada Ogatta (Departamento de Microbiologia) \u00e9 a coordenadora geral do projeto da UEL aprovado e j\u00e1 desenvolvia pesquisas em diagn\u00f3stico, baseadas na identifica\u00e7\u00e3o de agentes causadores de infec\u00e7\u00f5es microbianas. Com o projeto, os estudos se ampliaram para diagn\u00f3stico de v\u00edrus causadores de infec\u00e7\u00f5es respirat\u00f3rias graves, com foco na detec\u00e7\u00e3o tanto do agente quanto nos anticorpos produzidos pela pessoa infectada. Uma das grandes vantagens da pesquisa da UEL, segundo a professora Sueli, \u00e9 a redu\u00e7\u00e3o dos custos nos insumos, que pode, ao final, fazer um teste para COVID-19 ficar aproximadamente 60% mais barato.<\/p>\n\n\n\n<p>Mas os diferenciais v\u00e3o muito al\u00e9m do aspecto econ\u00f4mico. Como o projeto da UEL envolve 27 pesquisadores, al\u00e9m de estudantes de gradua\u00e7\u00e3o e p\u00f3s-gradua\u00e7\u00e3o, de diferentes \u00e1reas, o avan\u00e7o cient\u00edfico \u00e9 muito expressivo. S\u00e3o tr\u00eas as abordagens previstas no projeto. A primeira gira em torno da identifica\u00e7\u00e3o do v\u00edrus atrav\u00e9s da amplifica\u00e7\u00e3o de RNA (material gen\u00e9tico do v\u00edrus), e \u00e9 aqui que aparece a economia: os testes comerciais utilizam uma sonda (que \u00e9 complementar ao alvo amplificado) entre outros reagentes, mas o modelo da UEL n\u00e3o utilizar\u00e1 este componente; al\u00e9m disso, no mesmo teste ser\u00e3o pesquisados outros v\u00edrus respons\u00e1veis por infec\u00e7\u00f5es respirat\u00f3rias graves, como por exemplo, o v\u00edrus influenza causador da gripe.<\/p>\n\n\n\n<p>Outra metodologia consiste no diagn\u00f3stico imunol\u00f3gico utilizando anticorpos purificados em ovos de galinha. Os pesquisadores inoculam uma prote\u00edna do v\u00edrus na ave e depois purificam o anticorpo a partir da gema do ovo. Este anticorpo (IgY) pode ser em- pregado para detectar o ant\u00edgeno (v\u00edrus) ou o anticorpo. A terceira abordagem diagn\u00f3stica \u00e9 de natureza qu\u00edmica e \u00e9 baseada em impress\u00e3o molecular de pol\u00edmeros biomim\u00e9ticos.<\/p>\n\n\n\n<p>Segundo o professor Cesar Ricardo Teixeira Tarley, Departamento de Qu\u00edmica, do Centro de Ci\u00eancias Exatas (CCE), trata-se de empregar um pol\u00edmero sintetizado na presen\u00e7a do v\u00edrus inativado. A polimeriza\u00e7\u00e3o resulta em cavidades nas quais o v\u00edrus se encaixa, possibilitando confirmar sua presen\u00e7a em uma amostra de saliva com maior seletividade, por uma rea\u00e7\u00e3o colorim\u00e9trica ou por meio de medidas eletroqu\u00edmicas. Outra grande vantagem deste modelo \u00e9 a rapidez \u2013 o resultado \u00e9 t\u00e3o r\u00e1pido quanto um teste de gravidez de farm\u00e1cia.A pesquisa da UEL re\u00fane ao todo 27 pesquisadores de v\u00e1rias institui\u00e7\u00f5es, como a UEM, Universidade de S\u00e3o Paulo, Funda\u00e7\u00e3o Osvaldo Cruz\/Paran\u00e1, Hospital Evang\u00e9lico de Londrina, Instituto Respirar de Londrina e Instituto de Biologia Molecular do Paran\u00e1. Na UEL, envolve os departamentos de Microbiologia, Qu\u00edmica, Ci\u00eancias Patol\u00f3gicas e Hospital Universit\u00e1rio (HU\/UEL).<\/p>\n\n\n\n<p class=\"has-white-color has-text-color\">.<\/p>\n\n\n\n<p class=\"has-text-align-center\">O texto est\u00e1 citado na lista de refer\u00eancias como JORNAL NOT\u00cdCIA (2020a).<\/p>\n","protected":false},"excerpt":{"rendered":"<p>. A UEL foi uma das tr\u00eas institui\u00e7\u00f5es paranaenses contempladas com recursos para pesquisas em torno da COVID-19 e do v\u00edrus SARS-CoV-2, junto com a Universidade Estadual de Maring\u00e1 e a Universidade Federal do Paran\u00e1. O Edital foi aberto pelos Minist\u00e9rios da Sa\u00fade; Ci\u00eancia, Tecnologia e Inova\u00e7\u00f5es; e Conselho Nacional de Desenvolvimento Cient\u00edfico e Tecnol\u00f3gico [&hellip;]<\/p>\n","protected":false},"author":8,"featured_media":0,"parent":0,"menu_order":0,"comment_status":"closed","ping_status":"closed","template":"","meta":{"footnotes":""},"class_list":["post-311","page","type-page","status-publish","hentry"],"acf":[],"_links":{"self":[{"href":"https:\/\/sites.uel.br\/pdi\/wp-json\/wp\/v2\/pages\/311","targetHints":{"allow":["GET"]}}],"collection":[{"href":"https:\/\/sites.uel.br\/pdi\/wp-json\/wp\/v2\/pages"}],"about":[{"href":"https:\/\/sites.uel.br\/pdi\/wp-json\/wp\/v2\/types\/page"}],"author":[{"embeddable":true,"href":"https:\/\/sites.uel.br\/pdi\/wp-json\/wp\/v2\/users\/8"}],"replies":[{"embeddable":true,"href":"https:\/\/sites.uel.br\/pdi\/wp-json\/wp\/v2\/comments?post=311"}],"version-history":[{"count":4,"href":"https:\/\/sites.uel.br\/pdi\/wp-json\/wp\/v2\/pages\/311\/revisions"}],"predecessor-version":[{"id":1252,"href":"https:\/\/sites.uel.br\/pdi\/wp-json\/wp\/v2\/pages\/311\/revisions\/1252"}],"wp:attachment":[{"href":"https:\/\/sites.uel.br\/pdi\/wp-json\/wp\/v2\/media?parent=311"}],"curies":[{"name":"wp","href":"https:\/\/api.w.org\/{rel}","templated":true}]}}