{"id":307,"date":"2022-09-07T17:50:02","date_gmt":"2022-09-07T20:50:02","guid":{"rendered":"https:\/\/sites.uel.br\/pdi\/?page_id=307"},"modified":"2022-10-17T12:26:48","modified_gmt":"2022-10-17T15:26:48","slug":"proex-capta-r215-mil-para-estrutura-extensionista","status":"publish","type":"page","link":"https:\/\/sites.uel.br\/pdi\/proex-capta-r215-mil-para-estrutura-extensionista\/","title":{"rendered":"<strong>PROEX Capta R$215 Mil para Estrutura Extensionista<\/strong>"},"content":{"rendered":"\n<p class=\"has-white-color has-text-color\">.<\/p>\n\n\n\n<p>A UEL, por meio da Pr\u00f3-reitoria de Extens\u00e3o, Cultura e Sociedade (PROEX), foi contemplada com R$ 215 mil que ser\u00e3o utilizados para o aprimoramento da estrutura extensionista da institui\u00e7\u00e3o. A proposta da Universidade foi selecionada na Chamada P\u00fablica 02\/2021 \u201cPrograma Institucional Pr\u00f3-Extens\u00e3o das IES Estaduais\u201d, da Funda\u00e7\u00e3o Arauc\u00e1ria, que destinar\u00e1 investimento total de R$ 1,5 milh\u00e3o para financiar melhorias na infraestrutura da extens\u00e3o nas sete Institui\u00e7\u00f5es Estaduais de Ensino Superior do Paran\u00e1.<\/p>\n\n\n\n<p>Segundo Mara Solange Dellaroza, pr\u00f3-reitora de Extens\u00e3o, Cultura e Sociedade, diferente dos outros editais, o recurso desta chamada p\u00fablica permitir\u00e1 investimentos na estrutura e \u00e1rea f\u00edsica de projetos e programas de extens\u00e3o na Universidade. \u201cEsse \u00e9 um investimento muito importante, porque nunca existiu um edital com esse objetivo. Vai permitir a melhoria de espa\u00e7os que hoje prestam servi\u00e7os \u00e0 comunidade\u201d. Para ela, isso vai refletir diretamente no atendimento \u00e0 popula\u00e7\u00e3o de Londrina e regi\u00e3o. \u201cAtrav\u00e9s da melhoria de alguns espa\u00e7os que ser\u00e3o contemplados com recursos do Edital, n\u00f3s vamos ter condi\u00e7\u00f5es de oferecer um servi\u00e7o de melhor qualidade e mais conforto para a popula\u00e7\u00e3o\u201d, afirma.<\/p>\n\n\n\n<p>Recursos \u2013 De acordo com Paulo Liboni, diretor de Programas, Projetos e Inicia\u00e7\u00e3o Extensionista da PROEX e respons\u00e1vel institucional pela proposta, o recurso recebido ser\u00e1 aplicado de duas formas. A primeira, no valor de R$ 25 mil, tem como destino a compra de equipamentos de \u00e1udio, v\u00eddeo e foto, e tamb\u00e9m de tendas desmont\u00e1veis, que ser\u00e3o concedidos, pela modalidade de empr\u00e9stimo, a projetos e programas de extens\u00e3o, tanto neste per\u00edodo de pandemia, como posteriormente. A segunda, com o montante de R$ 190 mil, ser\u00e1 destinada \u00e0 manuten\u00e7\u00e3o e conserva\u00e7\u00e3o de im\u00f3veis, como por exemplo, para pintura, troca de pisos, parte hidr\u00e1ulica de espa\u00e7os, a partir de servi\u00e7os de terceiros.<\/p>\n\n\n\n<p>Para essas reformas de im\u00f3veis, a PROEX vai abrir nos pr\u00f3ximos dias um Edital de concorr\u00eancia interna para que os coordenadores de projetos e programas de extens\u00e3o da UEL fa\u00e7am a candidatura. Ser\u00e3o duas etapas de sele\u00e7\u00e3o: avalia\u00e7\u00e3o dos projetos submetidos e visita t\u00e9cnica da Prefeitura do Campus (PCU) para defini\u00e7\u00e3o de or\u00e7amento. Paulo Liboni explica que n\u00e3o haver\u00e1 um valor predeterminado para cada projeto e que isso depender\u00e1 do or\u00e7amento. A escolha dos projetos ser\u00e1 feita por uma Comiss\u00e3o apontada pela C\u00e2mara de Extens\u00e3o, Cultura e Sociedade.<\/p>\n\n\n\n<p>Credita\u00e7\u00e3o \u2013 Liboni afirma que h\u00e1 uma expectativa que este tipo de chamada p\u00fablica se torne permanente na Funda\u00e7\u00e3o Arauc\u00e1ria para apoiar a infraestrutura necess\u00e1ria para a extens\u00e3o, para al\u00e9m da concess\u00e3o de bolsas para estudantes e professores e compra de equipamentos.<\/p>\n\n\n\n<p>O diretor da PROEX explica que as universidades est\u00e3o passando por um processo de credita\u00e7\u00e3o da extens\u00e3o, ou seja, de inclus\u00e3o das atividades extensionistas \u2013 cursos, eventos, programas e projetos \u2013 como parte do curr\u00edculo dos cursos de gradua\u00e7\u00e3o. Segundo ele, h\u00e1 uma determina\u00e7\u00e3o legal que todas a universidades precisam destinar 10% da carga hor\u00e1ria para a extens\u00e3o. Para um curso que possui 3.000 horas de carga hor\u00e1ria total, 300 delas ser\u00e3o destinadas para a\u00e7\u00f5es extensionistas, por exemplo. \u201cEsse tipo de chamada p\u00fablica vai auxiliar o fortalecimento institucional da extens\u00e3o\u201d, explica.A pr\u00f3-reitora Mara Solange Dellaroza afirma que a implanta\u00e7\u00e3o da extens\u00e3o ser\u00e1 feita em todos os cursos de gradua\u00e7\u00e3o da UEL, em um processo que deve levar ainda alguns anos para ser finalizado. Devido a isso, a credita\u00e7\u00e3o vai gerar demandas para a extens\u00e3o. \u201cIsso significa a necessidade de uma amplia\u00e7\u00e3o consider\u00e1vel das a\u00e7\u00f5es extensionistas e com estruturas f\u00edsicas mais adequadas, isso com certeza ser\u00e1 mais f\u00e1cil de ser realizado\u201d, avalia.<\/p>\n\n\n\n<p class=\"has-white-color has-text-color\">.<\/p>\n\n\n\n<p class=\"has-text-align-center\">O texto est\u00e1 citado na lista de refer\u00eancias como O PEROBAL (2021a).<\/p>\n","protected":false},"excerpt":{"rendered":"<p>. A UEL, por meio da Pr\u00f3-reitoria de Extens\u00e3o, Cultura e Sociedade (PROEX), foi contemplada com R$ 215 mil que ser\u00e3o utilizados para o aprimoramento da estrutura extensionista da institui\u00e7\u00e3o. A proposta da Universidade foi selecionada na Chamada P\u00fablica 02\/2021 \u201cPrograma Institucional Pr\u00f3-Extens\u00e3o das IES Estaduais\u201d, da Funda\u00e7\u00e3o Arauc\u00e1ria, que destinar\u00e1 investimento total de R$ [&hellip;]<\/p>\n","protected":false},"author":8,"featured_media":0,"parent":0,"menu_order":0,"comment_status":"closed","ping_status":"closed","template":"","meta":{"footnotes":""},"class_list":["post-307","page","type-page","status-publish","hentry"],"acf":[],"_links":{"self":[{"href":"https:\/\/sites.uel.br\/pdi\/wp-json\/wp\/v2\/pages\/307","targetHints":{"allow":["GET"]}}],"collection":[{"href":"https:\/\/sites.uel.br\/pdi\/wp-json\/wp\/v2\/pages"}],"about":[{"href":"https:\/\/sites.uel.br\/pdi\/wp-json\/wp\/v2\/types\/page"}],"author":[{"embeddable":true,"href":"https:\/\/sites.uel.br\/pdi\/wp-json\/wp\/v2\/users\/8"}],"replies":[{"embeddable":true,"href":"https:\/\/sites.uel.br\/pdi\/wp-json\/wp\/v2\/comments?post=307"}],"version-history":[{"count":3,"href":"https:\/\/sites.uel.br\/pdi\/wp-json\/wp\/v2\/pages\/307\/revisions"}],"predecessor-version":[{"id":1249,"href":"https:\/\/sites.uel.br\/pdi\/wp-json\/wp\/v2\/pages\/307\/revisions\/1249"}],"wp:attachment":[{"href":"https:\/\/sites.uel.br\/pdi\/wp-json\/wp\/v2\/media?parent=307"}],"curies":[{"name":"wp","href":"https:\/\/api.w.org\/{rel}","templated":true}]}}