{"id":303,"date":"2022-09-07T17:49:16","date_gmt":"2022-09-07T20:49:16","guid":{"rendered":"https:\/\/sites.uel.br\/pdi\/?page_id=303"},"modified":"2022-10-17T12:25:25","modified_gmt":"2022-10-17T15:25:25","slug":"conselho-universitario-aprova-criacao-do-departamento-de-geologia-e-geomatica","status":"publish","type":"page","link":"https:\/\/sites.uel.br\/pdi\/conselho-universitario-aprova-criacao-do-departamento-de-geologia-e-geomatica\/","title":{"rendered":"<strong>Conselho Universit\u00e1rio Aprova Cria\u00e7\u00e3o do Departamento de Geologia e Geom\u00e1tica<\/strong>"},"content":{"rendered":"\n<p class=\"has-white-color has-text-color\">.<\/p>\n\n\n\n<p>O Conselho Universit\u00e1rio (CU) da UEL aprovou, no in\u00edcio de abril, a cria\u00e7\u00e3o do Departamento de Geologia e Geom\u00e1tica, no Centro de Ci\u00eancias Exatas (CCE), por meio da resolu\u00e7\u00e3o N\u00ba 017\/2022. A cria\u00e7\u00e3o do Departamento, uma demanda que come\u00e7ou a ser avaliada h\u00e1 dois anos, recebeu apoio externo de entidades como a Sociedade Brasileira de Geologia (SBG) e a Federa\u00e7\u00e3o Brasileira dos Ge\u00f3logos (FEBRAGEO). Um dos principais objetivos \u00e9 fortalecer a pesquisa acad\u00eamica na \u00e1rea e, tamb\u00e9m, aumentar a capacidade t\u00e9cnica de presta\u00e7\u00e3o de servi\u00e7os em uma \u00e1rea que ainda carece de profissionais e \u00e9 considerada estrat\u00e9gica para o desenvolvimento nacional.<\/p>\n\n\n\n<p>Segundo o professor Jos\u00e9 Paulo Pinese, do Departamento de Geoci\u00eancias\/CCE, compor\u00e3o o Departamento 11 professores que atuavam no Departamento de Geoci\u00eancias. Com a cria\u00e7\u00e3o do Departamento, o professor tamb\u00e9m avalia aumentar a capta\u00e7\u00e3o de recursos para a Universidade, em especial os oriundos de conv\u00eanios com empresas privadas.<\/p>\n\n\n\n<p>O Departamento vem tamb\u00e9m para preencher um \u201cvazio\u201d nas \u00e1reas de Geologia e Geom\u00e1tica na regi\u00e3o Sul e Sudeste, como explica o professor. \u201cTemos um curso de Geologia na Universidade Federal do Paran\u00e1 somente. Em Santa Catarina, foram autorizados um novo Departamento e um curso. No Rio Grande do Sul, houve a cria\u00e7\u00e3o de mais dois, isso tudo nos \u00faltimos dez anos\u201d, completou. Na UEL, o pr\u00f3ximo passo \u00e9 a cria\u00e7\u00e3o de um curso de gradua\u00e7\u00e3o em Geologia, al\u00e9m de especializa\u00e7\u00f5es nas \u00e1reas.<\/p>\n\n\n\n<p>Pinese explica que a profus\u00e3o de cursos de Geologia na \u00faltima d\u00e9cada tem como grande motivador a descoberta do petr\u00f3leo na camada do pr\u00e9-sal, que movimentou o setor petroleiro no Brasil em 2006, quando foi anunciada pela Petrobras. Parte da Bacia de Santos est\u00e1 localizada no litoral paranaense, o que trouxe, inclusive, uma fatia dos royalties da extra\u00e7\u00e3o para o Estado. \u201cCom essa descoberta, \u00e9 necess\u00e1rio investir em forma\u00e7\u00e3o de m\u00e3o-de-obra t\u00e9cnica\u201d, avaliou.<\/p>\n\n\n\n<p>Outras demandas, ainda no que se refere \u00e0 minera\u00e7\u00e3o, que incluem ainda materiais para a constru\u00e7\u00e3o civil e argilas cer\u00e2micas, s\u00e3o a extra\u00e7\u00e3o de \u00e1guas subterr\u00e2neas (mecanismo importante para evitar situa\u00e7\u00f5es de crise h\u00eddrica com a baixa dos rios) e, tamb\u00e9m, as relativas ao georreferenciamento e delimita\u00e7\u00f5es de territ\u00f3rios rurais e urbanos. \u201cAs \u00e1guas subterr\u00e2neas, ou \u00e1gua mineral, est\u00e3o no interior de rochas, ent\u00e3o \u00e9 necess\u00e1rio toda a expertise da \u00e1rea da Geologia e Geom\u00e1tica para a extra\u00e7\u00e3o\u201d, explicou o professor.<\/p>\n\n\n\n<p>Ainda ser\u00e1 poss\u00edvel, com a amplia\u00e7\u00e3o da \u00e1rea na Universidade, investir na cria\u00e7\u00e3o de laborat\u00f3rios para diferentes finalidades que abranjam a geodiversidade regional. Um dos focos pode ser a ind\u00fastria joalheira, para a identifica\u00e7\u00e3o e classifica\u00e7\u00e3o de gemas (minerais preciosos), segundo Pinese.Com a cria\u00e7\u00e3o do Departamento e, posteriormente, do Curso de Geologia, o Museu de Geologia da UEL deve receber investimentos e ser ampliado. A inten\u00e7\u00e3o \u00e9 que o espa\u00e7o seja utilizado tanto como laborat\u00f3rio para os estudantes do curso como tamb\u00e9m para estudantes dos n\u00edveis b\u00e1sicos, via projetos de extens\u00e3o universit\u00e1ria. \u201cPretendemos ampli\u00e1-lo com a exposi\u00e7\u00e3o de rochas, minerais e f\u00f3sseis. A capta\u00e7\u00e3o de recursos tamb\u00e9m deve vir de conv\u00eanios com empresas\u201d, finalizou Pinese.<\/p>\n\n\n\n<p class=\"has-text-color\" style=\"color:#fefdfd\">.<\/p>\n\n\n\n<p class=\"has-text-align-center\">O texto est\u00e1 citado na lista de refer\u00eancias como O PEROBAL (2022e).<\/p>\n","protected":false},"excerpt":{"rendered":"<p>. O Conselho Universit\u00e1rio (CU) da UEL aprovou, no in\u00edcio de abril, a cria\u00e7\u00e3o do Departamento de Geologia e Geom\u00e1tica, no Centro de Ci\u00eancias Exatas (CCE), por meio da resolu\u00e7\u00e3o N\u00ba 017\/2022. A cria\u00e7\u00e3o do Departamento, uma demanda que come\u00e7ou a ser avaliada h\u00e1 dois anos, recebeu apoio externo de entidades como a Sociedade Brasileira [&hellip;]<\/p>\n","protected":false},"author":8,"featured_media":0,"parent":0,"menu_order":0,"comment_status":"closed","ping_status":"closed","template":"","meta":{"footnotes":""},"class_list":["post-303","page","type-page","status-publish","hentry"],"acf":[],"_links":{"self":[{"href":"https:\/\/sites.uel.br\/pdi\/wp-json\/wp\/v2\/pages\/303","targetHints":{"allow":["GET"]}}],"collection":[{"href":"https:\/\/sites.uel.br\/pdi\/wp-json\/wp\/v2\/pages"}],"about":[{"href":"https:\/\/sites.uel.br\/pdi\/wp-json\/wp\/v2\/types\/page"}],"author":[{"embeddable":true,"href":"https:\/\/sites.uel.br\/pdi\/wp-json\/wp\/v2\/users\/8"}],"replies":[{"embeddable":true,"href":"https:\/\/sites.uel.br\/pdi\/wp-json\/wp\/v2\/comments?post=303"}],"version-history":[{"count":2,"href":"https:\/\/sites.uel.br\/pdi\/wp-json\/wp\/v2\/pages\/303\/revisions"}],"predecessor-version":[{"id":1247,"href":"https:\/\/sites.uel.br\/pdi\/wp-json\/wp\/v2\/pages\/303\/revisions\/1247"}],"wp:attachment":[{"href":"https:\/\/sites.uel.br\/pdi\/wp-json\/wp\/v2\/media?parent=303"}],"curies":[{"name":"wp","href":"https:\/\/api.w.org\/{rel}","templated":true}]}}