{"id":295,"date":"2022-09-07T17:47:35","date_gmt":"2022-09-07T20:47:35","guid":{"rendered":"https:\/\/sites.uel.br\/pdi\/?page_id=295"},"modified":"2022-10-17T12:22:49","modified_gmt":"2022-10-17T15:22:49","slug":"aintec-inaugura-novo-espaco-fisico-para-incentivo-a-inovacao-no-parana","status":"publish","type":"page","link":"https:\/\/sites.uel.br\/pdi\/aintec-inaugura-novo-espaco-fisico-para-incentivo-a-inovacao-no-parana\/","title":{"rendered":"<strong>AINTEC Inaugura Novo Espa\u00e7o F\u00edsico para Incentivo \u00e0 Inova\u00e7\u00e3o no Paran\u00e1<\/strong>"},"content":{"rendered":"\n<p class=\"has-white-color has-text-color\">.<\/p>\n\n\n\n<p>A Ag\u00eancia de Inova\u00e7\u00e3o Tecnol\u00f3gica (Aintec) da UEL, refer\u00eancia no ecossistema de inova\u00e7\u00e3o de Londrina e regi\u00e3o, inaugurou oficialmente nesta sexta-feira (27) as obras de reforma e amplia\u00e7\u00e3o de todo o espa\u00e7o f\u00edsico. O pr\u00e9dio ganhou uma nova \u00e1rea, mais ampla e adequada para realiza\u00e7\u00e3o das atividades, sendo esta a primeira reforma ap\u00f3s mais de 20 anos de constru\u00e7\u00e3o. A cerim\u00f4nia realizada no Campus Universit\u00e1rio contou com a participa\u00e7\u00e3o de membros da comunidade universit\u00e1ria, autoridades e convidados.&nbsp;<\/p>\n\n\n\n<p>As obras tiveram in\u00edcio em mar\u00e7o deste ano e melhoraram o cal\u00e7amento externo, fachada, pinturas interna e externa, al\u00e9m da rede l\u00f3gica e de ilumina\u00e7\u00e3o. Tamb\u00e9m foram substitu\u00eddos o forro de gesso e impermeabiliza\u00e7\u00e3o do ch\u00e3o de toda a parte interna. Todo o trabalho e material foram doados pelos empres\u00e1rios Atsushi e Kimiko Yoshii, da Construtora A. Yoshii, de Londrina. Os recursos investidos s\u00e3o de quase R$ 800 mil. O casal tamb\u00e9m foi respons\u00e1vel, em 2000, pela doa\u00e7\u00e3o da estrutura f\u00edsica para constru\u00e7\u00e3o da Aintec.<\/p>\n\n\n\n<p>Segundo o diretor da Aintec, Edson Miura, tamb\u00e9m foram substitu\u00eddas as atuais l\u00e2mpadas por novas em tecnologia Led e os aparelhos de ar-condicionado, com recursos pr\u00f3prios da Ag\u00eancia. \u201cCom essa reforma teremos instala\u00e7\u00f5es modernas e adequadas fazendo com que a Ag\u00eancia se firme como refer\u00eancia em tecnologia e inova\u00e7\u00e3o\u201d, destacou. Emocionado durante o evento, ele agradeceu \u00e0 gest\u00e3o da UEL, \u00e0 toda equipe da Aintec e \u00e0 fam\u00edlia Yoshi. \u201cEstamos aqui para servir a sociedade com as nossas compet\u00eancias\u201d, disse.&nbsp;<\/p>\n\n\n\n<p>Considerada uma das principais incubadoras de empresas do Paran\u00e1, a Aintec tem atualmente 12 startups em est\u00e1gio de desenvolvimento, das \u00e1reas de Agro, Nanotecnologia, Microbiologia, Log\u00edstica Reversa e Tecnologia de Processos. A Ag\u00eancia tamb\u00e9m atua no aux\u00edlio em licenciamento e de patentes, o que contribuiu para que, nos \u00faltimos quatro anos, a UEL aparecesse sete vezes no ranking dos maiores depositantes do Instituto Nacional de Propriedade Industrial (INPI). A Universidade somou 118 pedidos de propriedade intelectual, entre as modalidades Programas de Computador e Patentes de Inven\u00e7\u00e3o (PI), que s\u00e3o relativas a novas tecnologias.<\/p>\n\n\n\n<p>Presente na cerim\u00f4nia de inaugura\u00e7\u00e3o, o reitor da UEL, S\u00e9rgio de Carvalho, destacou a import\u00e2ncia da inova\u00e7\u00e3o, lembrando da rec\u00e9m aprovada Lei de Inova\u00e7\u00e3o, na qual a Universidade foi a primeira do estado a implementar. \u201cO conhecimento n\u00e3o pode ficar nos muros da Universidade, precisa gerar um benef\u00edcio social. Com a Aintec, a UEL tamb\u00e9m se abre para o contato com o setor produtivo\u201d, reiterou.<\/p>\n\n\n\n<p>Na mesma linha, o superintendente da Superintend\u00eancia Geral de Ci\u00eancia, Tecnologia e Ensino Superior (Seti), Aldo Nelson Bona, reiterou que as institui\u00e7\u00f5es p\u00fablicas precisam \u201catender aquilo que a sociedade local e regional necessita\u201d. Destacou o Programa Ageune (Ag\u00eancias para o Desenvolvimento Sustent\u00e1vel e Inova\u00e7\u00e3o do Paran\u00e1), do qual a Aintec faz parte, que promove e incentiva a inova\u00e7\u00e3o do estado, principalmente, por meio de dois projetos: Empreende Mais Paran\u00e1 e Projetek \u2013 Projetos T\u00e9cnicos Integrados de Engenharia e Arquitetura.<\/p>\n\n\n\n<p>O fundador e presidente do Conselho Administrativo da Construtora A. Yoshii, Atsushi Yoshii, relembrou o in\u00edcio do relacionamento com a Universidade e a constru\u00e7\u00e3o do pr\u00e9dio da Aintec h\u00e1 22 anos. Ele ainda relatou ser papel da Construtora devolver para a sociedade todo o crescimento e possibilidade que tiveram, por isso o apoio e a manuten\u00e7\u00e3o dessa rela\u00e7\u00e3o com a UEL. Na cerim\u00f4nia, ele estava acompanhado da fam\u00edlia, a esposa Kimiko Yoshii, vice-presidente do Conselho Administrativo da Construtora A. Yoshii Engenharia, e o filho Leonardo Yoshii, presidente do Grupo A. Yoshii.&nbsp;Tamb\u00e9m estiveram presentes na cerim\u00f4nia o vice-reitor da UEL, D\u00e9cio Sabbatini Barbosa, da nova gest\u00e3o eleita para a reitoria da UEL, Marta Regina Favaro e Airton Jos\u00e9 Petris, diversos pr\u00f3-reitores, diretores de Centro de Estudos, professores e servidores da UEL. O evento teve ainda&nbsp;&nbsp;apresenta\u00e7\u00e3o cultural da Banda Marcial da Guarda Mirim de Londrina.<\/p>\n\n\n\n<p class=\"has-white-color has-text-color\">.<\/p>\n\n\n\n<p class=\"has-text-align-center\">O texto est\u00e1 citado na lista de refer\u00eancias como O PEROBAL (2022c).<\/p>\n","protected":false},"excerpt":{"rendered":"<p>. A Ag\u00eancia de Inova\u00e7\u00e3o Tecnol\u00f3gica (Aintec) da UEL, refer\u00eancia no ecossistema de inova\u00e7\u00e3o de Londrina e regi\u00e3o, inaugurou oficialmente nesta sexta-feira (27) as obras de reforma e amplia\u00e7\u00e3o de todo o espa\u00e7o f\u00edsico. O pr\u00e9dio ganhou uma nova \u00e1rea, mais ampla e adequada para realiza\u00e7\u00e3o das atividades, sendo esta a primeira reforma ap\u00f3s mais [&hellip;]<\/p>\n","protected":false},"author":8,"featured_media":0,"parent":0,"menu_order":0,"comment_status":"closed","ping_status":"closed","template":"","meta":{"footnotes":""},"class_list":["post-295","page","type-page","status-publish","hentry"],"acf":[],"_links":{"self":[{"href":"https:\/\/sites.uel.br\/pdi\/wp-json\/wp\/v2\/pages\/295","targetHints":{"allow":["GET"]}}],"collection":[{"href":"https:\/\/sites.uel.br\/pdi\/wp-json\/wp\/v2\/pages"}],"about":[{"href":"https:\/\/sites.uel.br\/pdi\/wp-json\/wp\/v2\/types\/page"}],"author":[{"embeddable":true,"href":"https:\/\/sites.uel.br\/pdi\/wp-json\/wp\/v2\/users\/8"}],"replies":[{"embeddable":true,"href":"https:\/\/sites.uel.br\/pdi\/wp-json\/wp\/v2\/comments?post=295"}],"version-history":[{"count":4,"href":"https:\/\/sites.uel.br\/pdi\/wp-json\/wp\/v2\/pages\/295\/revisions"}],"predecessor-version":[{"id":1244,"href":"https:\/\/sites.uel.br\/pdi\/wp-json\/wp\/v2\/pages\/295\/revisions\/1244"}],"wp:attachment":[{"href":"https:\/\/sites.uel.br\/pdi\/wp-json\/wp\/v2\/media?parent=295"}],"curies":[{"name":"wp","href":"https:\/\/api.w.org\/{rel}","templated":true}]}}