{"id":2914,"date":"2022-11-13T20:42:47","date_gmt":"2022-11-13T23:42:47","guid":{"rendered":"https:\/\/sites.uel.br\/pdi\/?page_id=2914"},"modified":"2022-11-13T20:42:47","modified_gmt":"2022-11-13T23:42:47","slug":"a-uel-e-a-inovacao","status":"publish","type":"page","link":"https:\/\/sites.uel.br\/pdi\/a-uel-e-a-inovacao\/","title":{"rendered":"A UEL e a Inova\u00e7\u00e3o"},"content":{"rendered":"\n<p class=\"has-text-color\" style=\"color:#fefefe\">.<\/p>\n\n\n\n<p>N\u00e3o poderia ser mais oportuna a reda\u00e7\u00e3o desta se\u00e7\u00e3o que aborda o papel da Universidade Estadual de Londrina na din\u00e2mica da gera\u00e7\u00e3o de inova\u00e7\u00e3o tecnol\u00f3gica para empresas regionais e nacionais. A UEL contribui com o desenvolvimento regional por meio da promo\u00e7\u00e3o de duas ordens de impacto, sendo elas a de impacto econ\u00f4mico e a de impacto social. A UEL \u00e9 uma Institui\u00e7\u00e3o ativa no moderno debate sobre regionalismo junto ao sistema de inova\u00e7\u00e3o, debate este que, involuntariamente, converge para o Sistema Regional de Inova\u00e7\u00e3o. A UEL influencia a demanda agregada regional a partir dos desdobramentos de suas atua\u00e7\u00f5es, os quais podem ser identificados nos fluxos de renda e emprego locais. O ambiente institucional da UEL \u00e9 favor\u00e1vel ao processo de gera\u00e7\u00e3o e difus\u00e3o de inova\u00e7\u00f5es, da competitividade e, consequentemente, do desenvolvimento com mudan\u00e7a estrutural das regi\u00f5es. Por este motivo, a Universidade promove impactos econ\u00f4micos e sociais que a credenciam enquanto organiza\u00e7\u00e3o estrat\u00e9gica e indispens\u00e1vel para o desenvolvimento regional.<\/p>\n","protected":false},"excerpt":{"rendered":"<p>. N\u00e3o poderia ser mais oportuna a reda\u00e7\u00e3o desta se\u00e7\u00e3o que aborda o papel da Universidade Estadual de Londrina na din\u00e2mica da gera\u00e7\u00e3o de inova\u00e7\u00e3o tecnol\u00f3gica para empresas regionais e nacionais. A UEL contribui com o desenvolvimento regional por meio da promo\u00e7\u00e3o de duas ordens de impacto, sendo elas a de impacto econ\u00f4mico e a [&hellip;]<\/p>\n","protected":false},"author":8,"featured_media":0,"parent":0,"menu_order":0,"comment_status":"closed","ping_status":"closed","template":"","meta":{"footnotes":""},"class_list":["post-2914","page","type-page","status-publish","hentry"],"acf":[],"_links":{"self":[{"href":"https:\/\/sites.uel.br\/pdi\/wp-json\/wp\/v2\/pages\/2914","targetHints":{"allow":["GET"]}}],"collection":[{"href":"https:\/\/sites.uel.br\/pdi\/wp-json\/wp\/v2\/pages"}],"about":[{"href":"https:\/\/sites.uel.br\/pdi\/wp-json\/wp\/v2\/types\/page"}],"author":[{"embeddable":true,"href":"https:\/\/sites.uel.br\/pdi\/wp-json\/wp\/v2\/users\/8"}],"replies":[{"embeddable":true,"href":"https:\/\/sites.uel.br\/pdi\/wp-json\/wp\/v2\/comments?post=2914"}],"version-history":[{"count":1,"href":"https:\/\/sites.uel.br\/pdi\/wp-json\/wp\/v2\/pages\/2914\/revisions"}],"predecessor-version":[{"id":2915,"href":"https:\/\/sites.uel.br\/pdi\/wp-json\/wp\/v2\/pages\/2914\/revisions\/2915"}],"wp:attachment":[{"href":"https:\/\/sites.uel.br\/pdi\/wp-json\/wp\/v2\/media?parent=2914"}],"curies":[{"name":"wp","href":"https:\/\/api.w.org\/{rel}","templated":true}]}}