{"id":2912,"date":"2022-11-13T20:40:58","date_gmt":"2022-11-13T23:40:58","guid":{"rendered":"https:\/\/sites.uel.br\/pdi\/?page_id=2912"},"modified":"2022-11-13T20:40:58","modified_gmt":"2022-11-13T23:40:58","slug":"agencia-de-inovacao-tecnologica","status":"publish","type":"page","link":"https:\/\/sites.uel.br\/pdi\/agencia-de-inovacao-tecnologica\/","title":{"rendered":"Ag\u00eancia de Inova\u00e7\u00e3o Tecnol\u00f3gica"},"content":{"rendered":"\n<p class=\"has-white-color has-text-color\">.<\/p>\n\n\n\n<p>A Ag\u00eancia de Inova\u00e7\u00e3o Tecnol\u00f3gica da Universidade Estadual de Londrina \u2013 AINTEC, criada pela Resolu\u00e7\u00e3o CU 65\/2008, de 17 de abril de 2008, representa o N\u00facleo de Inova\u00e7\u00e3o Tecnol\u00f3gica \u2013 NIT, como \u00d3rg\u00e3o de Apoio subordinado ao Gabinete da Reitoria, com a fun\u00e7\u00e3o de viabilizar e operacionalizar a participa\u00e7\u00e3o da UEL no processo de inova\u00e7\u00e3o tecnol\u00f3gica em parcerias com empresas p\u00fablicas e privadas, \u00f3rg\u00e3os governamentais e demais organiza\u00e7\u00f5es do setor produtivo da sociedade.<\/p>\n\n\n\n<p>A AINTEC tem como objetivo a promo\u00e7\u00e3o do desenvolvimento cient\u00edfico e tecnol\u00f3gico, sua transfer\u00eancia para a sociedade, em especial para o setor produtivo, e o atendimento \u00e0s demandas da sociedade relacionadas a atividades de ci\u00eancia e tecnologia, com base nos princ\u00edpios de incentivo \u00e0 atividade inventiva e tecnol\u00f3gica.<\/p>\n\n\n\n<p>S\u00e3o atribui\u00e7\u00f5es da AINTEC:<\/p>\n\n\n\n<ul class=\"wp-block-list\">\n<li>Implementar, difundir e gerenciar a pol\u00edtica de inova\u00e7\u00e3o tecnol\u00f3gica da UEL.<\/li>\n\n\n\n<li>Promover o exerc\u00edcio da atividade inventiva, a pesquisa e desenvolvimento com fins pr\u00e1ticos para a sociedade.<\/li>\n\n\n\n<li>Disseminar e estimular a acultura da Propriedade Intelectual.<\/li>\n\n\n\n<li>Executar os procedimentos operacionais requeridos para a prote\u00e7\u00e3o intelectual das cria\u00e7\u00f5es e inven\u00e7\u00f5es da UEL.<\/li>\n\n\n\n<li>Gerenciar os direitos de Propriedade Intelectual adquiridos pela UEL.<\/li>\n\n\n\n<li>Disseminar e estimular a cultura de Transfer\u00eancia de Tecnologia na UEL.<\/li>\n\n\n\n<li>Executar os procedimentos operacionais para a Transfer\u00eancia de Tecnologia na UEL.<\/li>\n\n\n\n<li>Executar os procedimentos operacionais para a transfer\u00eancia das tecnologias criadas e desenvolvidas na UEL para a sociedade.<\/li>\n\n\n\n<li>Gerenciar as atividades de Transfer\u00eancia de Tecnologia e gest\u00e3o de servi\u00e7os Tecnol\u00f3gicos da UEL.<\/li>\n\n\n\n<li>Estimular, apoiar e gerenciar a cria\u00e7\u00e3o e o desenvolvimento de empreendimentos e empresas de base tecnol\u00f3gica atrav\u00e9s da incubadora INTUEL.<\/li>\n\n\n\n<li>Apoiar e estimular o empreendedorismo acad\u00eamico representado pelas Empresas Juniores da UEL.<\/li>\n\n\n\n<li>Estabelecer parcerias estrat\u00e9gicas, conv\u00eanios e coopera\u00e7\u00f5es t\u00e9cnicas com empresa e entidades p\u00fablicas e privadas para o desenvolvimento de projetos e programas de inova\u00e7\u00e3o tecnol\u00f3gica, empreendedorismo e atendimento \u00e0s demandas do setor produtivo e da sociedade em geral.<\/li>\n\n\n\n<li>Propor \u00e0 administra\u00e7\u00e3o da UEL e \u00e0s suas unidades instrumentos para regularizar e implementar atividades relacionadas \u00e0 finalidade da AINTEC.<\/li>\n\n\n\n<li>Desempenhar outras atividades correlatas.<\/li>\n<\/ul>\n\n\n\n<p>Em 2008, a AINTEC incorporou as seguintes iniciativas:<\/p>\n\n\n\n<ul class=\"wp-block-list\">\n<li>Incubadora Internacional de Empresas de Base Tecnol\u00f3gica da UEL (INTUEL), criada em 2000 com o objetivo de incentivar e apoiar a gera\u00e7\u00e3o de empresas na \u00e1rea de software, assessorando e capacitando empreendedores em gest\u00e3o empresarial e na tecnologia de seus neg\u00f3cios, atrav\u00e9s de um programa de pr\u00e9-incuba\u00e7\u00e3o.<\/li>\n\n\n\n<li>Escrit\u00f3rio de Propriedade Intelectual (EPI), criado em 2003 com a responsabilidade institucional de viabilizar a prote\u00e7\u00e3o do conhecimento e os pedidos de registros das cria\u00e7\u00f5es geradas pela UEL, pelas empresas incubadas, por institui\u00e7\u00f5es de pesquisa, por inventores independentes e pelos pequenos neg\u00f3cios. Para tanto possui o objetivo de promover palestras, cursos, semin\u00e1rios e workshops (oficinas) sobre a import\u00e2ncia da propriedade intelectual e seus conceitos, orientando os interessados na elabora\u00e7\u00e3o de documentos de patente, na solicita\u00e7\u00e3o de registro de marcas, de desenho industrial e de programas de computador (softwares), bem como a realiza\u00e7\u00e3o do acompanhamento dos tr\u00e2mites dos pedidos de prote\u00e7\u00e3o intelectual e as correspondentes solicita\u00e7\u00f5es feitas pelo Instituto Nacional de Propriedade Industrial (INPI).<\/li>\n\n\n\n<li>Escrit\u00f3rio de Transfer\u00eancia de Tecnologia (ETT), criado em 2003 com os seguintes objetivos: ampliar as possibilidades de a\u00e7\u00f5es para a transfer\u00eancia de tecnologia; criar mecanismos padr\u00e3o de estrutura\u00e7\u00e3o para as a\u00e7\u00f5es de transfer\u00eancia de tecnologia; conhecer em outras institui\u00e7\u00f5es casos de sucesso em transfer\u00eancia de tecnologia para que seja poss\u00edvel criar um modelo da UEL; dar visibilidade \u00e0s tecnologias que est\u00e3o dispon\u00edveis a partir de patentes; dar visibilidade aos servi\u00e7os tecnol\u00f3gicos prestados pela UEL; ampliar a rede de relacionamento com o setor produtivo; dar capilaridade as atividades da AINTEC relacionadas \u00e0 transfer\u00eancia de tecnologia na UEL; e, ampliar o n\u00famero de professores parceiros em projetos de transfer\u00eancia de tecnologia<\/li>\n\n\n\n<li>Escrit\u00f3rio de Design (EDN), que atua em parceria com o Departamento de Design da UEL e tem como objetivo oferecer \u00e0s micro e pequenas empresas que n\u00e3o t\u00eam condi\u00e7\u00f5es de contratar servi\u00e7os de design, este tipo de servi\u00e7o com qualidade a um custo vi\u00e1vel, al\u00e9m de proporcionar aos estudantes de Design um espa\u00e7o privilegiado de aprendizado da pr\u00e1tica profissional.<\/li>\n<\/ul>\n","protected":false},"excerpt":{"rendered":"<p>. A Ag\u00eancia de Inova\u00e7\u00e3o Tecnol\u00f3gica da Universidade Estadual de Londrina \u2013 AINTEC, criada pela Resolu\u00e7\u00e3o CU 65\/2008, de 17 de abril de 2008, representa o N\u00facleo de Inova\u00e7\u00e3o Tecnol\u00f3gica \u2013 NIT, como \u00d3rg\u00e3o de Apoio subordinado ao Gabinete da Reitoria, com a fun\u00e7\u00e3o de viabilizar e operacionalizar a participa\u00e7\u00e3o da UEL no processo de [&hellip;]<\/p>\n","protected":false},"author":8,"featured_media":0,"parent":0,"menu_order":0,"comment_status":"closed","ping_status":"closed","template":"","meta":{"footnotes":""},"class_list":["post-2912","page","type-page","status-publish","hentry"],"acf":[],"_links":{"self":[{"href":"https:\/\/sites.uel.br\/pdi\/wp-json\/wp\/v2\/pages\/2912","targetHints":{"allow":["GET"]}}],"collection":[{"href":"https:\/\/sites.uel.br\/pdi\/wp-json\/wp\/v2\/pages"}],"about":[{"href":"https:\/\/sites.uel.br\/pdi\/wp-json\/wp\/v2\/types\/page"}],"author":[{"embeddable":true,"href":"https:\/\/sites.uel.br\/pdi\/wp-json\/wp\/v2\/users\/8"}],"replies":[{"embeddable":true,"href":"https:\/\/sites.uel.br\/pdi\/wp-json\/wp\/v2\/comments?post=2912"}],"version-history":[{"count":1,"href":"https:\/\/sites.uel.br\/pdi\/wp-json\/wp\/v2\/pages\/2912\/revisions"}],"predecessor-version":[{"id":2913,"href":"https:\/\/sites.uel.br\/pdi\/wp-json\/wp\/v2\/pages\/2912\/revisions\/2913"}],"wp:attachment":[{"href":"https:\/\/sites.uel.br\/pdi\/wp-json\/wp\/v2\/media?parent=2912"}],"curies":[{"name":"wp","href":"https:\/\/api.w.org\/{rel}","templated":true}]}}