{"id":2889,"date":"2022-11-13T20:14:35","date_gmt":"2022-11-13T23:14:35","guid":{"rendered":"https:\/\/sites.uel.br\/pdi\/?page_id=2889"},"modified":"2022-11-13T20:14:35","modified_gmt":"2022-11-13T23:14:35","slug":"participacao-remuneracao-afastamento-e-licenca-de-servidor-nas-atividades-de-pdi","status":"publish","type":"page","link":"https:\/\/sites.uel.br\/pdi\/participacao-remuneracao-afastamento-e-licenca-de-servidor-nas-atividades-de-pdi\/","title":{"rendered":"Participa\u00e7\u00e3o, Remunera\u00e7\u00e3o, Afastamento e Licen\u00e7a de Servidor nas Atividades de PD&amp;I"},"content":{"rendered":"\n<p class=\"has-text-color\" style=\"color:#fefefe\">.<\/p>\n\n\n\n<p>Sobre a participa\u00e7\u00e3o, remunera\u00e7\u00e3o, afastamento e licen\u00e7a de servidor nas atividades de PD&amp;I:<\/p>\n\n\n\n<ul class=\"wp-block-list\">\n<li>\u00c9 garantido ao servidor da Universidade Estadual de Londrina a participa\u00e7\u00e3o nos ganhos econ\u00f4micos resultantes de contratos de transfer\u00eancia de tecnologia e de licenciamento para outorga de direito de uso ou de explora\u00e7\u00e3o de cria\u00e7\u00e3o protegida da qual tenha sido o inventor nos termos da lei e do regulamento.<\/li>\n\n\n\n<li>O servidor da Universidade Estadual de Londrina poder\u00e1 ser licenciado, desde que n\u00e3o esteja em est\u00e1gio probat\u00f3rio, para constituir empresa ou colaborar com empresa cujos objetivos envolvam a aplica\u00e7\u00e3o de inova\u00e7\u00e3o que tenha por base cria\u00e7\u00e3o de cuja autoria tenha participado, devendo ser observados os interesses e as regras institucionais estabelecidas em regulamento espec\u00edfico e o artigo 208 XII da Lei 6.174\/1970.<\/li>\n\n\n\n<li>Poder\u00e1 ser autorizado ao pesquisador da Universidade Estadual de Londrina o seu afastamento para colaborar com outra Institui\u00e7\u00e3o Cient\u00edfica, Tecnol\u00f3gica e de Inova\u00e7\u00e3o (ICT), desde que as atividades sejam compat\u00edveis com a natureza do cargo efetivo, observados os interesses e as regras institucionais estabelecidas em regulamento espec\u00edfico.<\/li>\n\n\n\n<li>Poder\u00e1 ser autorizado, ao pesquisador da Universidade Estadual de Londrina com regime de dedica\u00e7\u00e3o exclusiva, ainda aquele enquadrado em plano de carreiras e cargos de magist\u00e9rio, exercer atividade remunerada de PD&amp;I em ICT ou empresa, para execu\u00e7\u00e3o de projetos, desde que as atividades sejam compat\u00edveis com a natureza do cargo efetivo, observada a conveni\u00eancia da Universidade e assegurada a continuidade de suas atividades de ensino e pesquisa, a depender de sua respectiva natureza, submetido aos interesses e as regras institucionais estabelecidas em regulamento espec\u00edfico.<\/li>\n<\/ul>\n","protected":false},"excerpt":{"rendered":"<p>. Sobre a participa\u00e7\u00e3o, remunera\u00e7\u00e3o, afastamento e licen\u00e7a de servidor nas atividades de PD&amp;I:<\/p>\n","protected":false},"author":8,"featured_media":0,"parent":0,"menu_order":0,"comment_status":"closed","ping_status":"closed","template":"","meta":{"footnotes":""},"class_list":["post-2889","page","type-page","status-publish","hentry"],"acf":[],"_links":{"self":[{"href":"https:\/\/sites.uel.br\/pdi\/wp-json\/wp\/v2\/pages\/2889","targetHints":{"allow":["GET"]}}],"collection":[{"href":"https:\/\/sites.uel.br\/pdi\/wp-json\/wp\/v2\/pages"}],"about":[{"href":"https:\/\/sites.uel.br\/pdi\/wp-json\/wp\/v2\/types\/page"}],"author":[{"embeddable":true,"href":"https:\/\/sites.uel.br\/pdi\/wp-json\/wp\/v2\/users\/8"}],"replies":[{"embeddable":true,"href":"https:\/\/sites.uel.br\/pdi\/wp-json\/wp\/v2\/comments?post=2889"}],"version-history":[{"count":1,"href":"https:\/\/sites.uel.br\/pdi\/wp-json\/wp\/v2\/pages\/2889\/revisions"}],"predecessor-version":[{"id":2890,"href":"https:\/\/sites.uel.br\/pdi\/wp-json\/wp\/v2\/pages\/2889\/revisions\/2890"}],"wp:attachment":[{"href":"https:\/\/sites.uel.br\/pdi\/wp-json\/wp\/v2\/media?parent=2889"}],"curies":[{"name":"wp","href":"https:\/\/api.w.org\/{rel}","templated":true}]}}