{"id":2885,"date":"2022-11-13T20:11:26","date_gmt":"2022-11-13T23:11:26","guid":{"rendered":"https:\/\/sites.uel.br\/pdi\/?page_id=2885"},"modified":"2022-11-13T20:11:26","modified_gmt":"2022-11-13T23:11:26","slug":"competencias-da-agencia-de-inovacao-tecnologica","status":"publish","type":"page","link":"https:\/\/sites.uel.br\/pdi\/competencias-da-agencia-de-inovacao-tecnologica\/","title":{"rendered":"Compet\u00eancias da Ag\u00eancia de Inova\u00e7\u00e3o Tecnol\u00f3gica"},"content":{"rendered":"\n<p class=\"has-white-color has-text-color\">.<\/p>\n\n\n\n<p>O NIT \u2013 N\u00facleo de Inova\u00e7\u00e3o Tecnol\u00f3gica da Universidade Estadual de Londrina ser\u00e1 denominado Ag\u00eancia de Inova\u00e7\u00e3o Tecnol\u00f3gica \u2013 AINTEC, institu\u00eddo por Resolu\u00e7\u00e3o pr\u00f3pria, possuindo as seguintes compet\u00eancias:<\/p>\n\n\n\n<ul class=\"wp-block-list\">\n<li>Apresentar aos Conselhos Superiores proposta de atualiza\u00e7\u00e3o de Regimento Interno, que dever\u00e1 estabelecer: organograma interno, normas referentes a tramita\u00e7\u00e3o dos documentos internos e pedidos por ela direcionados, indicando a forma de atua\u00e7\u00e3o dos respons\u00e1veis pela atua\u00e7\u00e3o, registro e instru\u00e7\u00e3o dos processos, bem como a autoridade competente para decidir e assinar os atores administrativos necess\u00e1rios para cumprir as previs\u00f5es contidas nesta Pol\u00edtica e legisla\u00e7\u00e3o correlata.<\/li>\n\n\n\n<li>Gerir a Pol\u00edtica Institucional de Inova\u00e7\u00e3o.<\/li>\n\n\n\n<li>Zelar pela manuten\u00e7\u00e3o da pol\u00edtica institucional de est\u00edmulo \u00e0 prote\u00e7\u00e3o das cria\u00e7\u00f5es, licenciamento, inova\u00e7\u00e3o e outras formas de transfer\u00eancia e compartilhamento de tecnologia.<\/li>\n\n\n\n<li>Avaliar e classificar os resultados decorrentes de atividades e projetos de pesquisa e desenvolvimento para o atendimento das disposi\u00e7\u00f5es legais.<\/li>\n\n\n\n<li>Avaliar a solicita\u00e7\u00e3o de criador e inventor independente para ado\u00e7\u00e3o de inven\u00e7\u00e3o na forma regulamentar.<\/li>\n\n\n\n<li>Opinar pela conveni\u00eancia em promover a prote\u00e7\u00e3o das inova\u00e7\u00f5es desenvolvidas na Institui\u00e7\u00e3o.<\/li>\n\n\n\n<li>Opinar quanto \u00e0 conveni\u00eancia em promover a prote\u00e7\u00e3o das inova\u00e7\u00f5es desenvolvidas na Institui\u00e7\u00e3o.<\/li>\n\n\n\n<li>Opinar quanto \u00e0 conveni\u00eancia de divulga\u00e7\u00e3o das inova\u00e7\u00f5es desenvolvidas na Institui\u00e7\u00e3o, passiveis de prote\u00e7\u00e3o intelectual.<\/li>\n\n\n\n<li>Apoiar a elabora\u00e7\u00e3o e acompanhar o processamento dos pedidos e a manuten\u00e7\u00e3o dos t\u00edtulos de propriedade intelectual da Institui\u00e7\u00e3o.<\/li>\n\n\n\n<li>Divulgar de forma permanente os dados abertos anonimizados, ressalvadas aquelas classificadas como de car\u00e1ter sigiloso ou que tenha o sigilo protegido por lei espec\u00edfica, informa\u00e7\u00f5es sobre a pol\u00edtica de propriedade intelectual da Institui\u00e7\u00e3o, as inova\u00e7\u00f5es desenvolvidas no \u00e2mbito da Institui\u00e7\u00e3o, as prote\u00e7\u00f5es requeridas e concedidas e os contratos de licenciamento ou transfer\u00eancia ou compartilhamento de tecnologia firmados.<\/li>\n\n\n\n<li>Desenvolver estudos de prospec\u00e7\u00e3o tecnol\u00f3gica e de intelig\u00eancia competitiva no campo da propriedade intelectual, de forma a orientar as a\u00e7\u00f5es de inova\u00e7\u00e3o desta Universidade.<\/li>\n\n\n\n<li>Desenvolver processos criativos, estudos e estrat\u00e9gias para a inser\u00e7\u00e3o mercadol\u00f3gica da inova\u00e7\u00e3o gerada por esta Universidade.<\/li>\n\n\n\n<li>Promover e acompanhar o relacionamento desta Universidade com empresas do terceiro setor.<\/li>\n\n\n\n<li>Negociar e gerir os acordos de transfer\u00eancia e licenciamento de tecnologia desenvolvidos na Universidade.<\/li>\n\n\n\n<li>Incentivar a conex\u00e3o de&nbsp;<em>startups<\/em>, empresas, criadores e inventores, visando o desenvolvimento de seus produtos, servi\u00e7os e processos para inser\u00e7\u00e3o no mercado.<\/li>\n<\/ul>\n\n\n\n<p>A Universidade dever\u00e1 prever dota\u00e7\u00e3o or\u00e7ament\u00e1ria e de pessoal necess\u00e1rios para o bom funcionamento da Ag\u00eancia de Inova\u00e7\u00e3o, que poder\u00e1 conter com outras formas de financiamento, como capta\u00e7\u00e3o pr\u00f3pria, dentre as formas autorizadas na lei.<\/p>\n\n\n\n<p>A representa\u00e7\u00e3o da Universidade, no \u00e2mbito de sua pol\u00edtica de inova\u00e7\u00e3o, compete ao gestor da Ag\u00eancia de Inova\u00e7\u00e3o Tecnol\u00f3gica.<\/p>\n","protected":false},"excerpt":{"rendered":"<p>. O NIT \u2013 N\u00facleo de Inova\u00e7\u00e3o Tecnol\u00f3gica da Universidade Estadual de Londrina ser\u00e1 denominado Ag\u00eancia de Inova\u00e7\u00e3o Tecnol\u00f3gica \u2013 AINTEC, institu\u00eddo por Resolu\u00e7\u00e3o pr\u00f3pria, possuindo as seguintes compet\u00eancias: A Universidade dever\u00e1 prever dota\u00e7\u00e3o or\u00e7ament\u00e1ria e de pessoal necess\u00e1rios para o bom funcionamento da Ag\u00eancia de Inova\u00e7\u00e3o, que poder\u00e1 conter com outras formas de financiamento, [&hellip;]<\/p>\n","protected":false},"author":8,"featured_media":0,"parent":0,"menu_order":0,"comment_status":"closed","ping_status":"closed","template":"","meta":{"footnotes":""},"class_list":["post-2885","page","type-page","status-publish","hentry"],"acf":[],"_links":{"self":[{"href":"https:\/\/sites.uel.br\/pdi\/wp-json\/wp\/v2\/pages\/2885","targetHints":{"allow":["GET"]}}],"collection":[{"href":"https:\/\/sites.uel.br\/pdi\/wp-json\/wp\/v2\/pages"}],"about":[{"href":"https:\/\/sites.uel.br\/pdi\/wp-json\/wp\/v2\/types\/page"}],"author":[{"embeddable":true,"href":"https:\/\/sites.uel.br\/pdi\/wp-json\/wp\/v2\/users\/8"}],"replies":[{"embeddable":true,"href":"https:\/\/sites.uel.br\/pdi\/wp-json\/wp\/v2\/comments?post=2885"}],"version-history":[{"count":1,"href":"https:\/\/sites.uel.br\/pdi\/wp-json\/wp\/v2\/pages\/2885\/revisions"}],"predecessor-version":[{"id":2886,"href":"https:\/\/sites.uel.br\/pdi\/wp-json\/wp\/v2\/pages\/2885\/revisions\/2886"}],"wp:attachment":[{"href":"https:\/\/sites.uel.br\/pdi\/wp-json\/wp\/v2\/media?parent=2885"}],"curies":[{"name":"wp","href":"https:\/\/api.w.org\/{rel}","templated":true}]}}