{"id":2881,"date":"2022-11-13T20:09:22","date_gmt":"2022-11-13T23:09:22","guid":{"rendered":"https:\/\/sites.uel.br\/pdi\/?page_id=2881"},"modified":"2022-11-13T20:09:22","modified_gmt":"2022-11-13T23:09:22","slug":"principios","status":"publish","type":"page","link":"https:\/\/sites.uel.br\/pdi\/principios\/","title":{"rendered":"Princ\u00edpios"},"content":{"rendered":"\n<p class=\"has-white-color has-text-color\">.<\/p>\n\n\n\n<p>S\u00e3o Princ\u00edpios Gerais da Pol\u00edtica de Inova\u00e7\u00e3o da Universidade Estadual de Londrina de transfer\u00eancia de tecnologia:<\/p>\n\n\n\n<ul class=\"wp-block-list\">\n<li>Est\u00edmulo ao desenvolvimento de inova\u00e7\u00f5es que contribuam para a solu\u00e7\u00e3o de problemas regionais e locais.<\/li>\n\n\n\n<li>Otimiza\u00e7\u00e3o e articula\u00e7\u00e3o das compet\u00eancias instaladas, plataformas tecnol\u00f3gicas, servi\u00e7os e expertises institucionais para o desenvolvimento de solu\u00e7\u00f5es inovadoras.<\/li>\n\n\n\n<li>Governabilidade, transpar\u00eancia e sustentabilidade dos investimentos e processos institucionais de Pesquisa, Desenvolvimento e Inova\u00e7\u00e3o.<\/li>\n\n\n\n<li>Observ\u00e2ncia dos princ\u00edpios \u00e9ticos, normas de qualidade e seguran\u00e7a, e integridade das atividades de PD&amp;I.<\/li>\n\n\n\n<li>Promo\u00e7\u00e3o das atividades cient\u00edficas e tecnol\u00f3gicas como estrat\u00e9gias para o desenvolvimento econ\u00f4mico e social.<\/li>\n\n\n\n<li>Redu\u00e7\u00e3o das desigualdades regionais no \u00e2mbito estadual.<\/li>\n\n\n\n<li>Promo\u00e7\u00e3o da coopera\u00e7\u00e3o e intera\u00e7\u00e3o entre os entes p\u00fablicos, setores privados, inclusive pessoas jur\u00eddicas do terceiro setor.<\/li>\n\n\n\n<li>Apoio e incentivo \u00e0 economia criativa no Estado do Paran\u00e1.<\/li>\n\n\n\n<li>Incentivo \u00e0 constitui\u00e7\u00e3o de ambientes favor\u00e1veis \u00e0 inova\u00e7\u00e3o e \u00e0s atividades de transfer\u00eancia de tecnologia.<\/li>\n\n\n\n<li>Amplia\u00e7\u00e3o da capacita\u00e7\u00e3o institucional cient\u00edfica, tecnol\u00f3gica, de prospec\u00e7\u00e3o e de gest\u00e3o visando \u00e0 inova\u00e7\u00e3o.<\/li>\n\n\n\n<li>Simplifica\u00e7\u00e3o de procedimentos para gest\u00e3o de projetos de CT&amp;I e ado\u00e7\u00e3o de controle por resultados em sua avalia\u00e7\u00e3o.<\/li>\n\n\n\n<li>Apoio, incentivo e integra\u00e7\u00e3o dos criadores e inventores independentes \u00e0s atividades e ao sistema produtivo.<\/li>\n\n\n\n<li>Garantia do direito \u00e0 informa\u00e7\u00e3o.<\/li>\n\n\n\n<li>Reconhecimento e aceita\u00e7\u00e3o do risco tecnol\u00f3gico.<\/li>\n\n\n\n<li>A busca pelo melhor resultado.<\/li>\n\n\n\n<li>Promo\u00e7\u00e3o da internacionaliza\u00e7\u00e3o das suas atividades de CT&amp;I.<\/li>\n<\/ul>\n","protected":false},"excerpt":{"rendered":"<p>. S\u00e3o Princ\u00edpios Gerais da Pol\u00edtica de Inova\u00e7\u00e3o da Universidade Estadual de Londrina de transfer\u00eancia de tecnologia:<\/p>\n","protected":false},"author":8,"featured_media":0,"parent":0,"menu_order":0,"comment_status":"closed","ping_status":"closed","template":"","meta":{"footnotes":""},"class_list":["post-2881","page","type-page","status-publish","hentry"],"acf":[],"_links":{"self":[{"href":"https:\/\/sites.uel.br\/pdi\/wp-json\/wp\/v2\/pages\/2881","targetHints":{"allow":["GET"]}}],"collection":[{"href":"https:\/\/sites.uel.br\/pdi\/wp-json\/wp\/v2\/pages"}],"about":[{"href":"https:\/\/sites.uel.br\/pdi\/wp-json\/wp\/v2\/types\/page"}],"author":[{"embeddable":true,"href":"https:\/\/sites.uel.br\/pdi\/wp-json\/wp\/v2\/users\/8"}],"replies":[{"embeddable":true,"href":"https:\/\/sites.uel.br\/pdi\/wp-json\/wp\/v2\/comments?post=2881"}],"version-history":[{"count":1,"href":"https:\/\/sites.uel.br\/pdi\/wp-json\/wp\/v2\/pages\/2881\/revisions"}],"predecessor-version":[{"id":2882,"href":"https:\/\/sites.uel.br\/pdi\/wp-json\/wp\/v2\/pages\/2881\/revisions\/2882"}],"wp:attachment":[{"href":"https:\/\/sites.uel.br\/pdi\/wp-json\/wp\/v2\/media?parent=2881"}],"curies":[{"name":"wp","href":"https:\/\/api.w.org\/{rel}","templated":true}]}}