{"id":2879,"date":"2022-11-13T20:08:35","date_gmt":"2022-11-13T23:08:35","guid":{"rendered":"https:\/\/sites.uel.br\/pdi\/?page_id=2879"},"modified":"2022-11-13T20:08:35","modified_gmt":"2022-11-13T23:08:35","slug":"pressupostos","status":"publish","type":"page","link":"https:\/\/sites.uel.br\/pdi\/pressupostos\/","title":{"rendered":"Pressupostos"},"content":{"rendered":"\n<p class=\"has-white-color has-text-color\">.<\/p>\n\n\n\n<p>S\u00e3o pressupostos da Pol\u00edtica de Inova\u00e7\u00e3o da Universidade Estadual de Londrina:<\/p>\n\n\n\n<ul class=\"wp-block-list\">\n<li>A Inova\u00e7\u00e3o \u00e9&nbsp;<strong>a\u00e7\u00e3o transversal<\/strong>&nbsp;que permeia as atividades fundamentais e indissoci\u00e1veis da Universidade (ensino, pesquisa e extens\u00e3o), abrangendo todas as \u00e1reas de conhecimento, que envolvem novos processos, teorias, servi\u00e7os, designs e produtos, ou seu melhoramento, resultando em desenvolvimento social, econ\u00f4mico, ambiental, cultural e art\u00edstico.<\/li>\n\n\n\n<li>\u00c9 parte da&nbsp;<strong>miss\u00e3o institucional<\/strong>&nbsp;da Universidade induzir e ampliar o compartilhamento de saberes e experi\u00eancias, al\u00e9m do conhecimento cient\u00edfico, art\u00edstico, cultural e tecnol\u00f3gico com a sociedade, por meio de parcerias tecnol\u00f3gicas, licenciamentos e transfer\u00eancia de tecnologia, compartilhamento de infraestrutura, servi\u00e7os tecnol\u00f3gicos e demais arranjos institucionais previstos na legisla\u00e7\u00e3o vigente, em conson\u00e2ncia com os princ\u00edpios e finalidades institucionais previstas em seu estatuto.<\/li>\n<\/ul>\n","protected":false},"excerpt":{"rendered":"<p>. S\u00e3o pressupostos da Pol\u00edtica de Inova\u00e7\u00e3o da Universidade Estadual de Londrina:<\/p>\n","protected":false},"author":8,"featured_media":0,"parent":0,"menu_order":0,"comment_status":"closed","ping_status":"closed","template":"","meta":{"footnotes":""},"class_list":["post-2879","page","type-page","status-publish","hentry"],"acf":[],"_links":{"self":[{"href":"https:\/\/sites.uel.br\/pdi\/wp-json\/wp\/v2\/pages\/2879","targetHints":{"allow":["GET"]}}],"collection":[{"href":"https:\/\/sites.uel.br\/pdi\/wp-json\/wp\/v2\/pages"}],"about":[{"href":"https:\/\/sites.uel.br\/pdi\/wp-json\/wp\/v2\/types\/page"}],"author":[{"embeddable":true,"href":"https:\/\/sites.uel.br\/pdi\/wp-json\/wp\/v2\/users\/8"}],"replies":[{"embeddable":true,"href":"https:\/\/sites.uel.br\/pdi\/wp-json\/wp\/v2\/comments?post=2879"}],"version-history":[{"count":1,"href":"https:\/\/sites.uel.br\/pdi\/wp-json\/wp\/v2\/pages\/2879\/revisions"}],"predecessor-version":[{"id":2880,"href":"https:\/\/sites.uel.br\/pdi\/wp-json\/wp\/v2\/pages\/2879\/revisions\/2880"}],"wp:attachment":[{"href":"https:\/\/sites.uel.br\/pdi\/wp-json\/wp\/v2\/media?parent=2879"}],"curies":[{"name":"wp","href":"https:\/\/api.w.org\/{rel}","templated":true}]}}