{"id":287,"date":"2022-09-07T17:46:11","date_gmt":"2022-09-07T20:46:11","guid":{"rendered":"https:\/\/sites.uel.br\/pdi\/?page_id=287"},"modified":"2022-10-17T12:19:32","modified_gmt":"2022-10-17T15:19:32","slug":"administracao-oficializa-contratos-para-implantacao-de-sistema-de-seguranca-eletronica-no-campus","status":"publish","type":"page","link":"https:\/\/sites.uel.br\/pdi\/administracao-oficializa-contratos-para-implantacao-de-sistema-de-seguranca-eletronica-no-campus\/","title":{"rendered":"<strong>Administra\u00e7\u00e3o Oficializa Contratos para Implanta\u00e7\u00e3o de Sistema de Seguran\u00e7a Eletr\u00f4nica no Campus<\/strong>"},"content":{"rendered":"\n<p class=\"has-white-color has-text-color\">.<\/p>\n\n\n\n<p>A reitora da UEL, Marta Favaro, assinou na \u00faltima sexta-feira (29) tr\u00eas contratos para a implanta\u00e7\u00e3o de um moderno Sistema de Seguran\u00e7a Eletr\u00f4nica no Campus da UEL, que ser\u00e1 amparado em tr\u00eas eixos \u2013 leitura de placas e controle de acesso de ve\u00edculos, sistema de r\u00e1dio comunica\u00e7\u00e3o digital, al\u00e9m do refor\u00e7o e amplia\u00e7\u00e3o de um complexo de videovigil\u00e2ncia em toda a extens\u00e3o do Campus. Os contratos foram viabilizados mediante uma concorr\u00eancia realizada em tr\u00eas lotes e representam um investimento de R$ 1,6 milh\u00e3o proveniente de recursos pr\u00f3prios da Universidade.<\/p>\n\n\n\n<p>O novo sistema dever\u00e1 estar funcionando dentro de 90 dias e vai tornar o Campus da UEL ainda mais seguro, considerando toda a extens\u00e3o da \u00e1rea e que a comunidade universit\u00e1ria soma cerca de 25 mil pessoas, entre estudantes, professores e servidores. Segundo a reitora, o sistema utilizar\u00e1 tecnologia de \u00faltima gera\u00e7\u00e3o e tem a fun\u00e7\u00e3o de prevenir e inibir a\u00e7\u00f5es que possam colocar membros da comunidade em risco. Outra vantagem do sistema est\u00e1 ligada \u00e0 conserva\u00e7\u00e3o do patrim\u00f4nio p\u00fablico.<\/p>\n\n\n\n<p>O vice-reitor, Airton Petris, destacou que o sistema dever\u00e1 promover a seguran\u00e7a a partir da preven\u00e7\u00e3o de atos de viol\u00eancia e vandalismo. A proposta \u00e9 que os agentes de seguran\u00e7a da Prefeitura do Campus Universit\u00e1rio (PCU) possam realizar o monitoramento nas tr\u00eas frentes \u2013 via sistema de c\u00e2mera, por meio de r\u00e1dio comunica\u00e7\u00e3o digital e na identifica\u00e7\u00e3o e monitoramento de ve\u00edculos automotores.<\/p>\n\n\n\n<p>O prefeito do Campus Universit\u00e1rio, Luiz Cl\u00e1udio Buzeti, explica que a defini\u00e7\u00e3o da demanda e o processo de licita\u00e7\u00e3o foi realizado durante o per\u00edodo de pandemia, nos \u00faltimos dois anos, o que exigiu esfor\u00e7o concentrado das equipes da PCU e da Pr\u00f3-Reitoria de Administra\u00e7\u00e3o e Finan\u00e7as (Proaf), respons\u00e1vel pela concorr\u00eancia para a sele\u00e7\u00e3o das empresas.<\/p>\n\n\n\n<p>O sistema de r\u00e1dio vai substituir o atual, que \u00e9 anal\u00f3gico e apresenta limita\u00e7\u00f5es de alcance e demanda troca de baterias e manuten\u00e7\u00e3o cont\u00ednuas. Foram adquiridos 36 r\u00e1dios digitais de \u00faltima gera\u00e7\u00e3o, al\u00e9m de uma esta\u00e7\u00e3o repetidora e tr\u00eas bases de opera\u00e7\u00e3o. Para que o trabalho seja realizado aproveitando todo o potencial, os agentes dever\u00e3o passar por um treinamento para operar a central de r\u00e1dio.<\/p>\n\n\n\n<p>O novo sistema de leitura de placas de ve\u00edculos vai substituir o atual e dever\u00e1 ser ampliado para entradas estrat\u00e9gicas do Campus, na sa\u00edda da Moradia Estudantil, na rotat\u00f3ria da Cl\u00ednica Odontol\u00f3gica (COU) e na sa\u00edda pela PR-445. Segundo Luiz Cl\u00e1udio, foram adquiridos um software atualizado e 14 c\u00e2meras de leitura. A ideia \u00e9 que os agentes de seguran\u00e7a produzam relat\u00f3rios di\u00e1rios da entrada e sa\u00edda de ve\u00edculos no Campus, inclusive identificando carros ou motocicletas provenientes de furtos.<\/p>\n\n\n\n<p>Por \u00faltimo, o sistema de videovigil\u00e2ncia ser\u00e1 ampliado com a aquisi\u00e7\u00e3o de 45 c\u00e2meras novas que se somar\u00e3o \u00e0s 56 j\u00e1 instaladas, totalizando um sistema de 111 unidades com capacidade de cobrir 100% de toda a \u00e1rea do Campus. Os novos locais foram definidos a partir de crit\u00e9rios t\u00e9cnicos, que garantem visibilidade e seguran\u00e7a para a comunidade.<\/p>\n\n\n\n<p>O sistema ainda inclui uma central de v\u00eddeo wall, com seis monitores de 55 polegadas. Al\u00e9m dos novos equipamentos, toda a \u00e1rea predial da Central de Monitoramento da Divis\u00e3o de Seguran\u00e7a da PCU foi reformada e recebeu novo mobili\u00e1rio.A assinatura dos contratos com as empresas vencedoras do certame foi realizada na sexta \u00e0 tarde, na Sala dos Conselhos. Al\u00e9m da reitora, vice-reitor, pr\u00f3-reitores e diretores de unidades da UEL, tamb\u00e9m participaram da cerim\u00f4nia os empres\u00e1rios Richard Lopes Palma, da RJ. Com e Fabiano Paulino, gerente de licita\u00e7\u00e3o da Smartseg Videovigil\u00e2ncia. Tamb\u00e9m esteve presente o ex-prefeito do Campus da UEL e professor aposentado Laerte Mathias, respons\u00e1vel pela implanta\u00e7\u00e3o do primeiro sistema de seguran\u00e7a da UEL, em 2003.<\/p>\n\n\n\n<p class=\"has-white-color has-text-color\">.<\/p>\n\n\n\n<p class=\"has-text-align-center\">O texto est\u00e1 citado na lista de refer\u00eancias como O PEROBAL (2022a).<\/p>\n","protected":false},"excerpt":{"rendered":"<p>. A reitora da UEL, Marta Favaro, assinou na \u00faltima sexta-feira (29) tr\u00eas contratos para a implanta\u00e7\u00e3o de um moderno Sistema de Seguran\u00e7a Eletr\u00f4nica no Campus da UEL, que ser\u00e1 amparado em tr\u00eas eixos \u2013 leitura de placas e controle de acesso de ve\u00edculos, sistema de r\u00e1dio comunica\u00e7\u00e3o digital, al\u00e9m do refor\u00e7o e amplia\u00e7\u00e3o de [&hellip;]<\/p>\n","protected":false},"author":8,"featured_media":0,"parent":0,"menu_order":0,"comment_status":"closed","ping_status":"closed","template":"","meta":{"footnotes":""},"class_list":["post-287","page","type-page","status-publish","hentry"],"acf":[],"_links":{"self":[{"href":"https:\/\/sites.uel.br\/pdi\/wp-json\/wp\/v2\/pages\/287","targetHints":{"allow":["GET"]}}],"collection":[{"href":"https:\/\/sites.uel.br\/pdi\/wp-json\/wp\/v2\/pages"}],"about":[{"href":"https:\/\/sites.uel.br\/pdi\/wp-json\/wp\/v2\/types\/page"}],"author":[{"embeddable":true,"href":"https:\/\/sites.uel.br\/pdi\/wp-json\/wp\/v2\/users\/8"}],"replies":[{"embeddable":true,"href":"https:\/\/sites.uel.br\/pdi\/wp-json\/wp\/v2\/comments?post=287"}],"version-history":[{"count":3,"href":"https:\/\/sites.uel.br\/pdi\/wp-json\/wp\/v2\/pages\/287\/revisions"}],"predecessor-version":[{"id":1238,"href":"https:\/\/sites.uel.br\/pdi\/wp-json\/wp\/v2\/pages\/287\/revisions\/1238"}],"wp:attachment":[{"href":"https:\/\/sites.uel.br\/pdi\/wp-json\/wp\/v2\/media?parent=287"}],"curies":[{"name":"wp","href":"https:\/\/api.w.org\/{rel}","templated":true}]}}