{"id":2827,"date":"2022-11-13T17:29:04","date_gmt":"2022-11-13T20:29:04","guid":{"rendered":"https:\/\/sites.uel.br\/pdi\/?page_id=2827"},"modified":"2024-07-08T09:39:55","modified_gmt":"2024-07-08T12:39:55","slug":"central-multiusuaria-de-laboratorios-de-pesquisa","status":"publish","type":"page","link":"https:\/\/sites.uel.br\/pdi\/central-multiusuaria-de-laboratorios-de-pesquisa\/","title":{"rendered":"Central Multiusu\u00e1ria de Laborat\u00f3rios de Pesquisa"},"content":{"rendered":"\n<p class=\"has-text-color\" style=\"color:#fefefe\">.<\/p>\n\n\n\n<p>A UEL tem fortalecido a racionaliza\u00e7\u00e3o dos recursos na forma de laborat\u00f3rios usu\u00e1rios, organizados na forma de uma <a href=\"https:\/\/cmlp.uel.br\/\"><strong><em>Central Multiusu\u00e1ria de Laborat\u00f3rios de Pesquisa (CMLP)<\/em><\/strong><\/a> e caracterizados por terem uma gest\u00e3o central e abrigarem equipamentos de m\u00e9dio e grande porte compartilhados por diferentes linhas de pesquisa de diferentes departamentos e programas de p\u00f3s-gradua\u00e7\u00e3o. Al\u00e9m destes, a UEL conta com outros laborat\u00f3rios de pesquisa, muitos deles consolidados nacionalmente e internacionalmente, que tamb\u00e9m atendem diferentes projetos e programas de p\u00f3s-gradua\u00e7\u00e3o.<\/p>\n\n\n\n<p>A <a href=\"https:\/\/cmlp.uel.br\/\"><strong><em>CMLP<\/em><\/strong> <\/a>\u00e9 composta pelos seguintes laborat\u00f3rios:<\/p>\n\n\n\n<ul class=\"wp-block-list\">\n<li>Laborat\u00f3rio de An\u00e1lise de Materiais e Mol\u00e9culas (LAMM), que realiza estudos com sequenciamento de DNA, express\u00e3o gen\u00e9tica, detec\u00e7\u00e3o de prote\u00ednas, fotodocumenta\u00e7\u00e3o, criopreserva\u00e7\u00e3o, contagem celular, e an\u00e1lise de RNA e DNA animal e vegetal.<\/li>\n\n\n\n<li>Laborat\u00f3rio de An\u00e1lises por Raio X (LARX), que \u00e9 constitu\u00eddo por 4 laborat\u00f3rios de t\u00e9cnicas (Lab DRX, Lab uTM, Lab PSI, Lab FRX), os quais prestam servi\u00e7os de an\u00e1lises qu\u00edmicas e f\u00edsicas de materiais e consultorias para institui\u00e7\u00f5es e empresas p\u00fablicas e privadas.<\/li>\n\n\n\n<li>Laborat\u00f3rio de Apoio \u00e0 Pesquisa Agropecu\u00e1ria (LAPA), que disp\u00f5e de ampla variedade de equipamentos de m\u00e9dio e grande porte de car\u00e1ter multiusu\u00e1rio.<\/li>\n\n\n\n<li>Laborat\u00f3rio de Espectrologia (ESPEC), que realiza estudos de Resson\u00e2ncia Magn\u00e9tica Nuclear (RMN), FT-IR e UV-Vis, An\u00e1lise T\u00e9rmica (Termogravimetria \u2013 TG, Calor\u00edmetro Diferencial de Varredura \u2013 DSC) e Potenciostato, Fotoluminesc\u00eancia com resolu\u00e7\u00e3o temporal e Sistema para Tamanho de Part\u00edcula e Potencial Zeta e Microscopia de For\u00e7a At\u00f4mica (AFM).<\/li>\n\n\n\n<li>Laborat\u00f3rio de Microscopia Eletr\u00f4nica e Microan\u00e1lise (LMEM), que realiza estudos em microscopia eletr\u00f4nica de varredura e microsc\u00f3pio eletr\u00f4nico de transmiss\u00e3o com aplica\u00e7\u00f5es em engenharia e ci\u00eancias de materiais, engenharia de alimentos, geoci\u00eancias, f\u00edsica, qu\u00edmica farmac\u00eautica e ci\u00eancias biol\u00f3gicas.<\/li>\n\n\n\n<li>Laborat\u00f3rio Escola de P\u00f3s-Gradua\u00e7\u00e3o (LABESC), que visa oferecer um ambiente adequado para as atividades acad\u00eamicas dos Programas de P\u00f3s-Gradua\u00e7\u00e3o Stricto Sensu dos diversos Centros de Estudos da UEL, bem como dos Grupos de Pesquisa, al\u00e9m de algumas atividades de apoio \u00e0 Pesquisa e \u00e0 P\u00f3s-Gradua\u00e7\u00e3o.<\/li>\n\n\n\n<li>Laborat\u00f3rio de Pesquisa em Ci\u00eancias Humanas (LAPECH), que visa programas de p\u00f3s-gradua\u00e7\u00e3o de quatro centros de estudos da UEL, estando dividido em n\u00facleos tem\u00e1ticos, de forma a permitir uma maior integra\u00e7\u00e3o entre as pesquisas e, consequentemente, maior desempenho da produ\u00e7\u00e3o acad\u00eamica.<\/li>\n<\/ul>\n","protected":false},"excerpt":{"rendered":"<p>. A UEL tem fortalecido a racionaliza\u00e7\u00e3o dos recursos na forma de laborat\u00f3rios usu\u00e1rios, organizados na forma de uma Central Multiusu\u00e1ria de Laborat\u00f3rios de Pesquisa (CMLP) e caracterizados por terem uma gest\u00e3o central e abrigarem equipamentos de m\u00e9dio e grande porte compartilhados por diferentes linhas de pesquisa de diferentes departamentos e programas de p\u00f3s-gradua\u00e7\u00e3o. Al\u00e9m [&hellip;]<\/p>\n","protected":false},"author":8,"featured_media":0,"parent":0,"menu_order":0,"comment_status":"closed","ping_status":"closed","template":"","meta":{"footnotes":""},"class_list":["post-2827","page","type-page","status-publish","hentry"],"acf":[],"_links":{"self":[{"href":"https:\/\/sites.uel.br\/pdi\/wp-json\/wp\/v2\/pages\/2827","targetHints":{"allow":["GET"]}}],"collection":[{"href":"https:\/\/sites.uel.br\/pdi\/wp-json\/wp\/v2\/pages"}],"about":[{"href":"https:\/\/sites.uel.br\/pdi\/wp-json\/wp\/v2\/types\/page"}],"author":[{"embeddable":true,"href":"https:\/\/sites.uel.br\/pdi\/wp-json\/wp\/v2\/users\/8"}],"replies":[{"embeddable":true,"href":"https:\/\/sites.uel.br\/pdi\/wp-json\/wp\/v2\/comments?post=2827"}],"version-history":[{"count":3,"href":"https:\/\/sites.uel.br\/pdi\/wp-json\/wp\/v2\/pages\/2827\/revisions"}],"predecessor-version":[{"id":4473,"href":"https:\/\/sites.uel.br\/pdi\/wp-json\/wp\/v2\/pages\/2827\/revisions\/4473"}],"wp:attachment":[{"href":"https:\/\/sites.uel.br\/pdi\/wp-json\/wp\/v2\/media?parent=2827"}],"curies":[{"name":"wp","href":"https:\/\/api.w.org\/{rel}","templated":true}]}}