{"id":2817,"date":"2022-11-13T17:21:43","date_gmt":"2022-11-13T20:21:43","guid":{"rendered":"https:\/\/sites.uel.br\/pdi\/?page_id=2817"},"modified":"2022-11-13T17:21:43","modified_gmt":"2022-11-13T20:21:43","slug":"inovacao-e-desenvolvimento-tecnologico","status":"publish","type":"page","link":"https:\/\/sites.uel.br\/pdi\/inovacao-e-desenvolvimento-tecnologico\/","title":{"rendered":"Inova\u00e7\u00e3o e Desenvolvimento Tecnol\u00f3gico"},"content":{"rendered":"\n<p class=\"has-text-color\" style=\"color:#fefefe\">.<\/p>\n\n\n\n<p>S\u00e3o diretrizes para a inova\u00e7\u00e3o e desenvolvimento tecnol\u00f3gico na UEL:<\/p>\n\n\n\n<ul class=\"wp-block-list\">\n<li>Promo\u00e7\u00e3o do desenvolvimento tecnol\u00f3gico, da inova\u00e7\u00e3o e da transfer\u00eancia de tecnologias pelo(a): constitui\u00e7\u00e3o e implementa\u00e7\u00e3o de uma pol\u00edtica de inova\u00e7\u00e3o institucional; fornecimento de est\u00edmulos e suporte \u00e0 inova\u00e7\u00e3o e fomento ao desenvolvimento de m\u00e9todos, processos e produtos tecnol\u00f3gicos; participa\u00e7\u00e3o ativa nos diversos ambientes de inova\u00e7\u00e3o, especialmente locais, visando a atua\u00e7\u00e3o abrangente nas distintas \u00e1reas tecnol\u00f3gicas, sobretudo nas \u00e1reas estrat\u00e9gicas; cria\u00e7\u00e3o e manuten\u00e7\u00e3o de unidades de gest\u00e3o da inova\u00e7\u00e3o tecnol\u00f3gica da Universidade; apoio \u00e0 funda\u00e7\u00e3o e \u00e0 incuba\u00e7\u00e3o de empresas de base tecnol\u00f3gica (startups); e, est\u00edmulo \u00e0 transfer\u00eancia das tecnologias geradas pela Universidade para a sociedade.<\/li>\n\n\n\n<li>Est\u00edmulo \u00e0s parcerias p\u00fablico-privadas para o desenvolvimento cient\u00edfico e tecnol\u00f3gico por meio do contato entre os atores de inova\u00e7\u00e3o da Universidade e o setor privado.<\/li>\n\n\n\n<li>Cria\u00e7\u00e3o e otimiza\u00e7\u00e3o dos processos de formaliza\u00e7\u00e3o das respectivas parcerias que resguardem devidamente a Universidade e sejam adequadamente \u00e1geis de modo a atender \u00e0s demandas dos parceiros privados.<\/li>\n\n\n\n<li>Incentivo a pedidos de patente e registro de produtos e processos, com ou sem patente, auxiliando os inventores, e Institui\u00e7\u00e3o de mecanismos de avalia\u00e7\u00e3o de tais pedidos quanto \u00e0 sua viabilidade t\u00e9cnica e potencial de explora\u00e7\u00e3o comercial.<\/li>\n\n\n\n<li>Fomento e promo\u00e7\u00e3o do desenvolvimento da difus\u00e3o e da divulga\u00e7\u00e3o de tecnologias sociais.<\/li>\n<\/ul>\n\n\n\n<p>A pol\u00edtica de inova\u00e7\u00e3o e desenvolvimento tecnol\u00f3gico da UEL ter\u00e1 por objeto a interface da Universidade com a sociedade, possibilitando a transforma\u00e7\u00e3o do conhecimento em m\u00e9todos, processos e produtos.<\/p>\n\n\n\n<p>A pol\u00edtica de inova\u00e7\u00e3o e desenvolvimento tecnol\u00f3gico dever\u00e1 ser estruturada em n\u00edvel institucional, fomentada em termos financeiros, legais, burocr\u00e1ticos e de infraestrutura, vascularizada em diferentes ambientes de inova\u00e7\u00e3o, preferencialmente locais, favor\u00e1vel ao empreendedor e conectada \u00e0 sociedade.<\/p>\n\n\n\n<ul class=\"wp-block-list\">\n<li>O empreendedor \u00e9 entendido, na Pol\u00edtica de Pesquisa da Universidade Estadual de Londrina, como a pessoa capaz de identificar problemas e oportunidades, desenvolver solu\u00e7\u00f5es e investir recursos, de qualquer natureza, na cria\u00e7\u00e3o de m\u00e9todos, processos e produtos para a sociedade, bem como a gera\u00e7\u00e3o de conhecimento com potencial para a cria\u00e7\u00e3o destes m\u00e9todos, processos e produtos.<\/li>\n<\/ul>\n\n\n\n<p>A gest\u00e3o dessa pol\u00edtica dever\u00e1 se dar de forma colegiada, pelo Conselho Institucional de Ci\u00eancia e Tecnologia, e executada pelo N\u00facleo de Inova\u00e7\u00e3o Tecnol\u00f3gica da UEL, tendo em vista a necessidade de flexibilidade e agilidade no tratamento dessa interface com a sociedade.<\/p>\n\n\n\n<p>As rela\u00e7\u00f5es da Universidade com outras institui\u00e7\u00f5es p\u00fablicas ou privadas em prol do desenvolvimento de tecnologias dever\u00e3o garantir, al\u00e9m do princ\u00edpio da transpar\u00eancia, o interesse da UEL.<\/p>\n","protected":false},"excerpt":{"rendered":"<p>. S\u00e3o diretrizes para a inova\u00e7\u00e3o e desenvolvimento tecnol\u00f3gico na UEL: A pol\u00edtica de inova\u00e7\u00e3o e desenvolvimento tecnol\u00f3gico da UEL ter\u00e1 por objeto a interface da Universidade com a sociedade, possibilitando a transforma\u00e7\u00e3o do conhecimento em m\u00e9todos, processos e produtos. A pol\u00edtica de inova\u00e7\u00e3o e desenvolvimento tecnol\u00f3gico dever\u00e1 ser estruturada em n\u00edvel institucional, fomentada em [&hellip;]<\/p>\n","protected":false},"author":8,"featured_media":0,"parent":0,"menu_order":0,"comment_status":"closed","ping_status":"closed","template":"","meta":{"footnotes":""},"class_list":["post-2817","page","type-page","status-publish","hentry"],"acf":[],"_links":{"self":[{"href":"https:\/\/sites.uel.br\/pdi\/wp-json\/wp\/v2\/pages\/2817","targetHints":{"allow":["GET"]}}],"collection":[{"href":"https:\/\/sites.uel.br\/pdi\/wp-json\/wp\/v2\/pages"}],"about":[{"href":"https:\/\/sites.uel.br\/pdi\/wp-json\/wp\/v2\/types\/page"}],"author":[{"embeddable":true,"href":"https:\/\/sites.uel.br\/pdi\/wp-json\/wp\/v2\/users\/8"}],"replies":[{"embeddable":true,"href":"https:\/\/sites.uel.br\/pdi\/wp-json\/wp\/v2\/comments?post=2817"}],"version-history":[{"count":1,"href":"https:\/\/sites.uel.br\/pdi\/wp-json\/wp\/v2\/pages\/2817\/revisions"}],"predecessor-version":[{"id":2818,"href":"https:\/\/sites.uel.br\/pdi\/wp-json\/wp\/v2\/pages\/2817\/revisions\/2818"}],"wp:attachment":[{"href":"https:\/\/sites.uel.br\/pdi\/wp-json\/wp\/v2\/media?parent=2817"}],"curies":[{"name":"wp","href":"https:\/\/api.w.org\/{rel}","templated":true}]}}