{"id":2781,"date":"2022-11-13T16:30:06","date_gmt":"2022-11-13T19:30:06","guid":{"rendered":"https:\/\/sites.uel.br\/pdi\/?page_id=2781"},"modified":"2022-11-13T16:30:06","modified_gmt":"2022-11-13T19:30:06","slug":"projeto-de-pesquisa-em-ensino","status":"publish","type":"page","link":"https:\/\/sites.uel.br\/pdi\/projeto-de-pesquisa-em-ensino\/","title":{"rendered":"Projeto de Pesquisa em Ensino"},"content":{"rendered":"\n<p class=\"has-white-color has-text-color\">.<\/p>\n\n\n\n<p>Os projetos de pesquisa em ensino visam a melhoria do processo de ensino e aprendizagem e podem ter como objeto:<\/p>\n\n\n\n<ul class=\"wp-block-list\">\n<li>abordagem de temas n\u00e3o curriculares de aprofundamento dos estudos disciplinares;<\/li>\n\n\n\n<li>desenvolvimento de atividades relativas a temas do curr\u00edculo em que os estudantes encontram dificuldades de aprendizagem;<\/li>\n\n\n\n<li>cria\u00e7\u00e3o de banco de dados, acervos e materiais, avalia\u00e7\u00e3o e diagn\u00f3stico do desenvolvimento das atividades acad\u00eamicas ou do projeto pedag\u00f3gico do curso.<\/li>\n<\/ul>\n\n\n\n<p>A partir dos projetos de pesquisa em ensino, a Universidade Estadual de Londrina pretende atender os seguintes objetivos:<\/p>\n\n\n\n<ul class=\"wp-block-list\">\n<li>propiciar uma reflex\u00e3o cr\u00edtica das quest\u00f5es de ensino e aprendizagem indicando meios para sua formula\u00e7\u00e3o e desenvolvimento;<\/li>\n\n\n\n<li>atender \u00e0s necessidades de melhoria da pr\u00e1tica pedag\u00f3gica;<\/li>\n\n\n\n<li>desencadear um processo de inova\u00e7\u00e3o na pr\u00e1tica pedag\u00f3gica, comprometido com as exig\u00eancias socioecon\u00f4micas e pol\u00edtico-culturais;<\/li>\n\n\n\n<li>promover o aprimoramento do conhecimento cient\u00edfico, do saber sistematizado e organizado, que conduza o aluno, o professor, a Universidade e a pr\u00f3pria sociedade a um processo de an\u00e1lise e avalia\u00e7\u00e3o cr\u00edtica;<\/li>\n\n\n\n<li>contribuir para a reflex\u00e3o cr\u00edtica e an\u00e1lise das concep\u00e7\u00f5es e pr\u00e1ticas curriculares; e,<\/li>\n\n\n\n<li>propiciar a atualiza\u00e7\u00e3o continuada dos conte\u00fados e das atividades pedag\u00f3gicas.<\/li>\n<\/ul>\n","protected":false},"excerpt":{"rendered":"<p>. Os projetos de pesquisa em ensino visam a melhoria do processo de ensino e aprendizagem e podem ter como objeto: A partir dos projetos de pesquisa em ensino, a Universidade Estadual de Londrina pretende atender os seguintes objetivos:<\/p>\n","protected":false},"author":8,"featured_media":0,"parent":0,"menu_order":0,"comment_status":"closed","ping_status":"closed","template":"","meta":{"footnotes":""},"class_list":["post-2781","page","type-page","status-publish","hentry"],"acf":[],"_links":{"self":[{"href":"https:\/\/sites.uel.br\/pdi\/wp-json\/wp\/v2\/pages\/2781","targetHints":{"allow":["GET"]}}],"collection":[{"href":"https:\/\/sites.uel.br\/pdi\/wp-json\/wp\/v2\/pages"}],"about":[{"href":"https:\/\/sites.uel.br\/pdi\/wp-json\/wp\/v2\/types\/page"}],"author":[{"embeddable":true,"href":"https:\/\/sites.uel.br\/pdi\/wp-json\/wp\/v2\/users\/8"}],"replies":[{"embeddable":true,"href":"https:\/\/sites.uel.br\/pdi\/wp-json\/wp\/v2\/comments?post=2781"}],"version-history":[{"count":1,"href":"https:\/\/sites.uel.br\/pdi\/wp-json\/wp\/v2\/pages\/2781\/revisions"}],"predecessor-version":[{"id":2782,"href":"https:\/\/sites.uel.br\/pdi\/wp-json\/wp\/v2\/pages\/2781\/revisions\/2782"}],"wp:attachment":[{"href":"https:\/\/sites.uel.br\/pdi\/wp-json\/wp\/v2\/media?parent=2781"}],"curies":[{"name":"wp","href":"https:\/\/api.w.org\/{rel}","templated":true}]}}