{"id":278,"date":"2022-09-07T17:44:24","date_gmt":"2022-09-07T20:44:24","guid":{"rendered":"https:\/\/sites.uel.br\/pdi\/?page_id=278"},"modified":"2022-10-17T12:16:58","modified_gmt":"2022-10-17T15:16:58","slug":"quando-e-como-tudo-comecou","status":"publish","type":"page","link":"https:\/\/sites.uel.br\/pdi\/quando-e-como-tudo-comecou\/","title":{"rendered":"Quando (e Como) Tudo Come\u00e7ou"},"content":{"rendered":"\n<p class=\"has-white-color has-text-color\">.<\/p>\n\n\n\n<p>O ex-governador Paulo Pimentel assinou, em 28 de janeiro de 1970, o decreto de cria\u00e7\u00e3o da Universidade Estadual de Londrina.<\/p>\n\n\n\n<p>O governador Paulo Pimentel sempre sonhou em criar uma universidade em Londrina. Ele se incomodava com o fato dos estudantes terem que se deslocar at\u00e9 as capitais em bisca do Ensino Superior. \u00c0 \u00e9poca de publica\u00e7\u00e3o deste texto, Paulo Pimentel tinha 82 anos e presidia o Grupo de Comunica\u00e7\u00e3o GPP, em Curitiba. Ele afirmou que quando assumiu a Secretaria do Estado da Agricultura, em 1961, nomeado pelo ent\u00e3o governador Ney Braga, estimulou o ensino agr\u00edcola, mas continuava sonhando com uma universidade em Londrina. \u201cQuando fui eleito governador, no final de 1965, acreditei que o projeto poderia come\u00e7ar a ganhar corpo e se concretizar\u201d, contou.<\/p>\n\n\n\n<p>A primeira reuni\u00e3o para discutir a implanta\u00e7\u00e3o da Universidade Estadual de Londrina aconteceu na sede da Associa\u00e7\u00e3o Comercial (ACIL). \u201cFinalmente, em 28 de janeiro de 1970, assin\u00e1vamos o decreto de cria\u00e7\u00e3o da UEL, sob forma de Funda\u00e7\u00e3o, paralelamente \u00e0 Universidade Estadual de Maring\u00e1 e de Ponta Grossa\u201d, recordou Paulo Pimentel. O ex-governador considerou memor\u00e1vel o momento da escolha do local para instalar a Cidade Universit\u00e1ria. \u201cA Fazenda Perobal estava a venda, mas o propriet\u00e1rio n\u00e3o queria esperar pela burocracia exigida na compra de um patrim\u00f4nio pela m\u00e1quina p\u00fablica. Foi ent\u00e3o que tomamos um avi\u00e3o para sobrevoar a \u00e1rea. Depois disso, n\u00e3o tive d\u00favidas: dei um cheque meu como sinal e fechamos o neg\u00f3cio no final dos anos 1960 para n\u00e3o perder a oportunidade. Nascia o Campus Universit\u00e1rio da UEL\u201d, lembrou o ex-governador.<\/p>\n\n\n\n<p>Paulo Pimentel contou que compartilha esta conquista com a comunidade londrinense, professores, associa\u00e7\u00f5es de classe e profissionais liberais que sonhavam com a ascens\u00e3o do ensino universit\u00e1rio na segunda maior cidade do Estado. \u201cO grande m\u00e9rito de tudo isso \u00e9 ver a interioriza\u00e7\u00e3o do Ensino Superior e, consequentemente, assistir ao surgimento de outras universidades a partir da UEL, em benef\u00edcio da educa\u00e7\u00e3o e do desenvolvimento do Paran\u00e1\u201d, afirmou o ex-governador.<\/p>\n\n\n\n<p>Segundo Pimentel, n\u00e3o houve apoio do governo federal na cria\u00e7\u00e3o das universidades estaduais porque a Presid\u00eancia da Rep\u00fablica j\u00e1 lutava com grande dificuldade para manter suas universidades federais nas capitais. \u201cAcredito que a quest\u00e3o estava mais ligada ao governo estadual. A USP, por exemplo, \u00e9 estadual e \u00e9 uma das universidades mais respeitadas do pa\u00eds. N\u00e3o menosprezando a Universidade Federal do Paran\u00e1, mas nos orgulhamos e reconhecemos a destacada posi\u00e7\u00e3o que a UEL desfruta hoje no cen\u00e1rio nacional\u201d, ressaltou Pimentel. Na opini\u00e3o dele, a gratifica\u00e7\u00e3o \u00e9 imensa. \u201cAcredito que o meu maior ato como governador foi a cria\u00e7\u00e3o das tr\u00eas primeiras universidades estaduais paranaenses\u201d, comentou.\u201cHoje, n\u00e3o sei se Londrina \u00e9 conhecida pela UEL ou se a UEL \u00e9 conhecida por estar em Londrina. Mas, quando volto ao passado percebo que o esfor\u00e7o n\u00e3o foi em v\u00e3o. Confesso que n\u00e3o imaginava assim, assim como muitos tamb\u00e9m n\u00e3o, que a Institui\u00e7\u00e3o chegasse onde chegou. Orgulho-me de deixar aos meus netos este legado e que eles poder\u00e3o desfrutar muito mais que um patrim\u00f4nio f\u00edsico. Ver meu nome se perpetuar por obras desta import\u00e2ncia \u00e9 realmente compensador. Quarenta anos depois da assinatura de um decreto, estar aqui para contar toda esta hist\u00f3ria me emociona muito. Fui apenas um dos plantadores desta semente. Um instrumento para lan\u00e7ar a centelha\u201d, destacou Paulo Pimentel.<\/p>\n\n\n\n<p class=\"has-white-color has-text-color\">.<\/p>\n\n\n\n<p class=\"has-text-align-center\">O texto est\u00e1 citado na lista de refer\u00eancias como REVISTA UEL (2011).<\/p>\n","protected":false},"excerpt":{"rendered":"<p>. O ex-governador Paulo Pimentel assinou, em 28 de janeiro de 1970, o decreto de cria\u00e7\u00e3o da Universidade Estadual de Londrina. O governador Paulo Pimentel sempre sonhou em criar uma universidade em Londrina. Ele se incomodava com o fato dos estudantes terem que se deslocar at\u00e9 as capitais em bisca do Ensino Superior. \u00c0 \u00e9poca [&hellip;]<\/p>\n","protected":false},"author":8,"featured_media":0,"parent":0,"menu_order":0,"comment_status":"closed","ping_status":"closed","template":"","meta":{"footnotes":""},"class_list":["post-278","page","type-page","status-publish","hentry"],"acf":[],"_links":{"self":[{"href":"https:\/\/sites.uel.br\/pdi\/wp-json\/wp\/v2\/pages\/278","targetHints":{"allow":["GET"]}}],"collection":[{"href":"https:\/\/sites.uel.br\/pdi\/wp-json\/wp\/v2\/pages"}],"about":[{"href":"https:\/\/sites.uel.br\/pdi\/wp-json\/wp\/v2\/types\/page"}],"author":[{"embeddable":true,"href":"https:\/\/sites.uel.br\/pdi\/wp-json\/wp\/v2\/users\/8"}],"replies":[{"embeddable":true,"href":"https:\/\/sites.uel.br\/pdi\/wp-json\/wp\/v2\/comments?post=278"}],"version-history":[{"count":2,"href":"https:\/\/sites.uel.br\/pdi\/wp-json\/wp\/v2\/pages\/278\/revisions"}],"predecessor-version":[{"id":1235,"href":"https:\/\/sites.uel.br\/pdi\/wp-json\/wp\/v2\/pages\/278\/revisions\/1235"}],"wp:attachment":[{"href":"https:\/\/sites.uel.br\/pdi\/wp-json\/wp\/v2\/media?parent=278"}],"curies":[{"name":"wp","href":"https:\/\/api.w.org\/{rel}","templated":true}]}}