{"id":274,"date":"2022-09-07T17:42:39","date_gmt":"2022-09-07T20:42:39","guid":{"rendered":"https:\/\/sites.uel.br\/pdi\/?page_id=274"},"modified":"2022-10-17T12:15:37","modified_gmt":"2022-10-17T15:15:37","slug":"um-sonho-que-durou-15-anos","status":"publish","type":"page","link":"https:\/\/sites.uel.br\/pdi\/um-sonho-que-durou-15-anos\/","title":{"rendered":"Um Sonho que Durou 15 anos"},"content":{"rendered":"\n<p class=\"has-white-color has-text-color\">.<\/p>\n\n\n\n<p>Da instala\u00e7\u00e3o da primeira faculdade em 1956&nbsp;at\u00e9 o reconhecimento da UEL pelo MEC, em 7 de outubro de 1971, passaram-se 15 anos<\/p>\n\n\n\n<p>Em 10 de dezembro de 2021, Londrina completou 87 anos. O Instituto Brasileiro de Geografia e Estat\u00edstica (IBGE) previu que Londrina, neste mesmo ano, contava com uma popula\u00e7\u00e3o de 580.870 pessoas. No dia 7 de outubro de 2021, a grande universidade p\u00fablica da cidade, completou 50 anos, com uma comunidade composta por 22203 pessoas, entre docentes, servidores e discentes. A t\u00edtulo de curiosidade, a UEL possui um pouco mais do que a metade da idade da cidade de Londrina e atende diretamente quase 4% da popula\u00e7\u00e3o da cidade, desconsiderando deste c\u00f4mputo os beneficiados pelos servi\u00e7os prestados pelos \u00f3rg\u00e3os institucionais de apoio e suplementares.&nbsp;<\/p>\n\n\n\n<p>No in\u00edcio dos anos 1950, Londrina tinha 3500 estudantes secund\u00e1rios, dos quais apenas 1000 no Gin\u00e1sio Estadual; os outros, no Col\u00e9gio Londrinense e no Col\u00e9gio M\u00e3e de Deus. No Ensino Superior, sabe-se que antes, nos anos 40, j\u00e1 se havia insinuado um movimento pr\u00f3-instala\u00e7\u00e3o na cidade de uma Faculdade de Agronomia. Em seu livro \u201cPeroba Rosa\u201d, publicado para comemorar os 25 anos da UEL, o professor Joaquim Carvalho da Silva, do Departamento de Letras Vern\u00e1culas e Cl\u00e1ssicas da UEL, conta que os anos 50 encontram o professor Zaqueu de Melo, fundador do Col\u00e9gio Londrinense, empenhado na cria\u00e7\u00e3o de uma Faculdade de Filosofia. Mas seria particular e a comunidade se mobiliza pela cria\u00e7\u00e3o de uma faculdade estadual.<\/p>\n\n\n\n<p>Zaqueu de Melo eleito deputado estadual em 1954 abre m\u00e3o de seu projeto e passa a trabalhar pela consecu\u00e7\u00e3o do outro. Obt\u00e9m \u00eaxito: 25 de janeiro de 1956, o governador Adolpho de Oliveira Franco sanciona lei aprovada pela Assembleia Legislativa criando a Faculdade Estadual de Filosofia, Ci\u00eancias e Letras de Londrina.&nbsp;&nbsp;Na mesma \u00e9poca da cria\u00e7\u00e3o da FAFILO, os profissionais da \u00e1rea jur\u00eddica tamb\u00e9m vinham pleiteando uma Faculdade de Direito, que \u00e9 criada por decreto assinado pelo governador Moys\u00e9s Lupion, em 4 de junho de 1956. A autoriza\u00e7\u00e3o para funcionamento das duas faculdades demorou at\u00e9 o in\u00edcio de 1958. Ambas foram instaladas no pr\u00e9dio do Grupo Escolar Estadual Hugo Simas.<\/p>\n\n\n\n<p>A cria\u00e7\u00e3o de uma Universidade do Norte do Paran\u00e1 j\u00e1 era sonho citado em artigos da Folha de Londrina, em 1959. A data seguinte, nesse trajeto, seria 1962, com a cria\u00e7\u00e3o de mais uma faculdade estadual \u2013 a de Odontologia \u2013 e de mais dois cursos na FAFILO: Ci\u00eancias de Primeiro Grau e Pedagogia. Esse fato redobrou o \u00e2nimo dos m\u00e9dicos, que tamb\u00e9m queriam uma faculdade. O professor Joaquim Carvalho da Silva registra que a Associa\u00e7\u00e3o M\u00e9dica de Londrina tratava desse tema desde 1955. Para a Faculdade de Medicina optou-se pelo regime de funda\u00e7\u00e3o estadual. Assim, em 21 de dezembro de 1965, surgiu a Funda\u00e7\u00e3o de Ensino Superior de Londrina \u2013 FESULON \u2013, com o objetivo de criar e manter a Faculdade de Medicina do Norte do Paran\u00e1.<\/p>\n\n\n\n<p>A autoriza\u00e7\u00e3o para o funcionamento da faculdade foi dada em fevereiro de 1967 pelo Conselho Estadual de Educa\u00e7\u00e3o. Nessa \u00e9poca j\u00e1 existia outra mobiliza\u00e7\u00e3o na cidade pela cria\u00e7\u00e3o da Faculdade de Ci\u00eancias Econ\u00f4micas e Cont\u00e1beis. No dia 30 de mar\u00e7o de 1968, foi realizada a aula inaugural da nova faculdade, que, no princ\u00edpio de 1969, j\u00e1 teria mais um curso em funcionamento \u2013 o de Administra\u00e7\u00e3o. A cidade contava, ent\u00e3o, com as cinco faculdades necess\u00e1rias para pleitear sua Universidade. N\u00e3o pode deixar de ser citada, nesta hist\u00f3ria, a exist\u00eancia, desde 1962, da FEPAL \u2013 Funda\u00e7\u00e3o Educacional Paranaense de Londrina, criada pelo prefeito Jos\u00e9 Hosken de Novaes.<\/p>\n\n\n\n<p>Tr\u00eas fatores fizeram com que os ventos soprassem na dire\u00e7\u00e3o de uma universidade estadual. Um deles \u00e9 que toda a estrutura de ensino superior existente na cidade era estadual. Outro, \u00e9 que a FESULON defendia o formato de funda\u00e7\u00e3o \u2013 o que exclu\u00eda a hip\u00f3tese de uma universidade federal \u2013 e tinha proximidade com o ent\u00e3o governador Paulo Pimentel. E, finalmente, o pr\u00f3prio governador se interessou pelo tema do ensino superior, pois recebia demandas de outras cidades que tamb\u00e9m queriam benef\u00edcios neste setor. Em 12 de abril de 1969, o governador baixou decreto constituindo uma comiss\u00e3o que concluiu que o Paran\u00e1 comportava tr\u00eas universidades estaduais, a serem sediadas em Londrina, Maring\u00e1 e Ponta Grossa. O trabalho incluiu um anteprojeto de estatuto e a apresenta\u00e7\u00e3o de uma lista s\u00eaxtupla para a escolha de reitor e do vice-reitor pelo governador. No dia 27 de maio de 1970, o Decreto 20.230 trouxe a nomea\u00e7\u00e3o de Asc\u00eancio Garcia Lopes para reitor e Iran Martins Sanches para vice-reitor da UEL.<\/p>\n\n\n\n<p>S\u00f3 mais de um ano depois, em 7 de outubro de 1971, saiu o reconhecimento da UEL, atrav\u00e9s do Decreto 69.324 do Minist\u00e9rio da Educa\u00e7\u00e3o (MEC). E essa ficou sendo a data de comemora\u00e7\u00e3o do anivers\u00e1rio da institui\u00e7\u00e3o. Ou seja: da lei da primeira faculdade ao reconhecimento da sonhada Universidade Estadual, passaram-se 15 anos.<\/p>\n\n\n\n<p class=\"has-white-color has-text-color\">.<\/p>\n\n\n\n<p class=\"has-text-align-center\">O texto est\u00e1 citado na lista de refer\u00eancias como REVISTA UEL (2011).<\/p>\n","protected":false},"excerpt":{"rendered":"<p>. Da instala\u00e7\u00e3o da primeira faculdade em 1956&nbsp;at\u00e9 o reconhecimento da UEL pelo MEC, em 7 de outubro de 1971, passaram-se 15 anos Em 10 de dezembro de 2021, Londrina completou 87 anos. O Instituto Brasileiro de Geografia e Estat\u00edstica (IBGE) previu que Londrina, neste mesmo ano, contava com uma popula\u00e7\u00e3o de 580.870 pessoas. No [&hellip;]<\/p>\n","protected":false},"author":8,"featured_media":0,"parent":0,"menu_order":0,"comment_status":"closed","ping_status":"closed","template":"","meta":{"footnotes":""},"class_list":["post-274","page","type-page","status-publish","hentry"],"acf":[],"_links":{"self":[{"href":"https:\/\/sites.uel.br\/pdi\/wp-json\/wp\/v2\/pages\/274","targetHints":{"allow":["GET"]}}],"collection":[{"href":"https:\/\/sites.uel.br\/pdi\/wp-json\/wp\/v2\/pages"}],"about":[{"href":"https:\/\/sites.uel.br\/pdi\/wp-json\/wp\/v2\/types\/page"}],"author":[{"embeddable":true,"href":"https:\/\/sites.uel.br\/pdi\/wp-json\/wp\/v2\/users\/8"}],"replies":[{"embeddable":true,"href":"https:\/\/sites.uel.br\/pdi\/wp-json\/wp\/v2\/comments?post=274"}],"version-history":[{"count":3,"href":"https:\/\/sites.uel.br\/pdi\/wp-json\/wp\/v2\/pages\/274\/revisions"}],"predecessor-version":[{"id":1234,"href":"https:\/\/sites.uel.br\/pdi\/wp-json\/wp\/v2\/pages\/274\/revisions\/1234"}],"wp:attachment":[{"href":"https:\/\/sites.uel.br\/pdi\/wp-json\/wp\/v2\/media?parent=274"}],"curies":[{"name":"wp","href":"https:\/\/api.w.org\/{rel}","templated":true}]}}