{"id":2709,"date":"2022-11-13T11:40:39","date_gmt":"2022-11-13T14:40:39","guid":{"rendered":"https:\/\/sites.uel.br\/pdi\/?page_id=2709"},"modified":"2022-11-13T11:40:39","modified_gmt":"2022-11-13T14:40:39","slug":"vestibular","status":"publish","type":"page","link":"https:\/\/sites.uel.br\/pdi\/vestibular\/","title":{"rendered":"Vestibular"},"content":{"rendered":"\n<p class=\"has-text-color\" style=\"color:#fefefe\">.<\/p>\n\n\n\n<p>A principal forma de ingresso na UEL \u00e9 o Vestibular,\u00a0aplicado em duas fases &#8211; 1\u00aa e 2\u00aa fases. As inscri\u00e7\u00f5es s\u00e3o abertas\u00a0sempre no in\u00edcio do segundo semestre. A UEL j\u00e1 realizou mais de 75 Vestibulares. S\u00f3 nos \u00faltimos 11 anos o concurso recebeu 241.551\u00a0mil inscritos, oriundos do Paran\u00e1 e demais estados do pa\u00eds.\u00a0<\/p>\n","protected":false},"excerpt":{"rendered":"<p>. A principal forma de ingresso na UEL \u00e9 o Vestibular,\u00a0aplicado em duas fases &#8211; 1\u00aa e 2\u00aa fases. As inscri\u00e7\u00f5es s\u00e3o abertas\u00a0sempre no in\u00edcio do segundo semestre. A UEL j\u00e1 realizou mais de 75 Vestibulares. S\u00f3 nos \u00faltimos 11 anos o concurso recebeu 241.551\u00a0mil inscritos, oriundos do Paran\u00e1 e demais estados do pa\u00eds.\u00a0<\/p>\n","protected":false},"author":8,"featured_media":0,"parent":0,"menu_order":0,"comment_status":"closed","ping_status":"closed","template":"","meta":{"footnotes":""},"class_list":["post-2709","page","type-page","status-publish","hentry"],"acf":[],"_links":{"self":[{"href":"https:\/\/sites.uel.br\/pdi\/wp-json\/wp\/v2\/pages\/2709","targetHints":{"allow":["GET"]}}],"collection":[{"href":"https:\/\/sites.uel.br\/pdi\/wp-json\/wp\/v2\/pages"}],"about":[{"href":"https:\/\/sites.uel.br\/pdi\/wp-json\/wp\/v2\/types\/page"}],"author":[{"embeddable":true,"href":"https:\/\/sites.uel.br\/pdi\/wp-json\/wp\/v2\/users\/8"}],"replies":[{"embeddable":true,"href":"https:\/\/sites.uel.br\/pdi\/wp-json\/wp\/v2\/comments?post=2709"}],"version-history":[{"count":1,"href":"https:\/\/sites.uel.br\/pdi\/wp-json\/wp\/v2\/pages\/2709\/revisions"}],"predecessor-version":[{"id":2710,"href":"https:\/\/sites.uel.br\/pdi\/wp-json\/wp\/v2\/pages\/2709\/revisions\/2710"}],"wp:attachment":[{"href":"https:\/\/sites.uel.br\/pdi\/wp-json\/wp\/v2\/media?parent=2709"}],"curies":[{"name":"wp","href":"https:\/\/api.w.org\/{rel}","templated":true}]}}