{"id":2654,"date":"2022-11-13T10:29:59","date_gmt":"2022-11-13T13:29:59","guid":{"rendered":"https:\/\/sites.uel.br\/pdi\/?page_id=2654"},"modified":"2022-11-13T10:29:59","modified_gmt":"2022-11-13T13:29:59","slug":"laboratorio-de-pesquisa-em-ciencias-humanas","status":"publish","type":"page","link":"https:\/\/sites.uel.br\/pdi\/laboratorio-de-pesquisa-em-ciencias-humanas\/","title":{"rendered":"Laborat\u00f3rio de Pesquisa em Ci\u00eancias Humanas"},"content":{"rendered":"\n<p class=\"has-white-color has-text-color\">.<\/p>\n\n\n\n<p>Considerado um laborat\u00f3rio multiusu\u00e1rio, o Laborat\u00f3rio de Pesquisa em Ci\u00eancias Humanas (LAPECH) atender\u00e1 aos pesquisadores dos Centros de Letras e Ci\u00eancias Humanas (CLCH),\u00a0 Educa\u00e7\u00e3o, Comunica\u00e7\u00e3o e Artes (Ceca), Estudos Sociais Aplicados (Cesa) e Ci\u00eancias Exatas (CCE). Com isso, poder\u00e1 ser utilizado por grupos de estudos e para eventos da p\u00f3s-gradua\u00e7\u00e3o. A nova estrutura deve melhorar e adequar os espa\u00e7os destinados \u00e0s atividades da pesquisa, aumentando o n\u00famero de projetos integrados entre professores e estudantes de diferentes \u00e1reas do conhecimento.\u00a0<\/p>\n\n\n\n<p>O Lapech est\u00e1 dividido em n\u00facleos tem\u00e1ticos, de forma a permitir uma maior integra\u00e7\u00e3o entre as pesquisas e, consequentemente, maior desempenho da produ\u00e7\u00e3o acad\u00eamica.&nbsp;<\/p>\n\n\n\n<p>Os n\u00facleo tem\u00e1ticos N\u00facleo de Ensino e de Aprendizagem em Ci\u00eancias Humanas e Educa\u00e7\u00e3o Cient\u00edfica (NEACHEC), N\u00facleo de Estudos Culturais (NEC), N\u00facleo de Estudos da Imagem (NEI), N\u00facleo de Estudos em Ci\u00eancia, Tecnologia e Sociedade (NECTS), N\u00facleo de Estudos S\u00f3cio-Pol\u00edticos e Jur\u00eddicos (NESPJ), e N\u00facleo de Tecnologias de Informa\u00e7\u00e3o e Comunica\u00e7\u00e3o em Ci\u00eancias Humanas (TICCH).<\/p>\n\n\n\n<p>A obra teve apoio da Financiadora de Estudos e Projetos (Finep), vinculada ao Minist\u00e9rio da Ci\u00eancia, Tecnologia e Inova\u00e7\u00e3o (MCTI), e da UEL, tendo um investimento total de R$ 2.373.921,20 em mais de mil mestros quadrados de \u00e1rea constru\u00edda.<\/p>\n","protected":false},"excerpt":{"rendered":"<p>. Considerado um laborat\u00f3rio multiusu\u00e1rio, o Laborat\u00f3rio de Pesquisa em Ci\u00eancias Humanas (LAPECH) atender\u00e1 aos pesquisadores dos Centros de Letras e Ci\u00eancias Humanas (CLCH),\u00a0 Educa\u00e7\u00e3o, Comunica\u00e7\u00e3o e Artes (Ceca), Estudos Sociais Aplicados (Cesa) e Ci\u00eancias Exatas (CCE). Com isso, poder\u00e1 ser utilizado por grupos de estudos e para eventos da p\u00f3s-gradua\u00e7\u00e3o. A nova estrutura deve [&hellip;]<\/p>\n","protected":false},"author":8,"featured_media":0,"parent":0,"menu_order":0,"comment_status":"closed","ping_status":"closed","template":"","meta":{"footnotes":""},"class_list":["post-2654","page","type-page","status-publish","hentry"],"acf":[],"_links":{"self":[{"href":"https:\/\/sites.uel.br\/pdi\/wp-json\/wp\/v2\/pages\/2654","targetHints":{"allow":["GET"]}}],"collection":[{"href":"https:\/\/sites.uel.br\/pdi\/wp-json\/wp\/v2\/pages"}],"about":[{"href":"https:\/\/sites.uel.br\/pdi\/wp-json\/wp\/v2\/types\/page"}],"author":[{"embeddable":true,"href":"https:\/\/sites.uel.br\/pdi\/wp-json\/wp\/v2\/users\/8"}],"replies":[{"embeddable":true,"href":"https:\/\/sites.uel.br\/pdi\/wp-json\/wp\/v2\/comments?post=2654"}],"version-history":[{"count":1,"href":"https:\/\/sites.uel.br\/pdi\/wp-json\/wp\/v2\/pages\/2654\/revisions"}],"predecessor-version":[{"id":2655,"href":"https:\/\/sites.uel.br\/pdi\/wp-json\/wp\/v2\/pages\/2654\/revisions\/2655"}],"wp:attachment":[{"href":"https:\/\/sites.uel.br\/pdi\/wp-json\/wp\/v2\/media?parent=2654"}],"curies":[{"name":"wp","href":"https:\/\/api.w.org\/{rel}","templated":true}]}}