{"id":2648,"date":"2022-11-13T10:17:17","date_gmt":"2022-11-13T13:17:17","guid":{"rendered":"https:\/\/sites.uel.br\/pdi\/?page_id=2648"},"modified":"2022-11-13T10:17:17","modified_gmt":"2022-11-13T13:17:17","slug":"universidade-aberta-do-brasil-e-nead-uel","status":"publish","type":"page","link":"https:\/\/sites.uel.br\/pdi\/universidade-aberta-do-brasil-e-nead-uel\/","title":{"rendered":"Universidade Aberta do Brasil e NEAD-UEL"},"content":{"rendered":"\n<p class=\"has-text-color\" style=\"color:#fefefe\">.<\/p>\n\n\n\n<p>O Sistema UAB (Universidade Aberta do Brasil) funciona como articulador entre a UEL e os governos\u00a0estaduais e municipais, com o objetivo de atender \u00e0s demandas por educa\u00e7\u00e3o\u00a0superior. Essa articula\u00e7\u00e3o estabelece, por meio dos polos de apoio\u00a0presencial, qual munic\u00edpio ou microrregi\u00e3o receber\u00e1 os cursos ministrados\u00a0pela Universidade Estadual de Londrina. O Sistema UAB \u00e9 um dos\u00a0respons\u00e1veis pelo fomento de determinadas a\u00e7\u00f5es de modo a assegurar o bom\u00a0funcionamento dos cursos de EaD. Para isso, a UEL tamb\u00e9m recebe recursos\u00a0financeiros da CAPES &#8211; Coordena\u00e7\u00e3o de Aperfei\u00e7oamento de Pessoal de N\u00edvel\u00a0Superior.<\/p>\n","protected":false},"excerpt":{"rendered":"<p>. O Sistema UAB (Universidade Aberta do Brasil) funciona como articulador entre a UEL e os governos\u00a0estaduais e municipais, com o objetivo de atender \u00e0s demandas por educa\u00e7\u00e3o\u00a0superior. Essa articula\u00e7\u00e3o estabelece, por meio dos polos de apoio\u00a0presencial, qual munic\u00edpio ou microrregi\u00e3o receber\u00e1 os cursos ministrados\u00a0pela Universidade Estadual de Londrina. O Sistema UAB \u00e9 um dos\u00a0respons\u00e1veis [&hellip;]<\/p>\n","protected":false},"author":8,"featured_media":0,"parent":0,"menu_order":0,"comment_status":"closed","ping_status":"closed","template":"","meta":{"footnotes":""},"class_list":["post-2648","page","type-page","status-publish","hentry"],"acf":[],"_links":{"self":[{"href":"https:\/\/sites.uel.br\/pdi\/wp-json\/wp\/v2\/pages\/2648","targetHints":{"allow":["GET"]}}],"collection":[{"href":"https:\/\/sites.uel.br\/pdi\/wp-json\/wp\/v2\/pages"}],"about":[{"href":"https:\/\/sites.uel.br\/pdi\/wp-json\/wp\/v2\/types\/page"}],"author":[{"embeddable":true,"href":"https:\/\/sites.uel.br\/pdi\/wp-json\/wp\/v2\/users\/8"}],"replies":[{"embeddable":true,"href":"https:\/\/sites.uel.br\/pdi\/wp-json\/wp\/v2\/comments?post=2648"}],"version-history":[{"count":1,"href":"https:\/\/sites.uel.br\/pdi\/wp-json\/wp\/v2\/pages\/2648\/revisions"}],"predecessor-version":[{"id":2649,"href":"https:\/\/sites.uel.br\/pdi\/wp-json\/wp\/v2\/pages\/2648\/revisions\/2649"}],"wp:attachment":[{"href":"https:\/\/sites.uel.br\/pdi\/wp-json\/wp\/v2\/media?parent=2648"}],"curies":[{"name":"wp","href":"https:\/\/api.w.org\/{rel}","templated":true}]}}