{"id":237,"date":"2022-09-07T16:34:53","date_gmt":"2022-09-07T19:34:53","guid":{"rendered":"https:\/\/sites.uel.br\/pdi\/?page_id=237"},"modified":"2023-09-21T16:48:26","modified_gmt":"2023-09-21T19:48:26","slug":"cronograma","status":"publish","type":"page","link":"https:\/\/sites.uel.br\/pdi\/cronograma\/","title":{"rendered":"Cronograma"},"content":{"rendered":"\n<div class=\"wp-block-media-text is-stacked-on-mobile\" style=\"grid-template-columns:43% auto\"><figure class=\"wp-block-media-text__media\"><img loading=\"lazy\" decoding=\"async\" width=\"1024\" height=\"974\" src=\"https:\/\/sites.uel.br\/pdi\/wp-content\/uploads\/2022\/09\/site-CRONOGRAMA-e1695322638192-1024x974.png\" alt=\"\" class=\"wp-image-238 size-full\" srcset=\"https:\/\/sites.uel.br\/pdi\/wp-content\/uploads\/2022\/09\/site-CRONOGRAMA-e1695322638192-1024x974.png 1024w, https:\/\/sites.uel.br\/pdi\/wp-content\/uploads\/2022\/09\/site-CRONOGRAMA-e1695322638192-300x285.png 300w, https:\/\/sites.uel.br\/pdi\/wp-content\/uploads\/2022\/09\/site-CRONOGRAMA-e1695322638192-768x730.png 768w, https:\/\/sites.uel.br\/pdi\/wp-content\/uploads\/2022\/09\/site-CRONOGRAMA-e1695322638192-1536x1460.png 1536w, https:\/\/sites.uel.br\/pdi\/wp-content\/uploads\/2022\/09\/site-CRONOGRAMA-e1695322638192-2048x1947.png 2048w\" sizes=\"auto, (max-width: 1024px) 100vw, 1024px\" \/><\/figure><div class=\"wp-block-media-text__content\">\n<h1 class=\"wp-block-heading has-text-align-left is-style-default\"><strong>Plano de Desenvolvimento Institucional (PDI \u2013 2024-2028)<\/strong><\/h1>\n\n\n\n<p><a rel=\"noreferrer noopener\" href=\"https:\/\/sites.uel.br\/pdi\/wp-content\/uploads\/2023\/09\/Grupo-de-Respondentes-PDI-2024-Graficos.pdf\" data-type=\"link\" data-id=\"https:\/\/sites.uel.br\/pdi\/wp-content\/uploads\/2023\/09\/Grupo-de-Respondentes-PDI-2024-Graficos.pdf\" target=\"_blank\">Resultado consolidado referente aos grupos de respondentes que participaram da consulta efetuada \u00e0 comunidade interna e externa, no per\u00edodo de 04.08 \u00e0 04.09.23, em rela\u00e7\u00e3o aos Objetivos Estrat\u00e9gicos do PDI.<\/a><\/p>\n<\/div><\/div>\n\n\n\n<p><\/p>\n","protected":false},"excerpt":{"rendered":"<p>Plano de Desenvolvimento Institucional (PDI \u2013 2024-2028) Resultado consolidado referente aos grupos de respondentes que participaram da consulta efetuada \u00e0 comunidade interna e externa, no per\u00edodo de 04.08 \u00e0 04.09.23, em rela\u00e7\u00e3o aos Objetivos Estrat\u00e9gicos do PDI.<\/p>\n","protected":false},"author":8,"featured_media":0,"parent":0,"menu_order":0,"comment_status":"closed","ping_status":"closed","template":"","meta":{"footnotes":""},"class_list":["post-237","page","type-page","status-publish","hentry"],"acf":[],"_links":{"self":[{"href":"https:\/\/sites.uel.br\/pdi\/wp-json\/wp\/v2\/pages\/237","targetHints":{"allow":["GET"]}}],"collection":[{"href":"https:\/\/sites.uel.br\/pdi\/wp-json\/wp\/v2\/pages"}],"about":[{"href":"https:\/\/sites.uel.br\/pdi\/wp-json\/wp\/v2\/types\/page"}],"author":[{"embeddable":true,"href":"https:\/\/sites.uel.br\/pdi\/wp-json\/wp\/v2\/users\/8"}],"replies":[{"embeddable":true,"href":"https:\/\/sites.uel.br\/pdi\/wp-json\/wp\/v2\/comments?post=237"}],"version-history":[{"count":5,"href":"https:\/\/sites.uel.br\/pdi\/wp-json\/wp\/v2\/pages\/237\/revisions"}],"predecessor-version":[{"id":4167,"href":"https:\/\/sites.uel.br\/pdi\/wp-json\/wp\/v2\/pages\/237\/revisions\/4167"}],"wp:attachment":[{"href":"https:\/\/sites.uel.br\/pdi\/wp-json\/wp\/v2\/media?parent=237"}],"curies":[{"name":"wp","href":"https:\/\/api.w.org\/{rel}","templated":true}]}}