{"id":2255,"date":"2022-11-10T22:06:37","date_gmt":"2022-11-11T01:06:37","guid":{"rendered":"https:\/\/sites.uel.br\/pdi\/?page_id=2255"},"modified":"2022-11-10T22:06:37","modified_gmt":"2022-11-11T01:06:37","slug":"reciclauel","status":"publish","type":"page","link":"https:\/\/sites.uel.br\/pdi\/reciclauel\/","title":{"rendered":"RECICLAUEL"},"content":{"rendered":"\n<p class=\"has-white-color has-text-color\">.<\/p>\n\n\n\n<p>Desde meados de 2010, a UEL vem desenvolvendo o Programa ReciclaUel que possui entre as suas finalidades, apoiar a implementa\u00e7\u00e3o o Plano de Gerenciamento de Res\u00edduos S\u00f3lidos da UEL, bem como definir diretrizes que viabilizem a reciclagem dos res\u00edduos e, com isso, criar uma consci\u00eancia ambiental na comunidade universit\u00e1ria. A miss\u00e3o do Programa ReciclaUel \u00e9 contribuir para o desenvolvimento de pol\u00edticas sustent\u00e1veis por meio de a\u00e7\u00f5es voltadas \u00e0 minimiza\u00e7\u00e3o dos res\u00edduos, preserva\u00e7\u00e3o do meio ambiente, educa\u00e7\u00e3o ambiental, melhoria das condi\u00e7\u00f5es de trabalho e forma\u00e7\u00e3o de recursos humanos comprometidos com a sustentabilidade. O Programa busca alcan\u00e7ar os seguintes objetivos:<\/p>\n\n\n\n<ul class=\"wp-block-list\">\n<li>Propor pol\u00edticas para a gest\u00e3o de res\u00edduos na UEL.<\/li>\n\n\n\n<li>Estimular a comunidade da UEL a incorporar valores, a\u00e7\u00f5es e comportamentos ambientalmente adequados, em especial, a minimiza\u00e7\u00e3o na gera\u00e7\u00e3o de res\u00edduos.<\/li>\n\n\n\n<li>Colaborar para a capacita\u00e7\u00e3o do quadro de funcion\u00e1rios na incorpora\u00e7\u00e3o de boas pr\u00e1ticas socioambientais.<\/li>\n\n\n\n<li>Colaborar para o estabelecimento de pol\u00edticas de conserva\u00e7\u00e3o, recupera\u00e7\u00e3o, melhoria do meio ambiente e da qualidade de vida na UEL, no seu entorno.<\/li>\n\n\n\n<li>Promover a consolida\u00e7\u00e3o do processo de gest\u00e3o compartilhada e integrada de res\u00edduos na UEL, tornando-o exemplo de boas pr\u00e1ticas para a sociedade.<\/li>\n\n\n\n<li>Apoiar e fomentar a promo\u00e7\u00e3o de iniciativas socioambientais que articulem aspectos de pesquisa, ensino, extens\u00e3o e gest\u00e3o.<\/li>\n<\/ul>\n\n\n\n<p>O gerenciamento dos res\u00edduos s\u00f3lidos consiste no conjunto de a\u00e7\u00f5es, diretas ou indiretas, que envolve as etapas de coleta, transporte, tratamento e destina\u00e7\u00e3o final ambientalmente correta dos res\u00edduos s\u00f3lidos e dos rejeitos, que devem estar em conson\u00e2ncia com o Plano de Gerenciamento de Res\u00edduos S\u00f3lidos. O Plano de Gerenciamento de Res\u00edduos S\u00f3lidos \u00e9 parte integrante do processo de licenciamento ambiental da institui\u00e7\u00e3o e deve estar em acordo com o Plano de Gest\u00e3o Integrada de Res\u00edduos do Munic\u00edpio. Os Procedimentos Operacionais Padr\u00e3o (POP) referente aos descartes de res\u00edduos foram elaborados com o objetivo de se padronizar e facilitar os procedimentos de descartes de res\u00edduos das v\u00e1rias unidades da UEL. Os POPs apontam linhas gerais de procedimentos visando esclarecer os procedimentos de acondicionamento correto, armazenamento tempor\u00e1rio e destina\u00e7\u00e3o final dos res\u00edduos, bem como garantir o destino correto dos mesmos. Cada \u00f3rg\u00e3o ou unidade pode adotar procedimentos internos que garantam o acondicionamento adequado, coleta e destina\u00e7\u00e3o dos res\u00edduos, observando as orienta\u00e7\u00f5es dos POPs e em observ\u00e2ncia \u00e0s legisla\u00e7\u00f5es pertinentes.<\/p>\n","protected":false},"excerpt":{"rendered":"<p>. Desde meados de 2010, a UEL vem desenvolvendo o Programa ReciclaUel que possui entre as suas finalidades, apoiar a implementa\u00e7\u00e3o o Plano de Gerenciamento de Res\u00edduos S\u00f3lidos da UEL, bem como definir diretrizes que viabilizem a reciclagem dos res\u00edduos e, com isso, criar uma consci\u00eancia ambiental na comunidade universit\u00e1ria. A miss\u00e3o do Programa ReciclaUel [&hellip;]<\/p>\n","protected":false},"author":8,"featured_media":0,"parent":0,"menu_order":0,"comment_status":"closed","ping_status":"closed","template":"","meta":{"footnotes":""},"class_list":["post-2255","page","type-page","status-publish","hentry"],"acf":[],"_links":{"self":[{"href":"https:\/\/sites.uel.br\/pdi\/wp-json\/wp\/v2\/pages\/2255","targetHints":{"allow":["GET"]}}],"collection":[{"href":"https:\/\/sites.uel.br\/pdi\/wp-json\/wp\/v2\/pages"}],"about":[{"href":"https:\/\/sites.uel.br\/pdi\/wp-json\/wp\/v2\/types\/page"}],"author":[{"embeddable":true,"href":"https:\/\/sites.uel.br\/pdi\/wp-json\/wp\/v2\/users\/8"}],"replies":[{"embeddable":true,"href":"https:\/\/sites.uel.br\/pdi\/wp-json\/wp\/v2\/comments?post=2255"}],"version-history":[{"count":1,"href":"https:\/\/sites.uel.br\/pdi\/wp-json\/wp\/v2\/pages\/2255\/revisions"}],"predecessor-version":[{"id":2256,"href":"https:\/\/sites.uel.br\/pdi\/wp-json\/wp\/v2\/pages\/2255\/revisions\/2256"}],"wp:attachment":[{"href":"https:\/\/sites.uel.br\/pdi\/wp-json\/wp\/v2\/media?parent=2255"}],"curies":[{"name":"wp","href":"https:\/\/api.w.org\/{rel}","templated":true}]}}