{"id":2244,"date":"2022-11-10T21:53:39","date_gmt":"2022-11-11T00:53:39","guid":{"rendered":"https:\/\/sites.uel.br\/pdi\/?page_id=2244"},"modified":"2022-11-10T21:53:39","modified_gmt":"2022-11-11T00:53:39","slug":"acoes-afirmativas-comissao-universidade-para-os-indigenas-cuia","status":"publish","type":"page","link":"https:\/\/sites.uel.br\/pdi\/acoes-afirmativas-comissao-universidade-para-os-indigenas-cuia\/","title":{"rendered":"A\u00e7\u00f5es Afirmativas &#8211; Comiss\u00e3o Universidade para os Ind\u00edgenas (CUIA)"},"content":{"rendered":"\n<p class=\"has-text-color\" style=\"color:#fefefe\">.<\/p>\n\n\n\n<p>A partir da publica\u00e7\u00e3o da Lei Estadual 13.134\/2001, modificada pela Lei Estadual 14.995 de 2006, sobre a reserva de vagas suplementares para ind\u00edgenas nas Universidades Estaduais Paranaenses, a SETI (Secretaria de Estado da Ci\u00eancia, Tecnologia e Ensino Superior) delegou a compet\u00eancia \u00e0s Universidades para que, em conjunto, organizem o Vestibular Espec\u00edfico Interinstitucional dos Povos Ind\u00edgenas, doravante designado Vestibular dos Povos Ind\u00edgenas no Paran\u00e1. Para tanto, a SETI emitiu a Resolu\u00e7\u00e3o Conjunta 001\/2001 com a composi\u00e7\u00e3o de uma Comiss\u00e3o Interinstitucional para Acompanhamento dos Estudantes Ind\u00edgenas, hoje a Resolu\u00e7\u00e3o 026\/2008.<\/p>\n\n\n\n<p>O l\u00e9xico \u201cCUIA\u201d foi escolhido, em primeiro lugar, como forma de abrevia\u00e7\u00e3o do nome da Comiss\u00e3o Universidade para os Ind\u00edgenas e, em segundo lugar, o acr\u00e9scimo da letra \u201cA\u201d para designar um utens\u00edlio importante na cultura ind\u00edgena, propiciando maior sonoridade \u00e0 sigla, bem como atribuindo valor sem\u00e2ntico \u00e0 mesma. No tocante \u00e0s atribui\u00e7\u00f5es dessa Comiss\u00e3o, a SETI publicou a Resolu\u00e7\u00e3o 006\/2007, ressaltando que compete a CUIA:<\/p>\n\n\n\n<ul class=\"wp-block-list\">\n<li>proceder a discuss\u00e3o, avalia\u00e7\u00e3o e propor a adequa\u00e7\u00e3o dos instrumentos legais do processo seletivo a que se refere a Lei 13.134 de 18 de abril de 2001 e 14.995;<\/li>\n\n\n\n<li>realizar integral e anualmente o processo seletivo espec\u00edfico e interinstitucional, elaborando e apresentando relat\u00f3rio conclusivo;<\/li>\n\n\n\n<li>acompanhar pedagogicamente os estudantes ind\u00edgenas nas universidades nos seus respectivos colegiados de cursos;<\/li>\n\n\n\n<li>avaliar sistematicamente o processo geral de inclus\u00e3o e perman\u00eancia dos estudantes ind\u00edgenas nas universidades;<\/li>\n\n\n\n<li>elaborar e desenvolver projetos de ensino, pesquisa e extens\u00e3o envolvendo os estudantes ind\u00edgenas e suas respectivas comunidades;<\/li>\n\n\n\n<li>sensibilizar e envolver a comunidade acad\u00eamica acerca da quest\u00e3o ind\u00edgena;<\/li>\n\n\n\n<li>buscar di\u00e1logo, integra\u00e7\u00e3o e parcerias interinstitucionais.<\/li>\n<\/ul>\n\n\n\n<p>A partir de ent\u00e3o, a SETI publica as atualiza\u00e7\u00f5es necess\u00e1rias mediante mudan\u00e7a de representantes das UES na Comiss\u00e3o Estadual. Por seu turno, existem tamb\u00e9m as Comiss\u00f5es Locais, nomeadas por Portaria do Reitor de acordo com as Portarias 1237\/2008 e 2302\/2007.<\/p>\n\n\n\n<p>A CUIA local faz reuni\u00f5es mensais para discutir e acompanhar pontualmente os assuntos pertinentes aos estudantes ind\u00edgenas, da seguinte forma:<\/p>\n\n\n\n<ul class=\"wp-block-list\">\n<li>o controle de frequ\u00eancia mensal dos estudantes;<\/li>\n\n\n\n<li>o controle do pagamento da bolsa;<\/li>\n\n\n\n<li>a reativa\u00e7\u00e3o da Sala de Refer\u00eancia Ind\u00edgena para o grupo de estudos indigenistas da Institui\u00e7\u00e3o;<\/li>\n\n\n\n<li>apoio da FUNAI nos assuntos relacionados \u00e0 educa\u00e7\u00e3o superior;<\/li>\n\n\n\n<li>apoio do SEBEC aos assuntos pessoais relacionados aos estudantes ind\u00edgenas;<\/li>\n\n\n\n<li>apoio administrativo \u00e0s atividades da CUIA Local, entre outros.<\/li>\n<\/ul>\n","protected":false},"excerpt":{"rendered":"<p>. A partir da publica\u00e7\u00e3o da Lei Estadual 13.134\/2001, modificada pela Lei Estadual 14.995 de 2006, sobre a reserva de vagas suplementares para ind\u00edgenas nas Universidades Estaduais Paranaenses, a SETI (Secretaria de Estado da Ci\u00eancia, Tecnologia e Ensino Superior) delegou a compet\u00eancia \u00e0s Universidades para que, em conjunto, organizem o Vestibular Espec\u00edfico Interinstitucional dos Povos [&hellip;]<\/p>\n","protected":false},"author":8,"featured_media":0,"parent":0,"menu_order":0,"comment_status":"closed","ping_status":"closed","template":"","meta":{"footnotes":""},"class_list":["post-2244","page","type-page","status-publish","hentry"],"acf":[],"_links":{"self":[{"href":"https:\/\/sites.uel.br\/pdi\/wp-json\/wp\/v2\/pages\/2244","targetHints":{"allow":["GET"]}}],"collection":[{"href":"https:\/\/sites.uel.br\/pdi\/wp-json\/wp\/v2\/pages"}],"about":[{"href":"https:\/\/sites.uel.br\/pdi\/wp-json\/wp\/v2\/types\/page"}],"author":[{"embeddable":true,"href":"https:\/\/sites.uel.br\/pdi\/wp-json\/wp\/v2\/users\/8"}],"replies":[{"embeddable":true,"href":"https:\/\/sites.uel.br\/pdi\/wp-json\/wp\/v2\/comments?post=2244"}],"version-history":[{"count":1,"href":"https:\/\/sites.uel.br\/pdi\/wp-json\/wp\/v2\/pages\/2244\/revisions"}],"predecessor-version":[{"id":2245,"href":"https:\/\/sites.uel.br\/pdi\/wp-json\/wp\/v2\/pages\/2244\/revisions\/2245"}],"wp:attachment":[{"href":"https:\/\/sites.uel.br\/pdi\/wp-json\/wp\/v2\/media?parent=2244"}],"curies":[{"name":"wp","href":"https:\/\/api.w.org\/{rel}","templated":true}]}}