{"id":2224,"date":"2022-11-10T21:36:58","date_gmt":"2022-11-11T00:36:58","guid":{"rendered":"https:\/\/sites.uel.br\/pdi\/?page_id=2224"},"modified":"2022-11-10T21:36:58","modified_gmt":"2022-11-11T00:36:58","slug":"divisao-de-assistencia-a-saude-da-comunidade-dasc","status":"publish","type":"page","link":"https:\/\/sites.uel.br\/pdi\/divisao-de-assistencia-a-saude-da-comunidade-dasc\/","title":{"rendered":"Divis\u00e3o de Assist\u00eancia \u00e0 Sa\u00fade da Comunidade (DASC)"},"content":{"rendered":"\n<p class=\"has-text-color\" style=\"color:#fefefe\">.<\/p>\n\n\n\n<p>A Divis\u00e3o de Assist\u00eancia \u00e0 Sa\u00fade da Comunidade (DASC) tem como atribui\u00e7\u00e3o a presta\u00e7\u00e3o de servi\u00e7os de aten\u00e7\u00e3o prim\u00e1ria em sa\u00fade para a comunidade universit\u00e1ria, operacionalizados por meio de atendimentos eletivos ambulatoriais, nas \u00e1reas de cl\u00ednica m\u00e9dica, ginecologia, enfermagem e odontologia. A DASC \u00e9 respons\u00e1vel tamb\u00e9m pelo planejamento e execu\u00e7\u00e3o de programas de preven\u00e7\u00e3o de doen\u00e7as e promo\u00e7\u00e3o da sa\u00fade direcionados \u00e0 comunidade da UEL.&nbsp;<\/p>\n\n\n\n<p>A DASC foi implantada no Hospital Universit\u00e1rio no ano de 2002 ap\u00f3s estudo realizado por uma Comiss\u00e3o designada pela Portaria 4365 de 24 de julho de 2002, com a finalidade de propor a reestrutura\u00e7\u00e3o do Servi\u00e7o de Atendimento \u00e0 Sa\u00fade da Comunidade Universit\u00e1ria, prestado pelo ent\u00e3o N\u00facleo de Bem-Estar da Comunidade (NUBEC). Conforme a Resolu\u00e7\u00e3o CA 167\/2002, houve a transfer\u00eancia dos servi\u00e7os de atendimento a sa\u00fade \u00e0 Comunidade Universit\u00e1ria (Divis\u00e3o M\u00e9dica, Divis\u00e3o de Enfermagem e Divis\u00e3o Odontol\u00f3gica) do NUBEC para o Hospital Universit\u00e1rio. A Resolu\u00e7\u00e3o CU 06\/2005 introduz altera\u00e7\u00f5es no Regimento do Hospital Universit\u00e1rio Regional Norte do Paran\u00e1 em decorr\u00eancia da cria\u00e7\u00e3o da Divis\u00e3o de Assist\u00eancia \u00e0 Sa\u00fade da Comunidade da UEL (DASC) e as se\u00e7\u00f5es que espec\u00edfica, passando a integrar a Diretoria Superintendente.<\/p>\n\n\n\n<p>A DASC tem por miss\u00e3o desenvolver a\u00e7\u00f5es de promo\u00e7\u00e3o, prote\u00e7\u00e3o e apoio \u00e0 sa\u00fade em n\u00edvel ambulatorial, com equipe multiprofissional e interdisciplinar, propondo e implementando a\u00e7\u00f5es de sa\u00fade articuladas em parceria com outros \u00f3rg\u00e3os, em busca da melhoria na qualidade de vida da comunidade da UEL.<\/p>\n","protected":false},"excerpt":{"rendered":"<p>. A Divis\u00e3o de Assist\u00eancia \u00e0 Sa\u00fade da Comunidade (DASC) tem como atribui\u00e7\u00e3o a presta\u00e7\u00e3o de servi\u00e7os de aten\u00e7\u00e3o prim\u00e1ria em sa\u00fade para a comunidade universit\u00e1ria, operacionalizados por meio de atendimentos eletivos ambulatoriais, nas \u00e1reas de cl\u00ednica m\u00e9dica, ginecologia, enfermagem e odontologia. A DASC \u00e9 respons\u00e1vel tamb\u00e9m pelo planejamento e execu\u00e7\u00e3o de programas de preven\u00e7\u00e3o [&hellip;]<\/p>\n","protected":false},"author":8,"featured_media":0,"parent":0,"menu_order":0,"comment_status":"closed","ping_status":"closed","template":"","meta":{"footnotes":""},"class_list":["post-2224","page","type-page","status-publish","hentry"],"acf":[],"_links":{"self":[{"href":"https:\/\/sites.uel.br\/pdi\/wp-json\/wp\/v2\/pages\/2224","targetHints":{"allow":["GET"]}}],"collection":[{"href":"https:\/\/sites.uel.br\/pdi\/wp-json\/wp\/v2\/pages"}],"about":[{"href":"https:\/\/sites.uel.br\/pdi\/wp-json\/wp\/v2\/types\/page"}],"author":[{"embeddable":true,"href":"https:\/\/sites.uel.br\/pdi\/wp-json\/wp\/v2\/users\/8"}],"replies":[{"embeddable":true,"href":"https:\/\/sites.uel.br\/pdi\/wp-json\/wp\/v2\/comments?post=2224"}],"version-history":[{"count":1,"href":"https:\/\/sites.uel.br\/pdi\/wp-json\/wp\/v2\/pages\/2224\/revisions"}],"predecessor-version":[{"id":2225,"href":"https:\/\/sites.uel.br\/pdi\/wp-json\/wp\/v2\/pages\/2224\/revisions\/2225"}],"wp:attachment":[{"href":"https:\/\/sites.uel.br\/pdi\/wp-json\/wp\/v2\/media?parent=2224"}],"curies":[{"name":"wp","href":"https:\/\/api.w.org\/{rel}","templated":true}]}}