{"id":2215,"date":"2022-11-10T21:29:37","date_gmt":"2022-11-11T00:29:37","guid":{"rendered":"https:\/\/sites.uel.br\/pdi\/?page_id=2215"},"modified":"2022-11-10T21:29:37","modified_gmt":"2022-11-11T00:29:37","slug":"curso-especial-pre-vestibular","status":"publish","type":"page","link":"https:\/\/sites.uel.br\/pdi\/curso-especial-pre-vestibular\/","title":{"rendered":"Curso Especial Pr\u00e9-Vestibular"},"content":{"rendered":"\n<p class=\"has-text-color\" style=\"color:#fefefe\">.<\/p>\n\n\n\n<p>O Curso Especial Pr\u00e9-Vestibular (CEPV) atende 680 alunos oriundos de escolas p\u00fablicas de Londrina e regi\u00e3o. A admiss\u00e3o no CEPV ocorre por meio de an\u00e1lise socioecon\u00f4mica e prova. As aulas s\u00e3o ministradas no Campus Universit\u00e1rio nos per\u00edodos vespertino e noturno. O Curso Especial Pr\u00e9-Vestibular da Universidade Estadual de Londrina foi criado em 1996 com o intuito de proporcionar aos alunos de escolas p\u00fablicas a oportunidade de ingressar em uma universidade. O trabalho segue uma metodologia diferenciada, com a intera\u00e7\u00e3o entre os instrutores e alunos, havendo n\u00e3o s\u00f3 o contato profissional, mas tamb\u00e9m pessoal, j\u00e1 que os alunos passam a ser considerados como amigos. Em 27 anos de hist\u00f3ria, o cursinho j\u00e1 aprovou diversos alunos nos mais variados cursos, o que mostra que o projeto tem dado certo. A Sele\u00e7\u00e3o Socioecon\u00f4mica realizada pelo SEBEC \u00e9 destinada para a comunidade de baixa renda que tenha interesse em ingressar no Curso Especial Pr\u00e9-Vestibular da UEL.<\/p>\n","protected":false},"excerpt":{"rendered":"<p>. O Curso Especial Pr\u00e9-Vestibular (CEPV) atende 680 alunos oriundos de escolas p\u00fablicas de Londrina e regi\u00e3o. A admiss\u00e3o no CEPV ocorre por meio de an\u00e1lise socioecon\u00f4mica e prova. As aulas s\u00e3o ministradas no Campus Universit\u00e1rio nos per\u00edodos vespertino e noturno. O Curso Especial Pr\u00e9-Vestibular da Universidade Estadual de Londrina foi criado em 1996 com [&hellip;]<\/p>\n","protected":false},"author":8,"featured_media":0,"parent":0,"menu_order":0,"comment_status":"closed","ping_status":"closed","template":"","meta":{"footnotes":""},"class_list":["post-2215","page","type-page","status-publish","hentry"],"acf":[],"_links":{"self":[{"href":"https:\/\/sites.uel.br\/pdi\/wp-json\/wp\/v2\/pages\/2215","targetHints":{"allow":["GET"]}}],"collection":[{"href":"https:\/\/sites.uel.br\/pdi\/wp-json\/wp\/v2\/pages"}],"about":[{"href":"https:\/\/sites.uel.br\/pdi\/wp-json\/wp\/v2\/types\/page"}],"author":[{"embeddable":true,"href":"https:\/\/sites.uel.br\/pdi\/wp-json\/wp\/v2\/users\/8"}],"replies":[{"embeddable":true,"href":"https:\/\/sites.uel.br\/pdi\/wp-json\/wp\/v2\/comments?post=2215"}],"version-history":[{"count":1,"href":"https:\/\/sites.uel.br\/pdi\/wp-json\/wp\/v2\/pages\/2215\/revisions"}],"predecessor-version":[{"id":2216,"href":"https:\/\/sites.uel.br\/pdi\/wp-json\/wp\/v2\/pages\/2215\/revisions\/2216"}],"wp:attachment":[{"href":"https:\/\/sites.uel.br\/pdi\/wp-json\/wp\/v2\/media?parent=2215"}],"curies":[{"name":"wp","href":"https:\/\/api.w.org\/{rel}","templated":true}]}}