{"id":2212,"date":"2022-11-10T21:28:28","date_gmt":"2022-11-11T00:28:28","guid":{"rendered":"https:\/\/sites.uel.br\/pdi\/?page_id=2212"},"modified":"2022-11-10T21:28:28","modified_gmt":"2022-11-11T00:28:28","slug":"selecao-para-refeicoes-com-subsidio-ampliado-para-o-restaurante-universitario","status":"publish","type":"page","link":"https:\/\/sites.uel.br\/pdi\/selecao-para-refeicoes-com-subsidio-ampliado-para-o-restaurante-universitario\/","title":{"rendered":"Sele\u00e7\u00e3o para Refei\u00e7\u00f5es com Subs\u00eddio Ampliado para o Restaurante Universit\u00e1rio"},"content":{"rendered":"\n<p class=\"has-white-color has-text-color\">.<\/p>\n\n\n\n<p>A concess\u00e3o de subs\u00eddio ampliado para refei\u00e7\u00f5es no Restaurante Universit\u00e1rio tem o objetivo de selecionar estudantes para que tenham acesso \u00e0s refei\u00e7\u00f5es servidas pelo Restaurante Universit\u00e1rio com maior subs\u00edduo, enquadrando-os no grupo I de comensais da Resolu\u00e7\u00e3o CA 35\/2019, destinados aos estudantes da Moradia Estudantil e discentes com renda familiar per capita mensal familiar de at\u00e9 um sal\u00e1rio m\u00ednimo Federal conforme Resolu\u00e7\u00e3o CA 121\/2014.<\/p>\n","protected":false},"excerpt":{"rendered":"<p>. A concess\u00e3o de subs\u00eddio ampliado para refei\u00e7\u00f5es no Restaurante Universit\u00e1rio tem o objetivo de selecionar estudantes para que tenham acesso \u00e0s refei\u00e7\u00f5es servidas pelo Restaurante Universit\u00e1rio com maior subs\u00edduo, enquadrando-os no grupo I de comensais da Resolu\u00e7\u00e3o CA 35\/2019, destinados aos estudantes da Moradia Estudantil e discentes com renda familiar per capita mensal familiar [&hellip;]<\/p>\n","protected":false},"author":8,"featured_media":0,"parent":0,"menu_order":0,"comment_status":"closed","ping_status":"closed","template":"","meta":{"footnotes":""},"class_list":["post-2212","page","type-page","status-publish","hentry"],"acf":[],"_links":{"self":[{"href":"https:\/\/sites.uel.br\/pdi\/wp-json\/wp\/v2\/pages\/2212","targetHints":{"allow":["GET"]}}],"collection":[{"href":"https:\/\/sites.uel.br\/pdi\/wp-json\/wp\/v2\/pages"}],"about":[{"href":"https:\/\/sites.uel.br\/pdi\/wp-json\/wp\/v2\/types\/page"}],"author":[{"embeddable":true,"href":"https:\/\/sites.uel.br\/pdi\/wp-json\/wp\/v2\/users\/8"}],"replies":[{"embeddable":true,"href":"https:\/\/sites.uel.br\/pdi\/wp-json\/wp\/v2\/comments?post=2212"}],"version-history":[{"count":1,"href":"https:\/\/sites.uel.br\/pdi\/wp-json\/wp\/v2\/pages\/2212\/revisions"}],"predecessor-version":[{"id":2213,"href":"https:\/\/sites.uel.br\/pdi\/wp-json\/wp\/v2\/pages\/2212\/revisions\/2213"}],"wp:attachment":[{"href":"https:\/\/sites.uel.br\/pdi\/wp-json\/wp\/v2\/media?parent=2212"}],"curies":[{"name":"wp","href":"https:\/\/api.w.org\/{rel}","templated":true}]}}