{"id":2210,"date":"2022-11-10T21:27:43","date_gmt":"2022-11-11T00:27:43","guid":{"rendered":"https:\/\/sites.uel.br\/pdi\/?page_id=2210"},"modified":"2022-11-10T21:27:43","modified_gmt":"2022-11-11T00:27:43","slug":"selecao-para-concessao-de-bolsa-permanencia","status":"publish","type":"page","link":"https:\/\/sites.uel.br\/pdi\/selecao-para-concessao-de-bolsa-permanencia\/","title":{"rendered":"Sele\u00e7\u00e3o para Concess\u00e3o de Bolsa Perman\u00eancia"},"content":{"rendered":"\n<p class=\"has-white-color has-text-color\">.<\/p>\n\n\n\n<p>A programa de concess\u00e3o de Bolsa Perman\u00eancia tem o objetivo de minimizar as desigualdades sociais e contribuir para a perman\u00eancia e diploma\u00e7\u00e3o dos estudantes de gradua\u00e7\u00e3o da Universidade Estadual de Londrina que se encontram em situa\u00e7\u00e3o de vulnerabilidade socioecon\u00f4mica. S\u00e3o ofertadas 100 (cem) bolsas perman\u00eancia no valor de R$300,00 (trezentos reais) cada conforme Resolu\u00e7\u00f5es CA 120\/2014 e CA 16\/2015. O crit\u00e9rio eliminat\u00f3rio do programa define que o candidato a ser beneficiado deve ter renda per capita mensal familiar de at\u00e9 um sal\u00e1rio e meio m\u00ednimo federal, sendo classificados segundo an\u00e1lise socioecon\u00f4mica.<\/p>\n","protected":false},"excerpt":{"rendered":"<p>. A programa de concess\u00e3o de Bolsa Perman\u00eancia tem o objetivo de minimizar as desigualdades sociais e contribuir para a perman\u00eancia e diploma\u00e7\u00e3o dos estudantes de gradua\u00e7\u00e3o da Universidade Estadual de Londrina que se encontram em situa\u00e7\u00e3o de vulnerabilidade socioecon\u00f4mica. S\u00e3o ofertadas 100 (cem) bolsas perman\u00eancia no valor de R$300,00 (trezentos reais) cada conforme Resolu\u00e7\u00f5es [&hellip;]<\/p>\n","protected":false},"author":8,"featured_media":0,"parent":0,"menu_order":0,"comment_status":"closed","ping_status":"closed","template":"","meta":{"footnotes":""},"class_list":["post-2210","page","type-page","status-publish","hentry"],"acf":[],"_links":{"self":[{"href":"https:\/\/sites.uel.br\/pdi\/wp-json\/wp\/v2\/pages\/2210","targetHints":{"allow":["GET"]}}],"collection":[{"href":"https:\/\/sites.uel.br\/pdi\/wp-json\/wp\/v2\/pages"}],"about":[{"href":"https:\/\/sites.uel.br\/pdi\/wp-json\/wp\/v2\/types\/page"}],"author":[{"embeddable":true,"href":"https:\/\/sites.uel.br\/pdi\/wp-json\/wp\/v2\/users\/8"}],"replies":[{"embeddable":true,"href":"https:\/\/sites.uel.br\/pdi\/wp-json\/wp\/v2\/comments?post=2210"}],"version-history":[{"count":1,"href":"https:\/\/sites.uel.br\/pdi\/wp-json\/wp\/v2\/pages\/2210\/revisions"}],"predecessor-version":[{"id":2211,"href":"https:\/\/sites.uel.br\/pdi\/wp-json\/wp\/v2\/pages\/2210\/revisions\/2211"}],"wp:attachment":[{"href":"https:\/\/sites.uel.br\/pdi\/wp-json\/wp\/v2\/media?parent=2210"}],"curies":[{"name":"wp","href":"https:\/\/api.w.org\/{rel}","templated":true}]}}