{"id":2172,"date":"2022-11-10T20:59:52","date_gmt":"2022-11-10T23:59:52","guid":{"rendered":"https:\/\/sites.uel.br\/pdi\/?page_id=2172"},"modified":"2022-11-10T20:59:52","modified_gmt":"2022-11-10T23:59:52","slug":"sebec-divisao-de-restaurante-universitario","status":"publish","type":"page","link":"https:\/\/sites.uel.br\/pdi\/sebec-divisao-de-restaurante-universitario\/","title":{"rendered":"SEBEC &#8211; Divis\u00e3o de Restaurante Universit\u00e1rio"},"content":{"rendered":"\n<p class=\"has-white-color has-text-color\">.<\/p>\n\n\n\n<p>As atribui\u00e7\u00f5es do restaurante s\u00e3o: garantir seguran\u00e7a alimentar e nutricional, fornecendo alimenta\u00e7\u00e3o balanceada a toda comunidade universit\u00e1ria; colaborar no desenvolvimento de pesquisas cient\u00edficas desde que propostas por \u00e1reas de estudo da UEL; manter estreita rela\u00e7\u00e3o com os usu\u00e1rios visando oportunizar o constante aprimoramento dos servi\u00e7os prestados e atuar como um dos instrumentos da pol\u00edtica de perman\u00eancia estudantil e da pol\u00edtica de recursos humanos da institui\u00e7\u00e3o. O Restaurante Universit\u00e1rio inaugurado em 1998, respons\u00e1vel pelas \u00e1reas de nutri\u00e7\u00e3o e seguran\u00e7a alimentar dos servidores e estudantes da UEL, atendeu at\u00e9 o ano de 2014 em um espa\u00e7o de 1.566,11m<sup>2<\/sup>\u00a0com 240 lugares. Ap\u00f3s passar por reforma a amplia\u00e7\u00e3o dos servi\u00e7os e estrutura predial, o RU foi reinaugurado em 4 de dezembro de 2015, com amplia\u00e7\u00e3o da estrutura f\u00edsica para 3.919,69 m<sup>2<\/sup>\u00a0e contemplando 750 lugares.<\/p>\n","protected":false},"excerpt":{"rendered":"<p>. As atribui\u00e7\u00f5es do restaurante s\u00e3o: garantir seguran\u00e7a alimentar e nutricional, fornecendo alimenta\u00e7\u00e3o balanceada a toda comunidade universit\u00e1ria; colaborar no desenvolvimento de pesquisas cient\u00edficas desde que propostas por \u00e1reas de estudo da UEL; manter estreita rela\u00e7\u00e3o com os usu\u00e1rios visando oportunizar o constante aprimoramento dos servi\u00e7os prestados e atuar como um dos instrumentos da pol\u00edtica [&hellip;]<\/p>\n","protected":false},"author":8,"featured_media":0,"parent":0,"menu_order":0,"comment_status":"closed","ping_status":"closed","template":"","meta":{"footnotes":""},"class_list":["post-2172","page","type-page","status-publish","hentry"],"acf":[],"_links":{"self":[{"href":"https:\/\/sites.uel.br\/pdi\/wp-json\/wp\/v2\/pages\/2172","targetHints":{"allow":["GET"]}}],"collection":[{"href":"https:\/\/sites.uel.br\/pdi\/wp-json\/wp\/v2\/pages"}],"about":[{"href":"https:\/\/sites.uel.br\/pdi\/wp-json\/wp\/v2\/types\/page"}],"author":[{"embeddable":true,"href":"https:\/\/sites.uel.br\/pdi\/wp-json\/wp\/v2\/users\/8"}],"replies":[{"embeddable":true,"href":"https:\/\/sites.uel.br\/pdi\/wp-json\/wp\/v2\/comments?post=2172"}],"version-history":[{"count":1,"href":"https:\/\/sites.uel.br\/pdi\/wp-json\/wp\/v2\/pages\/2172\/revisions"}],"predecessor-version":[{"id":2173,"href":"https:\/\/sites.uel.br\/pdi\/wp-json\/wp\/v2\/pages\/2172\/revisions\/2173"}],"wp:attachment":[{"href":"https:\/\/sites.uel.br\/pdi\/wp-json\/wp\/v2\/media?parent=2172"}],"curies":[{"name":"wp","href":"https:\/\/api.w.org\/{rel}","templated":true}]}}