{"id":2160,"date":"2022-11-10T20:55:51","date_gmt":"2022-11-10T23:55:51","guid":{"rendered":"https:\/\/sites.uel.br\/pdi\/?page_id=2160"},"modified":"2022-11-10T20:55:51","modified_gmt":"2022-11-10T23:55:51","slug":"sebec-estrutura-fisica","status":"publish","type":"page","link":"https:\/\/sites.uel.br\/pdi\/sebec-estrutura-fisica\/","title":{"rendered":"SEBEC &#8211; Estrutura F\u00edsica"},"content":{"rendered":"\n<p class=\"has-white-color has-text-color\">.<\/p>\n\n\n\n<p>O SEBEC conta com tr\u00eas pr\u00e9dios distintos dentro do campus e um espa\u00e7o dentro do Hospital Universit\u00e1rio. S\u00e3o estes: o pr\u00e9dio central ao campus onde atuam a Dire\u00e7\u00e3o do SEBEC, a Divis\u00e3o de Apoio Administrativo, a Se\u00e7\u00e3o de Sa\u00fade Mental, a Divis\u00e3o de Servi\u00e7o Social e o SESMT\/campus. O pr\u00e9dio tem 400m<sup>2<\/sup>. No Hospital Universit\u00e1rio, se instalou este ano no terceiro andar do pr\u00e9dio administrativo, atendendo com prioridade ao trabalho do SESMT, do Servi\u00e7o Social e Sa\u00fade Mental. Dentro do Hospital Universit\u00e1rio atuam ainda um assistente social, em outra sala cedida pela administra\u00e7\u00e3o do hospital. A Divis\u00e3o de Moradia Estudantil est\u00e1 na circunscri\u00e7\u00e3o do campus pr\u00f3ximo a reitoria da universidade com pr\u00e9dio com 1.670,41 m<sup>2<\/sup>. A Divis\u00e3o de Restaurante Universit\u00e1rio tem sua estrutura no centro do campus com uma \u00e1rea de 3.919 m<sup>2<\/sup>.<\/p>\n","protected":false},"excerpt":{"rendered":"<p>. O SEBEC conta com tr\u00eas pr\u00e9dios distintos dentro do campus e um espa\u00e7o dentro do Hospital Universit\u00e1rio. S\u00e3o estes: o pr\u00e9dio central ao campus onde atuam a Dire\u00e7\u00e3o do SEBEC, a Divis\u00e3o de Apoio Administrativo, a Se\u00e7\u00e3o de Sa\u00fade Mental, a Divis\u00e3o de Servi\u00e7o Social e o SESMT\/campus. O pr\u00e9dio tem 400m2. No Hospital [&hellip;]<\/p>\n","protected":false},"author":8,"featured_media":0,"parent":0,"menu_order":0,"comment_status":"closed","ping_status":"closed","template":"","meta":{"footnotes":""},"class_list":["post-2160","page","type-page","status-publish","hentry"],"acf":[],"_links":{"self":[{"href":"https:\/\/sites.uel.br\/pdi\/wp-json\/wp\/v2\/pages\/2160","targetHints":{"allow":["GET"]}}],"collection":[{"href":"https:\/\/sites.uel.br\/pdi\/wp-json\/wp\/v2\/pages"}],"about":[{"href":"https:\/\/sites.uel.br\/pdi\/wp-json\/wp\/v2\/types\/page"}],"author":[{"embeddable":true,"href":"https:\/\/sites.uel.br\/pdi\/wp-json\/wp\/v2\/users\/8"}],"replies":[{"embeddable":true,"href":"https:\/\/sites.uel.br\/pdi\/wp-json\/wp\/v2\/comments?post=2160"}],"version-history":[{"count":1,"href":"https:\/\/sites.uel.br\/pdi\/wp-json\/wp\/v2\/pages\/2160\/revisions"}],"predecessor-version":[{"id":2161,"href":"https:\/\/sites.uel.br\/pdi\/wp-json\/wp\/v2\/pages\/2160\/revisions\/2161"}],"wp:attachment":[{"href":"https:\/\/sites.uel.br\/pdi\/wp-json\/wp\/v2\/media?parent=2160"}],"curies":[{"name":"wp","href":"https:\/\/api.w.org\/{rel}","templated":true}]}}