{"id":2106,"date":"2022-11-10T16:04:13","date_gmt":"2022-11-10T19:04:13","guid":{"rendered":"https:\/\/sites.uel.br\/pdi\/?page_id=2106"},"modified":"2023-01-20T13:06:55","modified_gmt":"2023-01-20T16:06:55","slug":"abreviacoes-e-siglas","status":"publish","type":"page","link":"https:\/\/sites.uel.br\/pdi\/abreviacoes-e-siglas\/","title":{"rendered":"Abrevia\u00e7\u00f5es e Siglas"},"content":{"rendered":"\n<p class=\"has-white-color has-text-color\">.<\/p>\n\n\n\n<p>Academia Brasileira de Arte (ABRA);<\/p>\n\n\n\n<p>\u00c1cido Desoxirribonucleico (DNA);<\/p>\n\n\n\n<p>\u00c1cido Ribonucleico (RNA);<\/p>\n\n\n\n<p>Advances in Nursing and Health (ANH);<\/p>\n\n\n\n<p>Ag\u00eancia de Inova\u00e7\u00e3o Tecnol\u00f3gica (AINTEC);<\/p>\n\n\n\n<p>Ag\u00eancia Nacional de Vigil\u00e2ncia Sanit\u00e1ria (ANVISA);<\/p>\n\n\n\n<p>Ag\u00eancias para o Desenvolvimento Regional Sustent\u00e1vel e Inova\u00e7\u00e3o do Paran\u00e1 (AGEUNI);<\/p>\n\n\n\n<p>Ambulat\u00f3rio de Especialidades do Hospital Universit\u00e1rio (AEHU);<\/p>\n\n\n\n<p>Ambulat\u00f3rio do Hospital de Cl\u00ednicas (AHC);<\/p>\n\n\n\n<p>Assembleia Legislativa do Paran\u00e1 (ALEP);<\/p>\n\n\n\n<p>Assessoria da Corregedoria Setorial (ACS);<\/p>\n\n\n\n<p>Assessoria da Transpar\u00eancia e Controle Social (ATCS);<\/p>\n\n\n\n<p>Assessoria de Auditoria Interna (AAI);<\/p>\n\n\n\n<p>Assessoria de Controle Interno (ACI);<\/p>\n\n\n\n<p>Assessoria de Rela\u00e7\u00f5es Internacionais (ARI);<\/p>\n\n\n\n<p>Assessoria de Rela\u00e7\u00f5es Internacionais (ARI);<\/p>\n\n\n\n<p>Assessoria de Tecnologia de Informa\u00e7\u00e3o (ATI);<\/p>\n\n\n\n<p>Assessoria Pedag\u00f3gica para o Ensino de L\u00ednguas (NAP);<\/p>\n\n\n\n<p>Associa\u00e7\u00e3o Comercial e Industrial de Londrina (ACIL);<\/p>\n\n\n\n<p>Associa\u00e7\u00e3o dos Amigos do Museu (ASAM);<\/p>\n\n\n\n<p>Associa\u00e7\u00e3o dos Docentes da UEL (ADUEL);<\/p>\n\n\n\n<p>Associa\u00e7\u00e3o dos Docentes do Hospital Universit\u00e1rio da UEL (ADHUEL);<\/p>\n\n\n\n<p>Associa\u00e7\u00e3o dos Munic\u00edpios do M\u00e9dio Paranapanema (AMEPAR);<\/p>\n\n\n\n<p>Associa\u00e7\u00e3o M\u00e9dica de Londrina (AML);<\/p>\n\n\n\n<p>Associa\u00e7\u00e3o Sedentl\u00e9tica de Comunica\u00e7\u00e3o Waldyr Gutierry Fortes (ASCOF);<\/p>\n\n\n\n<p>Atividade Acad\u00eamica Complementar (AAC);<\/p>\n\n\n\n<p>Atividades Acad\u00eamicas de Extens\u00e3o (AEX);<\/p>\n\n\n\n<p>Avalia\u00e7\u00e3o das Condi\u00e7\u00f5es de Ensino (ACE);<\/p>\n\n\n\n<p>Banco Nacional da Habita\u00e7\u00e3o (BNH);<\/p>\n\n\n\n<p>Biblioteca Central (BC);<\/p>\n\n\n\n<p>Biblioteca Setorial de Ci\u00eancias Humanas (BS\/CH);<\/p>\n\n\n\n<p>Biblioteca Setorial do Centro de Ci\u00eancias da Sa\u00fade (BS\/CCS);<\/p>\n\n\n\n<p>Biblioteca Setorial do Escrit\u00f3rio de Aplica\u00e7\u00e3o de Assuntos Jur\u00eddicos (BS\/EAAJ);<\/p>\n\n\n\n<p>Cadastro de Pessoa F\u00edsica (CPF);<\/p>\n\n\n\n<p>Calor\u00edmetro Diferencial de Varredura (DSC);<\/p>\n\n\n\n<p>Central Multiusu\u00e1ria de Laborat\u00f3rios de Pesquisa (CMLP);<\/p>\n\n\n\n<p>Central Multiusu\u00e1ria de Laborat\u00f3rios de Pesquisa (CMLP);<\/p>\n\n\n\n<p>Central \u00fanica dos Trabalhadores (CUT);<\/p>\n\n\n\n<p>Centro Acad\u00eamico de Administra\u00e7\u00e3o (CAAD):<\/p>\n\n\n\n<p>Centro Acad\u00eamico de Engenharia El\u00e9trica (CAEL);<\/p>\n\n\n\n<p>Centro Acad\u00eamico de Matem\u00e1tica UEL (CAMAT-UEL);<\/p>\n\n\n\n<p>Centro Acad\u00eamico de Servi\u00e7o Social (CASS UEL);<\/p>\n\n\n\n<p>Centro Acad\u00eamico do Curso de Arquitetura e Urbanismo (CACAU);<\/p>\n\n\n\n<p>Centro Acad\u00eamico do Curso de Zootecnia (CAZOO);<\/p>\n\n\n\n<p>Centro Acad\u00eamico Saburo Morimoto (CASM);<\/p>\n\n\n\n<p>Centro de Ci\u00eancias Agr\u00e1rias (CCA);<\/p>\n\n\n\n<p>Centro de Ci\u00eancias Biol\u00f3gicas (CCB);<\/p>\n\n\n\n<p>Centro de Ci\u00eancias da Sa\u00fade (CCS);<\/p>\n\n\n\n<p>Centro de Ci\u00eancias Exatas (CCE);<\/p>\n\n\n\n<p>Centro de Documenta\u00e7\u00e3o e Pesquisa Hist\u00f3rica (CDPH);<\/p>\n\n\n\n<p>Centro de Educa\u00e7\u00e3o F\u00edsica e Esportes (CEFE);<\/p>\n\n\n\n<p>Centro de Educa\u00e7\u00e3o, Comunica\u00e7\u00e3o e Artes (CECA);<\/p>\n\n\n\n<p>Centro de Especialidades Odontol\u00f3gicas (CEO);<\/p>\n\n\n\n<p>Centro de Estudos de Cultura Contempor\u00e2nea (CEDEC);<\/p>\n\n\n\n<p>Centro de Estudos Sociais Aplicados (CESA);<\/p>\n\n\n\n<p>Centro de Letras e Ci\u00eancias Humanas (CLCH);<\/p>\n\n\n\n<p>Centro de Tecnologia e Urbanismo (CTU);<\/p>\n\n\n\n<p>Centros Judici\u00e1rios de Solu\u00e7\u00e3o de Conflitos e Cidadania (CEJUSCs);<\/p>\n\n\n\n<p>Classifica\u00e7\u00e3o Decimal Universal (CDU);<\/p>\n\n\n\n<p>Classifica\u00e7\u00e3o Internacional da Doen\u00e7a (CID);<\/p>\n\n\n\n<p>Classifica\u00e7\u00e3o Internacional da Doen\u00e7a (CID);<\/p>\n\n\n\n<p>Cl\u00ednica Odontol\u00f3gica Universit\u00e1ria (COU);<\/p>\n\n\n\n<p>Colegiado Gestor de Pol\u00edtica Institucional de Forma\u00e7\u00e3o Inicial e Continuada de Professores (COGEPP);<\/p>\n\n\n\n<p>Comiss\u00e3o de Acompanhamento e Avalia\u00e7\u00e3o dos Estudantes em Priva\u00e7\u00e3o de Liberdade (CAAEPL-UEL);<\/p>\n\n\n\n<p>Comiss\u00e3o de Avalia\u00e7\u00e3o Docente (CAD);<\/p>\n\n\n\n<p>Comiss\u00e3o de Avalia\u00e7\u00e3o Institucional (CAI):<\/p>\n\n\n\n<p>Comiss\u00e3o Estadual de Avalia\u00e7\u00e3o (CEA);<\/p>\n\n\n\n<p>Comiss\u00e3o Permanente de Avalia\u00e7\u00e3o (CPA);<\/p>\n\n\n\n<p>Comiss\u00e3o Permanente de Avalia\u00e7\u00e3o Institucional (COPAI);<\/p>\n\n\n\n<p>Comiss\u00e3o Permanente de Sele\u00e7\u00e3o (COPESE);<\/p>\n\n\n\n<p>Comiss\u00e3o Pr\u00f3pria de Avalia\u00e7\u00e3o (CPA);<\/p>\n\n\n\n<p>Comiss\u00e3o Universidade para \u00cdndios (CUIA);<\/p>\n\n\n\n<p>Comit\u00eas de Programa de Inicia\u00e7\u00e3o Cient\u00edfica (PROIC);<\/p>\n\n\n\n<p>Companhia de Tecnologia da Informa\u00e7\u00e3o e Comunica\u00e7\u00e3o do Paran\u00e1 (CELEPAR);<\/p>\n\n\n\n<p>Comunidade Europeia (CE);<\/p>\n\n\n\n<p>Conselho de Administra\u00e7\u00e3o (CA);<\/p>\n\n\n\n<p>Conselho de Ensino, Pesquisa e Extens\u00e3o (CEPE);<\/p>\n\n\n\n<p>Conselho de Reitores das Universidades Brasileiras (CRUB);<\/p>\n\n\n\n<p>Conselho de Reitores das Universidades P\u00fablicas Estaduais (CRUEP);<\/p>\n\n\n\n<p>Conselho Nacional de Desenvolvimento Cient\u00edfico e Tecnol\u00f3gico (CNPq);<\/p>\n\n\n\n<p>Conselho Regional de Medicina (CRM);<\/p>\n\n\n\n<p>Consolida\u00e7\u00e3o das Leis do Trabalho (CLT);<\/p>\n\n\n\n<p>Constitui\u00e7\u00e3o Federal (CF);<\/p>\n\n\n\n<p>Consultoria e Assist\u00eancia Zoot\u00e9cnica (CATECz);<\/p>\n\n\n\n<p>Consultoria e Solu\u00e7\u00f5es em Agronomia Jr. (CONSOAGRO);<\/p>\n\n\n\n<p>Controladoria Geral do Estado do Paran\u00e1 (CGE\/PR);<\/p>\n\n\n\n<p>Coordena\u00e7\u00e3o de Aperfei\u00e7oamento de Pessoal de N\u00edvel Superior&nbsp;(CAPES);<\/p>\n\n\n\n<p>Coordenadoria de Comunica\u00e7\u00e3o (COM);&nbsp;<\/p>\n\n\n\n<p>Coordenadoria de Extens\u00e3o \u00e0 Comunidade (CEC);<\/p>\n\n\n\n<p>Coordenadoria de Pesquisa e P\u00f3s-Gradua\u00e7\u00e3o (CPG);<\/p>\n\n\n\n<p>Coordenadoria de Processos Seletivos (COPS);<\/p>\n\n\n\n<p>Coordenadoria de Recursos Humanos (CRH);<\/p>\n\n\n\n<p>Coordenadoria de Sa\u00fade e Servi\u00e7o Social (COSASS);<\/p>\n\n\n\n<p>Decib\u00e9is (dB);<\/p>\n\n\n\n<p>Departamento de Patologia, An\u00e1lises Cl\u00ednicas e Toxicol\u00f3gicas (PAC);<\/p>\n\n\n\n<p>Departamento de Psicologia Geral e An\u00e1lise do Comportamento (PGAC);<\/p>\n\n\n\n<p>Diretoria de Avalia\u00e7\u00e3o e Informa\u00e7\u00e3o Institucional (DAII);<\/p>\n\n\n\n<p>Diretoria de Bem-Estar \u00e0 Comunidade (DIBEC);<\/p>\n\n\n\n<p>Diretoria de Sa\u00fade e Servi\u00e7o Socia (DISASS);<\/p>\n\n\n\n<p>Diretrizes Curriculares Nacionais para os Cursos de Gradua\u00e7\u00e3o em Psicologia (DCCP);<\/p>\n\n\n\n<p>Divis\u00e3o de Artes C\u00eanicas (DAC);&nbsp;<\/p>\n\n\n\n<p>Divis\u00e3o de Artes Pl\u00e1sticas (DAP);<\/p>\n\n\n\n<p>Divis\u00e3o de Assist\u00eancia \u00e0 Sa\u00fade da Comunidade (DASC);<\/p>\n\n\n\n<p>Divis\u00e3o de Cinema e V\u00eddeo da Casa de Cultura da UEL (DCV);<\/p>\n\n\n\n<p>Divis\u00e3o de Pronto Socorro (PS);<\/p>\n\n\n\n<p>Divis\u00e3o e Assist\u00eancia \u00e0 Sa\u00fade da Comunidade (DASC);<\/p>\n\n\n\n<p>Editora da Universidade Estadual de Londrina (EDUEL);<\/p>\n\n\n\n<p>Empresa Brasileira de Pesquisa Agron\u00f4mica (Embrapa);<\/p>\n\n\n\n<p>Empresa J\u00fanior de Engenharia Civil e Arquitetura (TCP);<\/p>\n\n\n\n<p>Empresa J\u00fanior de Engenharia El\u00e9trica (3E UEL);<\/p>\n\n\n\n<p>Encontro Anual de Inicia\u00e7\u00e3o Cient\u00edfica (EAIC);<\/p>\n\n\n\n<p>Ensemble Universit\u00e1rio De M\u00fasica Antiga (NEUMA);<\/p>\n\n\n\n<p>Escrit\u00f3rio de Aplica\u00e7\u00e3o de Assuntos Jur\u00eddicos (EAAJ);<\/p>\n\n\n\n<p>Escrit\u00f3rio de Apoio ao Pesquisador (EAPq);<\/p>\n\n\n\n<p>Escrit\u00f3rio de Design (EDN);<\/p>\n\n\n\n<p>Escrit\u00f3rio de Propriedade Intelectual (EPI);<\/p>\n\n\n\n<p>Escrit\u00f3rio de Transfer\u00eancia de Tecnologia (ETT);<\/p>\n\n\n\n<p>Espectr\u00f4metro de Absor\u00e7\u00e3o At\u00f4mica (AAS);<\/p>\n\n\n\n<p>Estrutura Anal\u00edtica do Projeto (EAP);<\/p>\n\n\n\n<p>Exame Nacional de Cursos (ENC);<\/p>\n\n\n\n<p>Exame Nacional de Desempenho dos Estudantes (ENADE);<\/p>\n\n\n\n<p>Faculdade Estadual de Ci\u00eancias Econ\u00f4micas de Apucarana (FECEA);<\/p>\n\n\n\n<p>Faculdade Estadual de Filosofia, Ci\u00eancias e Letras de Londrina (FAFILO);<\/p>\n\n\n\n<p>Faculdade Estadual de Londrina (FEOL);<\/p>\n\n\n\n<p>Federa\u00e7\u00e3o Brasileira dos Ge\u00f3logos (FEBRAGEO);<\/p>\n\n\n\n<p>Festival Internacional de Londrina (FILO);<\/p>\n\n\n\n<p>Festival Internacional de M\u00fasica de Londrina (FML);<\/p>\n\n\n\n<p>Financiadora de Estudos e Projetos (FINEP);<\/p>\n\n\n\n<p>Fourier Transform Infrared Spectrometer (FTIR);<\/p>\n\n\n\n<p>Frequ\u00eancia Ultra Alta (UHF);<\/p>\n\n\n\n<p>Fun\u00e7\u00f5es P\u00fablicas de Interesse Comum (FPICs);<\/p>\n\n\n\n<p>Funda\u00e7\u00e3o de Amparo \u00e0 Pesquisa de S\u00e3o Paulo (FAPESP);<\/p>\n\n\n\n<p>Funda\u00e7\u00e3o de Ensino Superior de Londrina (FESULON);<\/p>\n\n\n\n<p>Funda\u00e7\u00e3o Educacional Paranaense de Londrina (FEPAL);<\/p>\n\n\n\n<p>Funda\u00e7\u00e3o Interuniversit\u00e1ria de Estudos e Pesquisas sobre o Trabalho (UNITRABALHO);<\/p>\n\n\n\n<p>Funda\u00e7\u00e3o Nacional do \u00cdndio (FUNAI);<\/p>\n\n\n\n<p>Gratifica\u00e7\u00e3o de Atividade Art\u00edstica (GAA);<\/p>\n\n\n\n<p>Gratifica\u00e7\u00e3o de Atividade de Sa\u00fade (GAS);<\/p>\n\n\n\n<p>Gratifica\u00e7\u00e3o de Plant\u00e3o de Sobreaviso (GPS);<\/p>\n\n\n\n<p>Gratifica\u00e7\u00e3o de responsabilidade Acad\u00eamica (GRA);<\/p>\n\n\n\n<p>Gratifica\u00e7\u00e3o de Seguran\u00e7a Patrimonial (GSP);<\/p>\n\n\n\n<p>Grupo de Comunica\u00e7\u00e3o&nbsp;&#8211;&nbsp;Grupo Paulo Pimentel&nbsp;(GPP);<\/p>\n\n\n\n<p>Grupo de Estudos de Pr\u00e1ticas em Ensino da Universidade Estadual de Londrina (GEPE-UEL);<\/p>\n\n\n\n<p>Grupo Gestor do Fundo de Apoio ao Ensino, \u00e0 Pesquisa e \u00e0 Extens\u00e3o (FAEPE\/UEL);<\/p>\n\n\n\n<p>Hemorrede P\u00fablica do Paran\u00e1 (HEMEPAR);<\/p>\n\n\n\n<p>Hertz (Hz);<\/p>\n\n\n\n<p>Hospital das Cl\u00ednicas (HC);<\/p>\n\n\n\n<p>Hospital Universit\u00e1rio (HU);<\/p>\n\n\n\n<p>Hospital Veterin\u00e1rio (HV);<\/p>\n\n\n\n<p>Identificador de Objeto Digital (DOI);<\/p>\n\n\n\n<p>Incubadora Internacional de Empresas de Base Tecnol\u00f3gica da UEL (INTUEL);<\/p>\n\n\n\n<p>Incubadora Tecnol\u00f3gica de Empreendimentos Sociais Sustentados (INTES-UEL);<\/p>\n\n\n\n<p>Inicia\u00e7\u00e3o Cient\u00edfica (IC);<\/p>\n\n\n\n<p>Institui\u00e7\u00e3o Cient\u00edfica, Tecnol\u00f3gica e de Inova\u00e7\u00e3o (ICT);<\/p>\n\n\n\n<p>Institui\u00e7\u00f5es de Ensino Superior (IES);<\/p>\n\n\n\n<p>Institui\u00e7\u00f5es Estaduais de Ensino Superior (IEES);<\/p>\n\n\n\n<p>Instituto Agron\u00f4mico do Paran\u00e1 (IAPAR);<\/p>\n\n\n\n<p>Instituto Brasileiro de Geografia e Estat\u00edstica (IBGE);<\/p>\n\n\n\n<p>Instituto Brasileiro do Caf\u00e9 (IBC);<\/p>\n\n\n\n<p>Instituto de Pesquisa em Alimentos (IPA);<\/p>\n\n\n\n<p>Instituto de Refer\u00eancia em Ci\u00eancias Humanas (IRCH);<\/p>\n\n\n\n<p>Instituto Federal do Paran\u00e1 (IFPR);<\/p>\n\n\n\n<p>Instituto Nacional de estudos e Pesquisas Educacionais do Minist\u00e9rio da Educa\u00e7\u00e3o (INEP\/MEC);<\/p>\n\n\n\n<p>Instituto Nacional de Propriedade Industrial (INPI);<\/p>\n\n\n\n<p>Invent\u00e1rio e Prote\u00e7\u00e3o do Acervo Cultural de Londrina (IPCA\/LDA);<\/p>\n\n\n\n<p>Laborat\u00f3rio Central do Estado do Paran\u00e1 (LACEN);<\/p>\n\n\n\n<p>Laborat\u00f3rio de An\u00e1lise de Materiais e Mol\u00e9culas (LAMM);<\/p>\n\n\n\n<p>Laborat\u00f3rio de An\u00e1lises Cl\u00ednicas (LAC);<\/p>\n\n\n\n<p>Laborat\u00f3rio de An\u00e1lises por Raio X (LARX);<\/p>\n\n\n\n<p>Laborat\u00f3rio de Apoio \u00e0 Pesquisa Agropecu\u00e1ria (LAPA);<\/p>\n\n\n\n<p>Laborat\u00f3rio de Difra\u00e7\u00e3o e Espalhamento de Raios-X (Lab DRX);<\/p>\n\n\n\n<p>Laborat\u00f3rio de Espectrologia (ESPEC);<\/p>\n\n\n\n<p>Laborat\u00f3rio de Espectroscopia (ESPEC);<\/p>\n\n\n\n<p>Laborat\u00f3rio de Fluoresc\u00eancias de Raios X (Lab FRX);<\/p>\n\n\n\n<p>Laborat\u00f3rio de Microscopia Eletr\u00f4nica e Microan\u00e1lise (LMEM);<\/p>\n\n\n\n<p>Laborat\u00f3rio de Pesquisa em Ci\u00eancias Humanas (LAPECH);<\/p>\n\n\n\n<p>Laborat\u00f3rio de Tecnologia Educacional (LABTED);<\/p>\n\n\n\n<p>Laborat\u00f3rio Escola de P\u00f3s-Gradua\u00e7\u00e3o (LABESC);<\/p>\n\n\n\n<p>Laborat\u00f3rio Imagens, Paisagem e Personagens (IMAP&amp;P);<\/p>\n\n\n\n<p>Lei de Diretrizes e Bases da Educa\u00e7\u00e3o (LDB);<\/p>\n\n\n\n<p>Lei de Diretrizes Or\u00e7ament\u00e1rias (LDO);<\/p>\n\n\n\n<p>Lei Geral das Universidades (LGU);<\/p>\n\n\n\n<p>Lei Or\u00e7ament\u00e1ria Anual (LOA);<\/p>\n\n\n\n<p>Liga Acad\u00eamica de Cardiologia (LACard);<\/p>\n\n\n\n<p>Liga Acad\u00eamica de Cl\u00ednica Cir\u00fargica (LACC);<\/p>\n\n\n\n<p>Liga Acad\u00eamica de Cl\u00ednica M\u00e9dica (LACM);<\/p>\n\n\n\n<p>Liga Acad\u00eamica de do Trauma (LAT);<\/p>\n\n\n\n<p>Liga Acad\u00eamica de Enfermagem em Cuidados Intensivos (LAECI);<\/p>\n\n\n\n<p>Liga Acad\u00eamica de Enfermagem Perioperat\u00f3ria (LAEP);<\/p>\n\n\n\n<p>Liga Acad\u00eamica de Infectologia (LAI);<\/p>\n\n\n\n<p>Liga Acad\u00eamica de Neurologia UEL (LANE);<\/p>\n\n\n\n<p>Liga Acad\u00eamica de Oncologia (LAOnc);<\/p>\n\n\n\n<p>Liga Acad\u00eamica de Pediatria (LAPED);<\/p>\n\n\n\n<p>Liga Acad\u00eamica de Sa\u00fade da Fam\u00edlia e Comunidade (LASF);<\/p>\n\n\n\n<p>Liga Acad\u00eamica de Sa\u00fade da Mulher (LASM);<\/p>\n\n\n\n<p>Liga Acad\u00eamica de Sa\u00fade das Popula\u00e7\u00f5es Negligenciadas (LASPN);<\/p>\n\n\n\n<p>Liga Acad\u00eamica de Sa\u00fade Mental (LASMEN)<\/p>\n\n\n\n<p>Liga Acad\u00eamica de Seguran\u00e7a da Assist\u00eancia ao Paciente (LASAP);<\/p>\n\n\n\n<p>Liga Acad\u00eamica de Seguran\u00e7a de Enfermagem Forense (LAENFOR);<\/p>\n\n\n\n<p>Liga Acad\u00eamica Interprofissional de Neonatologia e Sa\u00fade da Crian\u00e7a (LAINSC);<\/p>\n\n\n\n<p>Liga Acad\u00eamica Multiprofissional de Cuidados Paliativos (LAMCP);<\/p>\n\n\n\n<p><em>Light Emitting Diode<\/em>\/ Diodo Emissor de Luz (LED);<\/p>\n\n\n\n<p>Metr\u00f3pole Linear Norte do Paran\u00e1 (Metronor);<\/p>\n\n\n\n<p>Microan\u00e1lise (LMEM);<\/p>\n\n\n\n<p>Microscopia de For\u00e7a At\u00f4mica (AFM);<\/p>\n\n\n\n<p>Microtomografia Computadorizada de Raios X (Lab uTM);<\/p>\n\n\n\n<p>Minist\u00e9rio da Ci\u00eancia, Tecnologia e Inova\u00e7\u00e3o (MCTI);<\/p>\n\n\n\n<p>Minist\u00e9rio da Educa\u00e7\u00e3o (MEC);<\/p>\n\n\n\n<p>M\u00fasica Popular Brasileira (MPB);<\/p>\n\n\n\n<p>N\u00facleo de Acessibilidade (NAC);<\/p>\n\n\n\n<p>N\u00facleo de Bem-estar \u00e0 Comunidade (NUBEC);<\/p>\n\n\n\n<p>N\u00facleo de Cultura Japonesa (NECJ);<\/p>\n\n\n\n<p>N\u00facleo de Documenta\u00e7\u00e3o e Pesquisa Hist\u00f3rica (NDPH);<\/p>\n\n\n\n<p>N\u00facleo de Estudos \u00e0 Dist\u00e2ncia (NEAD);<\/p>\n\n\n\n<p>N\u00facleo de Estudos Afro-Brasileiros (NEAB);<\/p>\n\n\n\n<p>N\u00facleo de Estudos da Cultura Japonesa (NECJ);<\/p>\n\n\n\n<p>N\u00facleo de Inova\u00e7\u00e3o Tecnol\u00f3gica da Universidade Estadual de Londrina (NIT);<\/p>\n\n\n\n<p>N\u00facleos de Inova\u00e7\u00e3o Tecnol\u00f3gica (NITs);<\/p>\n\n\n\n<p>N\u00facleos Docentes Estruturantes (NDE);<\/p>\n\n\n\n<p>O Conselho Universit\u00e1rio (CU);<\/p>\n\n\n\n<p>Open Journal System (OJS);<\/p>\n\n\n\n<p>Open Researcher and Contributor ID (ORCiD);<\/p>\n\n\n\n<p>Orquestra Barroca Capriccio Stravagamte (OBCS);<\/p>\n\n\n\n<p>Orquestra Sinf\u00f4nica da UEL (OSUEL);<\/p>\n\n\n\n<p>Plano de Desenvolvimento Institucional (PDI);<\/p>\n\n\n\n<p>Plano de Desenvolvimento Urbano e Regional (PDUR);<\/p>\n\n\n\n<p>Plano de Desenvolvimento Urbano Integrado (PDUI);<\/p>\n\n\n\n<p>Plano de Gerenciamento do Projeto (PGP);<\/p>\n\n\n\n<p>Plano Plurianual (PPA);<\/p>\n\n\n\n<p>Pol\u00edcia Militar (PM);<\/p>\n\n\n\n<p>Pol\u00edtica de Desenvolvimento de Cole\u00e7\u00f5es (PDC);<\/p>\n\n\n\n<p>Pontif\u00edcia Universidade Cat\u00f3lica (PUC);<\/p>\n\n\n\n<p>Prefeitura do Campus Universit\u00e1rio (PCU);<\/p>\n\n\n\n<p>Procedimentos Operacionais Padr\u00e3o (POP);<\/p>\n\n\n\n<p>Procuradoria Geral da Universidade (PGU);<\/p>\n\n\n\n<p>Procuradoria Jur\u00eddica (PJU);<\/p>\n\n\n\n<p>Programa Ageune (Ag\u00eancias para o Desenvolvimento Sustent\u00e1vel e Inova\u00e7\u00e3o do Paran\u00e1);<\/p>\n\n\n\n<p>Programa de Apoio ao Acesso e Perman\u00eancia e Forma\u00e7\u00e3o do Estudante (PROPE);<\/p>\n\n\n\n<p>Programa de Avalia\u00e7\u00e3o Curricular (PAC);<\/p>\n\n\n\n<p>Programa de Inicia\u00e7\u00e3o em Desenvolvimento Tecnol\u00f3gico e Inova\u00e7\u00e3o (PROITI);<\/p>\n\n\n\n<p>Programa Institucional de Apoio \u00e0 Inclus\u00e3o Social Pesquisa e Extens\u00e3o Universidade (PIBIS);<\/p>\n\n\n\n<p>Programa Nacional de Forma\u00e7\u00e3o de Professores da Educa\u00e7\u00e3o B\u00e1sica (PARFOR);<\/p>\n\n\n\n<p>Programa Nacional de Incubadoras de Cooperativas Populares (PRONINC);<\/p>\n\n\n\n<p>Programas de Inicia\u00e7\u00e3o Cient\u00edfica (PROIC);<\/p>\n\n\n\n<p>Projeto de Avalia\u00e7\u00e3o Institucional das Universidades Brasileiras (PAIUB);<\/p>\n\n\n\n<p>Projeto Pedag\u00f3gico (PP);<\/p>\n\n\n\n<p>Projeto Pedag\u00f3gico do Curso (PPC);<\/p>\n\n\n\n<p>Projeto Pedag\u00f3gico Institucional (PPI);<\/p>\n\n\n\n<p>Pronto Atendimento Infantil (PAI);<\/p>\n\n\n\n<p>Pr\u00f3-Reitoria de Administra\u00e7\u00e3o e Finan\u00e7as (PROAF);<\/p>\n\n\n\n<p>Pr\u00f3-Reitoria de Extens\u00e3o, Cultura e Sociedade (PROEX);&nbsp;<\/p>\n\n\n\n<p>Pr\u00f3-Reitoria de Gradua\u00e7\u00e3o (PROGRAD);&nbsp;<\/p>\n\n\n\n<p>Pr\u00f3-Reitoria de Pesquisa e P\u00f3s-Gradua\u00e7\u00e3o (PROPPG);<\/p>\n\n\n\n<p>Pr\u00f3-Reitoria de Planejamento (PROPLAN);&nbsp;<\/p>\n\n\n\n<p>Pr\u00f3-Reitoria de Recursos Humanos (PRORH);<\/p>\n\n\n\n<p>Psicologia e Psican\u00e1lise (PPSIC);<\/p>\n\n\n\n<p>Psicologia Social e Institucional (PSI);<\/p>\n\n\n\n<p>Quacquarelli Symonds (QS);<\/p>\n\n\n\n<p>R\u00e1dio da UEL (UEL FM);<\/p>\n\n\n\n<p>Rea\u00e7\u00e3o em Cadeia da Polimerase por Transcriptase Reversa (RT-PCR);<\/p>\n\n\n\n<p>Rede Nacional de Ensino e Pesquisa (RNP);<\/p>\n\n\n\n<p>Redes Comunit\u00e1rias de Educa\u00e7\u00e3o e Pesquisa (REDECOMEP);<\/p>\n\n\n\n<p>Redes de Computadores (ORION);<\/p>\n\n\n\n<p>Redes e M\u00eddias Digitais (REMID);<\/p>\n\n\n\n<p>Regi\u00e3o Metropolitana (RM);<\/p>\n\n\n\n<p>Regi\u00e3o Metropolitana de Londrina (RML);<\/p>\n\n\n\n<p>Regime de Plant\u00e3o de Sobreaviso (RPS);<\/p>\n\n\n\n<p>Regime de Trabalho em Turnos (RTT);<\/p>\n\n\n\n<p>Registro Geral (RG);<\/p>\n\n\n\n<p>Resson\u00e2ncia Magn\u00e9tica Nuclear (RMN);<\/p>\n\n\n\n<p>Retransmissora da TV Educativa (RTVEW);<\/p>\n\n\n\n<p>Se\u00e7\u00e3o de M\u00fasica Instrumental (SMI);<\/p>\n\n\n\n<p>Se\u00e7\u00e3o de M\u00fasica Vocal (SMV);<\/p>\n\n\n\n<p>Secretaria de Estado da Administra\u00e7\u00e3o e Previd\u00eancias (SEAP);<\/p>\n\n\n\n<p>Secretaria do Estado da Sa\u00fade (SESA);<\/p>\n\n\n\n<p>Secretaria Geral dos \u00d3rg\u00e3os Colegiados Superiores (SGOCS);<\/p>\n\n\n\n<p>Secutirtuy Management and Quantification Research Group (SEC-MQ);<\/p>\n\n\n\n<p>Servi\u00e7o Brasileiro de Apoio \u00e0s Micro e Pequenas Empresas (SEBRAE);<\/p>\n\n\n\n<p>Servi\u00e7o de Bem-Estar \u00e0 Comunidade (SEBEC);<\/p>\n\n\n\n<p>Servi\u00e7o de Medicina Laboratorial de Urg\u00eancia Pedi\u00e1trica (PSILAB);<\/p>\n\n\n\n<p>Servi\u00e7o de Psicologia Aplicada (SPA);<\/p>\n\n\n\n<p>Servi\u00e7o Especializado em Engenharia de Seguran\u00e7a e Medicina do Trabalho (SESMT);<\/p>\n\n\n\n<p>Simp\u00f3sio Paranaense de Educa\u00e7\u00e3o Musical (SPEM);<\/p>\n\n\n\n<p>Sindicato dos Servidores P\u00fablicos T\u00e9cnicos Administrativos da Universidade Estadual de Londrina (ASSUEL);<\/p>\n\n\n\n<p>Sindicato Nacional dos Docentes das Institui\u00e7\u00f5es de Ensino Superior (ANDES);<\/p>\n\n\n\n<p>Sistema de Arquivos da UEL (SAUEL);<\/p>\n\n\n\n<p>Sistema de Bibliotecas da Universidade Estadual de Londrina (SB\/UEL);<\/p>\n\n\n\n<p>Sistema de Sele\u00e7\u00e3o Unificada do Minist\u00e9rio da Educa\u00e7\u00e3o (SISU);<\/p>\n\n\n\n<p>Sistema Eletr\u00f4nico de Informa\u00e7\u00e3o (SEI);<\/p>\n\n\n\n<p>Sistema Eletr\u00f4nico de Revistas (SEER);<\/p>\n\n\n\n<p>Sistema Nacional de Avalia\u00e7\u00e3o da Educa\u00e7\u00e3o do Ensino Superior (SINAES);<\/p>\n\n\n\n<p>Sistema Nacional de P\u00f3s-Gradua\u00e7\u00e3o (SNPG);<\/p>\n\n\n\n<p>Sistema \u00danico de Sa\u00fade (SUS);<\/p>\n\n\n\n<p>Sociedade Brasileira de Geologia (SBG);<\/p>\n\n\n\n<p>Sociedade Colonizadora do Brasil Ltda (BRATAC);<\/p>\n\n\n\n<p>Superintend\u00eancia Geral de Ensino Superior, Ci\u00eancia e Tecnologia (SETI);<\/p>\n\n\n\n<p>Supremo Tribunal Federal (STF);<\/p>\n\n\n\n<p>Tecnologia da Informa\u00e7\u00e3o (TI);<\/p>\n\n\n\n<p>Televis\u00e3o (TV);<\/p>\n\n\n\n<p>Termogravimetria (TG);<\/p>\n\n\n\n<p>Times Higher Education (THE);<\/p>\n\n\n\n<p>Trabalho de Conclus\u00e3o de Curso da P\u00f3s-gradua\u00e7\u00e3o (TCCPG);<\/p>\n\n\n\n<p>Trabalho de Tempo Integral e Dedica\u00e7\u00e3o Exclusiva (TIDE);<\/p>\n\n\n\n<p>Tribunal de Contas do Estado (TCE);<\/p>\n\n\n\n<p>Tribunal de Contas do Estado do Paran\u00e1 (TCE);<\/p>\n\n\n\n<p>Tribunal de Justi\u00e7a do Paran\u00e1 (TJPR);<\/p>\n\n\n\n<p>Tribunal Regional Federal (TRF).<\/p>\n\n\n\n<p>Tribunal Regional Federal da 4\u00aa Regi\u00e3o (TRF4);<\/p>\n\n\n\n<p>Ultraviolet\u2013visible (UV\u2013vis);<\/p>\n\n\n\n<p>Unidade de Pronto Atendimento (UPA);<\/p>\n\n\n\n<p>Unidade de Terapia Intensiva (UTI);<\/p>\n\n\n\n<p>Unidades B\u00e1sica de Sa\u00fade (UBS);<\/p>\n\n\n\n<p>Universidade de Mar\u00edlia (UNIMAR);<\/p>\n\n\n\n<p>Universidade de S\u00e3o Paulo (USP);<\/p>\n\n\n\n<p>Universidade do Vale do Rio dos Sinos (UNISINOS);<\/p>\n\n\n\n<p>Universidade Estadual de Campinas (UNICAMP);<\/p>\n\n\n\n<p>Universidade Estadual de Londrina (UEL);<\/p>\n\n\n\n<p>Universidade Estadual de Maring\u00e1 (UEM);<\/p>\n\n\n\n<p>Universidade Estadual de Ponta Grossa (UEPG);<\/p>\n\n\n\n<p>Universidade Estadual do Centro-Oeste (UNICENTRO);<\/p>\n\n\n\n<p>Universidade Estadual do Norte do Paran\u00e1 (UENP);<\/p>\n\n\n\n<p>Universidade Estadual do Paran\u00e1 (UNESPAR);<\/p>\n\n\n\n<p>Universidade Estadual Paulista (UNESP);<\/p>\n\n\n\n<p>Universidade Federal do Paran\u00e1 (UFPR);<\/p>\n\n\n\n<p>Universidade Tecnol\u00f3gica Federal do Paran\u00e1 (UTFPR);<\/p>\n","protected":false},"excerpt":{"rendered":"<p>. Academia Brasileira de Arte (ABRA); \u00c1cido Desoxirribonucleico (DNA); \u00c1cido Ribonucleico (RNA); Advances in Nursing and Health (ANH); Ag\u00eancia de Inova\u00e7\u00e3o Tecnol\u00f3gica (AINTEC); Ag\u00eancia Nacional de Vigil\u00e2ncia Sanit\u00e1ria (ANVISA); Ag\u00eancias para o Desenvolvimento Regional Sustent\u00e1vel e Inova\u00e7\u00e3o do Paran\u00e1 (AGEUNI); Ambulat\u00f3rio de Especialidades do Hospital Universit\u00e1rio (AEHU); Ambulat\u00f3rio do Hospital de Cl\u00ednicas (AHC); Assembleia Legislativa [&hellip;]<\/p>\n","protected":false},"author":8,"featured_media":0,"parent":0,"menu_order":0,"comment_status":"closed","ping_status":"closed","template":"","meta":{"footnotes":""},"class_list":["post-2106","page","type-page","status-publish","hentry"],"acf":[],"_links":{"self":[{"href":"https:\/\/sites.uel.br\/pdi\/wp-json\/wp\/v2\/pages\/2106","targetHints":{"allow":["GET"]}}],"collection":[{"href":"https:\/\/sites.uel.br\/pdi\/wp-json\/wp\/v2\/pages"}],"about":[{"href":"https:\/\/sites.uel.br\/pdi\/wp-json\/wp\/v2\/types\/page"}],"author":[{"embeddable":true,"href":"https:\/\/sites.uel.br\/pdi\/wp-json\/wp\/v2\/users\/8"}],"replies":[{"embeddable":true,"href":"https:\/\/sites.uel.br\/pdi\/wp-json\/wp\/v2\/comments?post=2106"}],"version-history":[{"count":2,"href":"https:\/\/sites.uel.br\/pdi\/wp-json\/wp\/v2\/pages\/2106\/revisions"}],"predecessor-version":[{"id":4108,"href":"https:\/\/sites.uel.br\/pdi\/wp-json\/wp\/v2\/pages\/2106\/revisions\/4108"}],"wp:attachment":[{"href":"https:\/\/sites.uel.br\/pdi\/wp-json\/wp\/v2\/media?parent=2106"}],"curies":[{"name":"wp","href":"https:\/\/api.w.org\/{rel}","templated":true}]}}