{"id":2050,"date":"2022-11-07T22:25:50","date_gmt":"2022-11-08T01:25:50","guid":{"rendered":"https:\/\/sites.uel.br\/pdi\/?page_id=2050"},"modified":"2022-11-07T22:25:50","modified_gmt":"2022-11-08T01:25:50","slug":"pos-graduacao-stricto-sensu-desligamento","status":"publish","type":"page","link":"https:\/\/sites.uel.br\/pdi\/pos-graduacao-stricto-sensu-desligamento\/","title":{"rendered":"P\u00f3s-Gradua\u00e7\u00e3o Stricto Sensu &#8211; Desligamento"},"content":{"rendered":"\n<p class=\"has-white-color has-text-color\">.<\/p>\n\n\n\n<p>O desligamento da P\u00f3s-Gradua\u00e7\u00e3o ocorrer\u00e1 por:<\/p>\n\n\n\n<ul class=\"wp-block-list\">\n<li>um semestre sem matr\u00edcula regular no Programa;<\/li>\n\n\n\n<li>n\u00e3o cumprimento dos prazos regimentais;<\/li>\n\n\n\n<li>abandono do Programa mediante comunicado do orientador ou Comiss\u00e3o Coordenadora do Programa;<\/li>\n\n\n\n<li>tr\u00eas reprova\u00e7\u00f5es em disciplinas;<\/li>\n\n\n\n<li>n\u00e3o comprova\u00e7\u00e3o de profici\u00eancia(s) em L\u00edngua(s) Estrangeira(s);<\/li>\n\n\n\n<li>reprova\u00e7\u00e3o em Exame de Qualifica\u00e7\u00e3o por duas vezes;<\/li>\n\n\n\n<li>reprova\u00e7\u00e3o na defesa de Mestrado ou Doutorado.<\/li>\n<\/ul>\n\n\n\n<p>O estudante regularmente matriculado e\/ou especial que plagiar artigo(s), cap\u00edtulo(s) de livro(s), na parte ou no todo, em disciplina(s) disserta\u00e7\u00e3o ou tese, dever\u00e1 ser reprovado.<\/p>\n\n\n\n<ul class=\"wp-block-list\">\n<li>O docente respons\u00e1vel pela disciplina e\/ou orienta\u00e7\u00e3o que comprovar o(s) pl\u00e1gio(s) dever\u00e1 imediatamente comunicar e encaminhar \u00e0 Coordena\u00e7\u00e3o do Programa os documentos plagiados para que esta tome as medidas cab\u00edveis.<\/li>\n\n\n\n<li>A Coordena\u00e7\u00e3o do Programa dever\u00e1 solicitar abertura de processo administrativo junto \u00e0s instancias superiores para apurar o(s) caso(s), de acordo com o Regime Geral da UEL.<\/li>\n<\/ul>\n\n\n\n<p class=\"has-text-align-center\">O texto est\u00e1 dispon\u00edvel na(s) seguinte(s) refer\u00eancia(s):&nbsp;<\/p>\n\n\n\n<p class=\"has-text-align-center\">REGIMENTO GERAL DA UEL, RESOLU\u00c7\u00c3O CEPE 033\/2014, RESOLU\u00c7\u00c3O CEPE 037\/2016<\/p>\n","protected":false},"excerpt":{"rendered":"<p>. O desligamento da P\u00f3s-Gradua\u00e7\u00e3o ocorrer\u00e1 por: O estudante regularmente matriculado e\/ou especial que plagiar artigo(s), cap\u00edtulo(s) de livro(s), na parte ou no todo, em disciplina(s) disserta\u00e7\u00e3o ou tese, dever\u00e1 ser reprovado. O texto est\u00e1 dispon\u00edvel na(s) seguinte(s) refer\u00eancia(s):&nbsp; REGIMENTO GERAL DA UEL, RESOLU\u00c7\u00c3O CEPE 033\/2014, RESOLU\u00c7\u00c3O CEPE 037\/2016<\/p>\n","protected":false},"author":8,"featured_media":0,"parent":0,"menu_order":0,"comment_status":"closed","ping_status":"closed","template":"","meta":{"footnotes":""},"class_list":["post-2050","page","type-page","status-publish","hentry"],"acf":[],"_links":{"self":[{"href":"https:\/\/sites.uel.br\/pdi\/wp-json\/wp\/v2\/pages\/2050","targetHints":{"allow":["GET"]}}],"collection":[{"href":"https:\/\/sites.uel.br\/pdi\/wp-json\/wp\/v2\/pages"}],"about":[{"href":"https:\/\/sites.uel.br\/pdi\/wp-json\/wp\/v2\/types\/page"}],"author":[{"embeddable":true,"href":"https:\/\/sites.uel.br\/pdi\/wp-json\/wp\/v2\/users\/8"}],"replies":[{"embeddable":true,"href":"https:\/\/sites.uel.br\/pdi\/wp-json\/wp\/v2\/comments?post=2050"}],"version-history":[{"count":1,"href":"https:\/\/sites.uel.br\/pdi\/wp-json\/wp\/v2\/pages\/2050\/revisions"}],"predecessor-version":[{"id":2051,"href":"https:\/\/sites.uel.br\/pdi\/wp-json\/wp\/v2\/pages\/2050\/revisions\/2051"}],"wp:attachment":[{"href":"https:\/\/sites.uel.br\/pdi\/wp-json\/wp\/v2\/media?parent=2050"}],"curies":[{"name":"wp","href":"https:\/\/api.w.org\/{rel}","templated":true}]}}